{"id":3493,"date":"2019-09-10T11:45:47","date_gmt":"2019-09-10T09:45:47","guid":{"rendered":"http:\/\/itsall-ciotechnology.com\/?page_id=3493"},"modified":"2021-01-11T14:31:23","modified_gmt":"2021-01-11T13:31:23","slug":"intervista-pagani-infor","status":"publish","type":"page","link":"https:\/\/itsall-ciotechnology.com\/index.php\/intervista-pagani-infor\/","title":{"rendered":"zintervista pagani infor"},"content":{"rendered":"<h2><span style=\"color: #ff0000;\"><strong><img loading=\"lazy\" decoding=\"async\" class=\"size-full wp-image-3428 alignleft\" src=\"http:\/\/itsall-ciotechnology.com\/wp-content\/uploads\/2019\/07\/PAGANI.jpg\" alt=\"\" width=\"200\" height=\"200\" srcset=\"https:\/\/itsall-ciotechnology.com\/wp-content\/uploads\/2019\/07\/PAGANI.jpg 200w, https:\/\/itsall-ciotechnology.com\/wp-content\/uploads\/2019\/07\/PAGANI-150x150.jpg 150w\" sizes=\"auto, (max-width: 200px) 100vw, 200px\" \/><\/strong><\/span><\/h2>\n<h2><\/h2>\n<p>&nbsp;<\/p>\n<h2><span style=\"color: #ff0000;\"><strong>Intervista a <\/strong><\/span><\/h2>\n<p><strong>Bruno Pagani <\/strong><em>Sales Director<\/em><strong> INFOR ITALIA<\/strong><\/p>\n<p><strong>\u00a0<\/strong><\/p>\n<p><strong>\u00a0<\/strong><\/p>\n<p>&nbsp;<\/p>\n<p>&nbsp;<\/p>\n<h2><span style=\"color: #ff0000;\"><strong>Nell\u2019era della Digital Transformation, anche l\u2019ERP deve trasformarsi e adattarsi ai nuovi tempi: come Infor aiuta le aziende in questo passaggio?<\/strong><\/span><\/h2>\n<p>L\u2019ERP continua a essere una tecnologia di primo piano per il percorso di trasformazione digitale delle aziende. L\u2019attenzione \u00e8 posta su dati e informazioni, laddove l\u2019ERP \u00e8 il punto dove convergono i dati aggiornati provenienti da ogni funzione aziendale ed \u00e8 quindi il fulcro principale dell\u2019azienda, ma deve avere caratteristiche nuove ed adattarsi ai nuovi tempi. Nell\u2019era digitale l\u2019ERP non deve pi\u00f9 essere un software monolitico che rimane in ufficio ma deve essere accessibile in \u201cMobile Mode\u201d e deve poter dialogare con altri software e sistemi. E\u2019 necessario che sia flessibile per adattarsi al ritmo dell\u2019evoluzione tecnologica e dei processi aziendali e per potersi ritrovare a bordo tutte le innovazioni, ad esempio in tema di Collaboration, IoT, Supply Chain e IA. Deve essere facilmente scalabile per adattarsi ai cambiamenti dell\u2019azienda e non troppo oneroso da mantenere.<\/p>\n<p>Le soluzioni ERP in Cloud sono la soluzione di oggi e di domani, senza dubbio.<\/p>\n<p>Infor ha portato tutte le sue applicazioni ad essere cloud-based, scegliendo come piattaforma AWS, leader nel mondo e garanzia di sicurezza e performance. Le soluzioni ERP, in particolare, sono disponibili in Cloud attraverso quelle che Infor chiama CloudSuites, ossia delle soluzioni verticali che si appoggiano sui nostri due sistemi ERP, uno rivolto al mercato \u201cDiscrete Manufacturing\u201d e l\u2019altro al \u201cProcess Manufacturing\u201d, che hanno nel loro standard capacit\u00e0 funzionali specifiche per il mercato a cui si rivolgono. Oltre all\u2019ERP, le CloudSuites includono altre nostre soluzioni applicative a seconda del settore verticale di riferimento e possono integrarsi con altri moduli applicativi Infor disponibili in Cloud, come ad esempio BI, EAM, SCM, CPQ, etc. Diamo quindi ai nostri clienti un\u2019ampia scelta di soluzioni verticali nel Cloud ma diamo anche la possibilit\u00e0 di integrare applicazioni Non-Infor e \u201cOn-Premise\u201d, realizzando ambienti ibridi per quei clienti che si avvicinano al Cloud ma hanno necessit\u00e0 di mantenere qualche sistema dipartimentale o proprietario.<\/p>\n<p><strong>\u00a0<\/strong><strong>\u00a0<\/strong><\/p>\n<h2><strong><span style=\"color: #ff0000;\">Come sta cambiando il modello di utilizzo delle soluzioni Cloud di Infor? <\/span><\/strong><\/h2>\n<p>Siamo arrivati finalmente, dopo qualche anno, ad avere soluzioni Multi-Tenant, quindi la stessa piattaforma \u00e8 sfruttata da pi\u00f9 clienti, e non pi\u00f9 soluzioni basate sul modello Single-Tenant che somigliava ancora molto al vecchio \u201cOutsourcing\u201d applicativo. Questa evoluzione permette chiaramente di controllare e ottimizzare al meglio i costi, la disponibilit\u00e0 di tutti gli ambienti e la sicurezza. Il Cloud Multi-Tenant permette anche ai clienti di dimenticarsi del concetto di migrazione, grazie alla fornitura di \u201cpatches\u201d che portano innovazione sia da un punto di vista tecnologico che funzionale e che vengono rilasciate da INFOR sulla piattaforma Cloud con frequenza di qualche mese e vengono automaticamente rese disponibili per tutti i nostri clienti. La piattaforma Cloud condivisa con altri clienti, diciamo quindi uno standard, non preclude comunque di mantenere delle personalizzazioni. Infor mette a disposizione dei Tools di \u201cExtensibility\u201d che permettono al cliente di effettuare personalizzazioni che possono essere poi portate sulle nuove versioni senza dover riscrivere una riga di codice.<\/p>\n<p>&nbsp;<\/p>\n<h2><strong><span style=\"color: #ff0000;\">In breve, qual \u00e8 la proposta di valore di Infor in Italia?<\/span><\/strong><\/h2>\n<p>I clienti devono poter adottare soluzioni ERP il pi\u00f9 possibile verticali per il proprio business e non soluzioni \u201cgeneraliste\u201d che poi devono essere personalizzate e finiscono per \u201cingessare\u201d le aziende e sottoporle a \u201cTotal Cost of Ownership\u201d inaccettabili.<\/p>\n<p>Per il mercato italiano, soprattutto nel mondo manifatturiero, Infor d\u00e0 ai clienti la possibilit\u00e0 di scegliere soluzioni ERP verticali che hanno gi\u00e0 nel loro standard le funzionalit\u00e0 base per l\u2019implementazione in quel mercato. Altro elemento fondamentale \u00e8 la disponibilit\u00e0 della piattaforma in Cloud Multi-Tenant che per il cliente significa potersi dimenticare di tutti i processi di migrazione tradizionali e di poter avere la soluzione ERP disponibile in tempi molti ridotti rispetto alle implementazioni \u201cOn-Premise\u201d, anche grazie a modelli di \u201cImplementation Accelerators\u201d, processi aziendali specifici per settore e costruiti secondo le migliori \u201cBest Practices\u201d dello stesso.<\/p>\n<p>Incontriamo ancora molte aziende che sono ferme all\u2019implementazione dell\u2019ERP che hanno fatto a cavallo dell\u2019anno 2000 e che rischiano di approcciare il progetto esattamente come hanno fatto 20 anni fa, ossia con personalizzazioni da riscrivere che poi rischiano di bloccare qualsiasi evoluzione per altri 15 anni. Il mondo sta evolvendo in modo talmente veloce con la Digital Transformation e l\u2019Intelligenza Artificiale che le aziende non possono permettersi di seguire la stessa logica e lo stesso approccio del passato, devono trovare una soluzione che possa essere aggiornata molto velocemente ed il Cloud \u00e8 l\u2019unica architettura che pu\u00f2 permettere questa flessibilit\u00e0 ed abilitarle a competere nel mondo globale del 21esimo secolo.<\/p>\n<p>&nbsp;<\/p>\n","protected":false},"excerpt":{"rendered":"<p>&nbsp; Intervista a Bruno Pagani Sales Director INFOR ITALIA \u00a0 \u00a0 &nbsp; &nbsp; Nell\u2019era della Digital Transformation, anche l\u2019ERP deve trasformarsi e adattarsi ai nuovi tempi: come Infor aiuta le aziende in questo passaggio? L\u2019ERP continua a essere una tecnologia di primo piano per il percorso di trasformazione digitale delle aziende. L\u2019attenzione \u00e8 posta su [&hellip;]<\/p>\n","protected":false},"author":2,"featured_media":0,"parent":0,"menu_order":0,"comment_status":"closed","ping_status":"closed","template":"","meta":{"footnotes":""},"class_list":["post-3493","page","type-page","status-publish","hentry"],"yoast_head":"<!-- This site is optimized with the Yoast SEO plugin v24.8.1 - https:\/\/yoast.com\/wordpress\/plugins\/seo\/ -->\n<title>zintervista pagani infor - It&#039;s all CIO &amp; Technology<\/title>\n<meta name=\"robots\" content=\"index, follow, max-snippet:-1, max-image-preview:large, max-video-preview:-1\" \/>\n<link rel=\"canonical\" href=\"https:\/\/itsall-ciotechnology.com\/index.php\/intervista-pagani-infor\/\" \/>\n<meta property=\"og:locale\" content=\"it_IT\" \/>\n<meta property=\"og:type\" content=\"article\" \/>\n<meta property=\"og:title\" content=\"zintervista pagani infor - It&#039;s all CIO &amp; Technology\" \/>\n<meta property=\"og:description\" content=\"&nbsp; Intervista a Bruno Pagani Sales Director INFOR ITALIA \u00a0 \u00a0 &nbsp; &nbsp; Nell\u2019era della Digital Transformation, anche l\u2019ERP deve trasformarsi e adattarsi ai nuovi tempi: come Infor aiuta le aziende in questo passaggio? L\u2019ERP continua a essere una tecnologia di primo piano per il percorso di trasformazione digitale delle aziende. L\u2019attenzione \u00e8 posta su [&hellip;]\" \/>\n<meta property=\"og:url\" content=\"https:\/\/itsall-ciotechnology.com\/index.php\/intervista-pagani-infor\/\" \/>\n<meta property=\"og:site_name\" content=\"It&#039;s all CIO &amp; Technology\" \/>\n<meta property=\"article:modified_time\" content=\"2021-01-11T13:31:23+00:00\" \/>\n<meta property=\"og:image\" content=\"https:\/\/itsall-ciotechnology.com\/wp-content\/uploads\/2019\/07\/PAGANI.jpg\" \/>\n\t<meta property=\"og:image:width\" content=\"200\" \/>\n\t<meta property=\"og:image:height\" content=\"200\" \/>\n\t<meta property=\"og:image:type\" content=\"image\/jpeg\" \/>\n<meta name=\"twitter:card\" content=\"summary_large_image\" \/>\n<meta name=\"twitter:label1\" content=\"Tempo di lettura stimato\" \/>\n\t<meta name=\"twitter:data1\" content=\"4 minuti\" \/>\n<script type=\"application\/ld+json\" class=\"yoast-schema-graph\">{\"@context\":\"https:\/\/schema.org\",\"@graph\":[{\"@type\":\"WebPage\",\"@id\":\"https:\/\/itsall-ciotechnology.com\/index.php\/intervista-pagani-infor\/\",\"url\":\"https:\/\/itsall-ciotechnology.com\/index.php\/intervista-pagani-infor\/\",\"name\":\"zintervista pagani infor - It&#039;s all CIO &amp; Technology\",\"isPartOf\":{\"@id\":\"https:\/\/itsall-ciotechnology.com\/#website\"},\"primaryImageOfPage\":{\"@id\":\"https:\/\/itsall-ciotechnology.com\/index.php\/intervista-pagani-infor\/#primaryimage\"},\"image\":{\"@id\":\"https:\/\/itsall-ciotechnology.com\/index.php\/intervista-pagani-infor\/#primaryimage\"},\"thumbnailUrl\":\"http:\/\/itsall-ciotechnology.com\/wp-content\/uploads\/2019\/07\/PAGANI.jpg\",\"datePublished\":\"2019-09-10T09:45:47+00:00\",\"dateModified\":\"2021-01-11T13:31:23+00:00\",\"breadcrumb\":{\"@id\":\"https:\/\/itsall-ciotechnology.com\/index.php\/intervista-pagani-infor\/#breadcrumb\"},\"inLanguage\":\"it-IT\",\"potentialAction\":[{\"@type\":\"ReadAction\",\"target\":[\"https:\/\/itsall-ciotechnology.com\/index.php\/intervista-pagani-infor\/\"]}]},{\"@type\":\"ImageObject\",\"inLanguage\":\"it-IT\",\"@id\":\"https:\/\/itsall-ciotechnology.com\/index.php\/intervista-pagani-infor\/#primaryimage\",\"url\":\"http:\/\/itsall-ciotechnology.com\/wp-content\/uploads\/2019\/07\/PAGANI.jpg\",\"contentUrl\":\"http:\/\/itsall-ciotechnology.com\/wp-content\/uploads\/2019\/07\/PAGANI.jpg\"},{\"@type\":\"BreadcrumbList\",\"@id\":\"https:\/\/itsall-ciotechnology.com\/index.php\/intervista-pagani-infor\/#breadcrumb\",\"itemListElement\":[{\"@type\":\"ListItem\",\"position\":1,\"name\":\"Home\",\"item\":\"https:\/\/itsall-ciotechnology.com\/\"},{\"@type\":\"ListItem\",\"position\":2,\"name\":\"zintervista pagani infor\"}]},{\"@type\":\"WebSite\",\"@id\":\"https:\/\/itsall-ciotechnology.com\/#website\",\"url\":\"https:\/\/itsall-ciotechnology.com\/\",\"name\":\"It&#039;s all CIO &amp; Technology\",\"description\":\"I BIG dell IT a confronto\",\"potentialAction\":[{\"@type\":\"SearchAction\",\"target\":{\"@type\":\"EntryPoint\",\"urlTemplate\":\"https:\/\/itsall-ciotechnology.com\/?s={search_term_string}\"},\"query-input\":{\"@type\":\"PropertyValueSpecification\",\"valueRequired\":true,\"valueName\":\"search_term_string\"}}],\"inLanguage\":\"it-IT\"}]}<\/script>\n<!-- \/ Yoast SEO plugin. -->","yoast_head_json":{"title":"zintervista pagani infor - It&#039;s all CIO &amp; Technology","robots":{"index":"index","follow":"follow","max-snippet":"max-snippet:-1","max-image-preview":"max-image-preview:large","max-video-preview":"max-video-preview:-1"},"canonical":"https:\/\/itsall-ciotechnology.com\/index.php\/intervista-pagani-infor\/","og_locale":"it_IT","og_type":"article","og_title":"zintervista pagani infor - It&#039;s all CIO &amp; Technology","og_description":"&nbsp; Intervista a Bruno Pagani Sales Director INFOR ITALIA \u00a0 \u00a0 &nbsp; &nbsp; Nell\u2019era della Digital Transformation, anche l\u2019ERP deve trasformarsi e adattarsi ai nuovi tempi: come Infor aiuta le aziende in questo passaggio? L\u2019ERP continua a essere una tecnologia di primo piano per il percorso di trasformazione digitale delle aziende. L\u2019attenzione \u00e8 posta su [&hellip;]","og_url":"https:\/\/itsall-ciotechnology.com\/index.php\/intervista-pagani-infor\/","og_site_name":"It&#039;s all CIO &amp; Technology","article_modified_time":"2021-01-11T13:31:23+00:00","og_image":[{"width":200,"height":200,"url":"https:\/\/itsall-ciotechnology.com\/wp-content\/uploads\/2019\/07\/PAGANI.jpg","type":"image\/jpeg"}],"twitter_card":"summary_large_image","twitter_misc":{"Tempo di lettura stimato":"4 minuti"},"schema":{"@context":"https:\/\/schema.org","@graph":[{"@type":"WebPage","@id":"https:\/\/itsall-ciotechnology.com\/index.php\/intervista-pagani-infor\/","url":"https:\/\/itsall-ciotechnology.com\/index.php\/intervista-pagani-infor\/","name":"zintervista pagani infor - It&#039;s all CIO &amp; Technology","isPartOf":{"@id":"https:\/\/itsall-ciotechnology.com\/#website"},"primaryImageOfPage":{"@id":"https:\/\/itsall-ciotechnology.com\/index.php\/intervista-pagani-infor\/#primaryimage"},"image":{"@id":"https:\/\/itsall-ciotechnology.com\/index.php\/intervista-pagani-infor\/#primaryimage"},"thumbnailUrl":"http:\/\/itsall-ciotechnology.com\/wp-content\/uploads\/2019\/07\/PAGANI.jpg","datePublished":"2019-09-10T09:45:47+00:00","dateModified":"2021-01-11T13:31:23+00:00","breadcrumb":{"@id":"https:\/\/itsall-ciotechnology.com\/index.php\/intervista-pagani-infor\/#breadcrumb"},"inLanguage":"it-IT","potentialAction":[{"@type":"ReadAction","target":["https:\/\/itsall-ciotechnology.com\/index.php\/intervista-pagani-infor\/"]}]},{"@type":"ImageObject","inLanguage":"it-IT","@id":"https:\/\/itsall-ciotechnology.com\/index.php\/intervista-pagani-infor\/#primaryimage","url":"http:\/\/itsall-ciotechnology.com\/wp-content\/uploads\/2019\/07\/PAGANI.jpg","contentUrl":"http:\/\/itsall-ciotechnology.com\/wp-content\/uploads\/2019\/07\/PAGANI.jpg"},{"@type":"BreadcrumbList","@id":"https:\/\/itsall-ciotechnology.com\/index.php\/intervista-pagani-infor\/#breadcrumb","itemListElement":[{"@type":"ListItem","position":1,"name":"Home","item":"https:\/\/itsall-ciotechnology.com\/"},{"@type":"ListItem","position":2,"name":"zintervista pagani infor"}]},{"@type":"WebSite","@id":"https:\/\/itsall-ciotechnology.com\/#website","url":"https:\/\/itsall-ciotechnology.com\/","name":"It&#039;s all CIO &amp; Technology","description":"I BIG dell IT a confronto","potentialAction":[{"@type":"SearchAction","target":{"@type":"EntryPoint","urlTemplate":"https:\/\/itsall-ciotechnology.com\/?s={search_term_string}"},"query-input":{"@type":"PropertyValueSpecification","valueRequired":true,"valueName":"search_term_string"}}],"inLanguage":"it-IT"}]}},"_links":{"self":[{"href":"https:\/\/itsall-ciotechnology.com\/index.php\/wp-json\/wp\/v2\/pages\/3493","targetHints":{"allow":["GET"]}}],"collection":[{"href":"https:\/\/itsall-ciotechnology.com\/index.php\/wp-json\/wp\/v2\/pages"}],"about":[{"href":"https:\/\/itsall-ciotechnology.com\/index.php\/wp-json\/wp\/v2\/types\/page"}],"author":[{"embeddable":true,"href":"https:\/\/itsall-ciotechnology.com\/index.php\/wp-json\/wp\/v2\/users\/2"}],"replies":[{"embeddable":true,"href":"https:\/\/itsall-ciotechnology.com\/index.php\/wp-json\/wp\/v2\/comments?post=3493"}],"version-history":[{"count":7,"href":"https:\/\/itsall-ciotechnology.com\/index.php\/wp-json\/wp\/v2\/pages\/3493\/revisions"}],"predecessor-version":[{"id":4047,"href":"https:\/\/itsall-ciotechnology.com\/index.php\/wp-json\/wp\/v2\/pages\/3493\/revisions\/4047"}],"wp:attachment":[{"href":"https:\/\/itsall-ciotechnology.com\/index.php\/wp-json\/wp\/v2\/media?parent=3493"}],"curies":[{"name":"wp","href":"https:\/\/api.w.org\/{rel}","templated":true}]}}