{"id":4113,"date":"2021-01-12T12:17:10","date_gmt":"2021-01-12T11:17:10","guid":{"rendered":"http:\/\/itsall-ciotechnology.com\/?page_id=4113"},"modified":"2024-02-27T17:43:32","modified_gmt":"2024-02-27T16:43:32","slug":"perche-diventare-partner","status":"publish","type":"page","link":"https:\/\/itsall-ciotechnology.com\/index.php\/perche-diventare-partner\/","title":{"rendered":"Perch\u00e8 diventare Partner 2022"},"content":{"rendered":"<p>[vc_row full_width=&#8221;stretch_row&#8221; video_bg=&#8221;yes&#8221; video_bg_url=&#8221;https:\/\/www.youtube.com\/watch?v=wM3aMw7F8u0&amp;t=31s&amp;ab_channel=EleonoraP&#8221; css=&#8221;.vc_custom_1610705816679{padding-top: 20px !important;padding-bottom: 20px !important;}&#8221;][vc_column css=&#8221;.vc_custom_1610706317886{padding-top: 20px !important;}&#8221;][vc_column_text css=&#8221;.vc_custom_1610706347580{padding-top: 20px !important;}&#8221;]<\/p>\n<h1 style=\"text-align: center;\"><span style=\"color: #ffffff;\">Perch\u00e8 diventare Partner &amp; Exhibitor<\/span><\/h1>\n<p style=\"text-align: center;\"><span style=\"color: #ffffff;\"><strong>6 buoni motivi per diventare partner dell&#8217;evento<\/strong><\/span><\/p>\n<p>[\/vc_column_text]\n       <div class=\"btn-wraapper  vc_custom_1610706463584\" style=\"text-align: center\">\n           <a class=\"ev-border-btn \" href=\"http:\/\/itsall-ciotechnology.com\/index.php\/diventa-partner\/\" target=\"_blank\">\n               RICHIEDI INFO           <\/a>\n       <\/div>\n\n\n        [\/vc_column][\/vc_row][vc_row css=&#8221;.vc_custom_1610706714123{padding-top: 20px !important;}&#8221;][vc_column width=&#8221;1\/6&#8243;][vc_icon icon_fontawesome=&#8221;fa fa-users&#8221; color=&#8221;custom&#8221; size=&#8221;xl&#8221; align=&#8221;center&#8221; custom_color=&#8221;#f71111&#8243;][vc_column_text]<\/p>\n<p style=\"text-align: center;\"><strong>GENERA NUOVI CONTATTI<\/strong><\/p>\n<p>[\/vc_column_text][\/vc_column][vc_column width=&#8221;1\/6&#8243;][vc_icon icon_fontawesome=&#8221;fa fa-lightbulb-o&#8221; color=&#8221;custom&#8221; size=&#8221;xl&#8221; align=&#8221;center&#8221; custom_color=&#8221;#f71111&#8243;][vc_column_text]<\/p>\n<p style=\"text-align: center;\"><strong>PROMUOVI LE TUE SOLUZIONI<\/strong><\/p>\n<p>[\/vc_column_text][\/vc_column][vc_column width=&#8221;1\/6&#8243;][vc_icon icon_fontawesome=&#8221;fa fa-user-plus&#8221; color=&#8221;custom&#8221; size=&#8221;xl&#8221; align=&#8221;center&#8221; custom_color=&#8221;#f71111&#8243;][vc_column_text]<\/p>\n<p style=\"text-align: center;\"><strong>COSTRUISCI NUOVE PARTNERSHIP<\/strong><\/p>\n<p>[\/vc_column_text][\/vc_column][vc_column width=&#8221;1\/6&#8243;][vc_icon icon_fontawesome=&#8221;fa fa-trophy&#8221; color=&#8221;custom&#8221; size=&#8221;xl&#8221; align=&#8221;center&#8221; custom_color=&#8221;#f71111&#8243;][vc_column_text]<\/p>\n<p style=\"text-align: center;\"><strong>DIMOSTRA LA TUA LEADERSHIP<\/strong><\/p>\n<p>[\/vc_column_text][\/vc_column][vc_column width=&#8221;1\/6&#8243;][vc_icon icon_fontawesome=&#8221;fa fa-tag&#8221; color=&#8221;custom&#8221; size=&#8221;xl&#8221; align=&#8221;center&#8221; custom_color=&#8221;#f71111&#8243;][vc_column_text]<\/p>\n<p style=\"text-align: center;\"><strong>RAFFORZA LA TUA BRAND IDENTITY<\/strong><\/p>\n<p>[\/vc_column_text][\/vc_column][vc_column width=&#8221;1\/6&#8243;][vc_icon icon_fontawesome=&#8221;fa fa-briefcase&#8221; color=&#8221;custom&#8221; size=&#8221;xl&#8221; align=&#8221;center&#8221; custom_color=&#8221;#f71111&#8243;][vc_column_text]<\/p>\n<p style=\"text-align: center;\"><strong>RISPARMIA TEMPO E DENARO<\/strong><\/p>\n<p>[\/vc_column_text][\/vc_column][\/vc_row][vc_row][vc_column][vc_column_text css=&#8221;.vc_custom_1610708387723{padding-top: 20px !important;padding-bottom: 20px !important;}&#8221;]<\/p>\n<h2 style=\"text-align: center;\"><span style=\"color: #000000;\"><strong>Come Partecipare<\/strong><\/span><\/h2>\n<p>[\/vc_column_text][\/vc_column][\/vc_row][vc_row][vc_column width=&#8221;1\/4&#8243;][vc_single_image image=&#8221;3170&#8243; img_size=&#8221;full&#8221; alignment=&#8221;center&#8221; style=&#8221;vc_box_circle&#8221;][vc_column_text]<\/p>\n<h2><span style=\"color: #000000;\">Intervento al tavolo dei relatori<\/span><\/h2>\n<p>Il punto di forza dell&#8217;evento\u00a0<i>\u00a0<\/i>\u00e8 la qualit\u00e0 e la quantit\u00e0 dei case study. In qualit\u00e0 di\u00a0Main Partner avrete la possibilit\u00e0 di essere presenti nel prestigioso Panel di Relatori.[\/vc_column_text][\/vc_column][vc_column width=&#8221;1\/4&#8243;][vc_single_image image=&#8221;3166&#8243; img_size=&#8221;full&#8221; alignment=&#8221;center&#8221; style=&#8221;vc_box_circle&#8221;][vc_column_text]<\/p>\n<h2><span style=\"color: #000000;\">Relatore in una tavola rotonda\u00a0<\/span><\/h2>\n<p>Partecipare a una specifica tavola rotonda sulle tematiche pi\u00f9 attuali e innovative in ambito IT.[\/vc_column_text][\/vc_column][vc_column width=&#8221;1\/4&#8243;][vc_single_image image=&#8221;3605&#8243; img_size=&#8221;full&#8221; alignment=&#8221;center&#8221; style=&#8221;vc_box_circle&#8221;][vc_column_text]<\/p>\n<h2><span style=\"color: #000000;\">Pranzo VIP<\/span><\/h2>\n<p>Pranzo riservato a tutti gli speaker e gli ospiti VIP per uno scambio di opinioni in un ambiente accogliente e rilassante.[\/vc_column_text][\/vc_column][vc_column width=&#8221;1\/4&#8243;][vc_single_image image=&#8221;3597&#8243; img_size=&#8221;full&#8221; alignment=&#8221;center&#8221; style=&#8221;vc_box_circle&#8221;][vc_column_text]<\/p>\n<h2><span style=\"color: #000000;\">Stand Area Expo<\/span><\/h2>\n<p>Per tutta la durata della manifestazione sar\u00e0 allestita un\u2019Area Espositiva nata per favorire l\u2019incontro di domanda e offerta. Gli espositori avranno a disposizione uno stand preallestito per incontrare i partecipanti fornire loro tutti i dettagli tecnici relativi ai servizi e prodotti offerti.[\/vc_column_text][\/vc_column][\/vc_row][vc_row][vc_column width=&#8221;1\/4&#8243;]\n       <div class=\"btn-wraapper  vc_custom_1610708969068\" style=\"text-align: center\">\n           <a class=\"ev-border-btn \" href=\"http:\/\/itsall-ciotechnology.com\/index.php\/diventa-partner\/\" target=\"_blank\">\n               RICHIEDI INFO           <\/a>\n       <\/div>\n\n\n        [\/vc_column][vc_column width=&#8221;1\/4&#8243;]\n       <div class=\"btn-wraapper  vc_custom_1610708974269\" style=\"text-align: center\">\n           <a class=\"ev-border-btn \" href=\"http:\/\/itsall-ciotechnology.com\/index.php\/diventa-partner\/\" target=\"_blank\">\n               RICHIEDI INFO           <\/a>\n       <\/div>\n\n\n        [\/vc_column][vc_column width=&#8221;1\/4&#8243;]\n       <div class=\"btn-wraapper  vc_custom_1610708979771\" style=\"text-align: center\">\n           <a class=\"ev-border-btn \" href=\"http:\/\/itsall-ciotechnology.com\/index.php\/diventa-partner\/\" target=\"_blank\">\n               RICHIEDI INFO           <\/a>\n       <\/div>\n\n\n        [\/vc_column][vc_column width=&#8221;1\/4&#8243;]\n       <div class=\"btn-wraapper  vc_custom_1610708985684\" style=\"text-align: center\">\n           <a class=\"ev-border-btn \" href=\"http:\/\/itsall-ciotechnology.com\/index.php\/diventa-partner\/\" target=\"_blank\">\n               RICHIEDI INFO           <\/a>\n       <\/div>\n\n\n        [\/vc_column][\/vc_row]<\/p>\n","protected":false},"excerpt":{"rendered":"<p>[vc_row full_width=&#8221;stretch_row&#8221; video_bg=&#8221;yes&#8221; video_bg_url=&#8221;https:\/\/www.youtube.com\/watch?v=wM3aMw7F8u0&amp;t=31s&amp;ab_channel=EleonoraP&#8221; css=&#8221;.vc_custom_1610705816679{padding-top: 20px !important;padding-bottom: 20px !important;}&#8221;][vc_column css=&#8221;.vc_custom_1610706317886{padding-top: 20px !important;}&#8221;][vc_column_text css=&#8221;.vc_custom_1610706347580{padding-top: 20px !important;}&#8221;] Perch\u00e8 diventare Partner &amp; Exhibitor 6 buoni motivi per diventare partner dell&#8217;evento [\/vc_column_text][\/vc_column][\/vc_row][vc_row css=&#8221;.vc_custom_1610706714123{padding-top: 20px !important;}&#8221;][vc_column width=&#8221;1\/6&#8243;][vc_icon icon_fontawesome=&#8221;fa fa-users&#8221; color=&#8221;custom&#8221; size=&#8221;xl&#8221; align=&#8221;center&#8221; custom_color=&#8221;#f71111&#8243;][vc_column_text] GENERA NUOVI CONTATTI [\/vc_column_text][\/vc_column][vc_column width=&#8221;1\/6&#8243;][vc_icon icon_fontawesome=&#8221;fa fa-lightbulb-o&#8221; color=&#8221;custom&#8221; size=&#8221;xl&#8221; align=&#8221;center&#8221; custom_color=&#8221;#f71111&#8243;][vc_column_text] PROMUOVI LE TUE SOLUZIONI [\/vc_column_text][\/vc_column][vc_column width=&#8221;1\/6&#8243;][vc_icon [&hellip;]<\/p>\n","protected":false},"author":2,"featured_media":0,"parent":0,"menu_order":0,"comment_status":"closed","ping_status":"closed","template":"","meta":{"footnotes":""},"class_list":["post-4113","page","type-page","status-publish","hentry"],"yoast_head":"<!-- This site is optimized with the Yoast SEO plugin v24.8.1 - https:\/\/yoast.com\/wordpress\/plugins\/seo\/ -->\n<title>Perch\u00e8 diventare Partner &amp; Exhibitor di IT&#039;S ALL CIO &amp; TECHNOLOGY<\/title>\n<meta name=\"description\" content=\"Partner: Genera Nuovi Contatti, Costruisci Nuove Partneship, Rafforza Brand Identity, Promuovi Soluzioni, Dimostra Leadership, Risparmia Tempo e Denaro\" \/>\n<meta name=\"robots\" content=\"index, follow, max-snippet:-1, max-image-preview:large, max-video-preview:-1\" \/>\n<link rel=\"canonical\" href=\"https:\/\/itsall-ciotechnology.com\/index.php\/perche-diventare-partner\/\" \/>\n<meta property=\"og:locale\" content=\"it_IT\" \/>\n<meta property=\"og:type\" content=\"article\" \/>\n<meta property=\"og:title\" content=\"Perch\u00e8 diventare Partner &amp; Exhibitor di IT&#039;S ALL CIO &amp; TECHNOLOGY\" \/>\n<meta property=\"og:description\" content=\"Partner: Genera Nuovi Contatti, Costruisci Nuove Partneship, Rafforza Brand Identity, Promuovi Soluzioni, Dimostra Leadership, Risparmia Tempo e Denaro\" \/>\n<meta property=\"og:url\" content=\"https:\/\/itsall-ciotechnology.com\/index.php\/perche-diventare-partner\/\" \/>\n<meta property=\"og:site_name\" content=\"It&#039;s all CIO &amp; Technology\" \/>\n<meta property=\"article:modified_time\" content=\"2024-02-27T16:43:32+00:00\" \/>\n<meta name=\"twitter:card\" content=\"summary_large_image\" \/>\n<meta name=\"twitter:label1\" content=\"Tempo di lettura stimato\" \/>\n\t<meta name=\"twitter:data1\" content=\"3 minuti\" \/>\n<script type=\"application\/ld+json\" class=\"yoast-schema-graph\">{\"@context\":\"https:\/\/schema.org\",\"@graph\":[{\"@type\":\"WebPage\",\"@id\":\"https:\/\/itsall-ciotechnology.com\/index.php\/perche-diventare-partner\/\",\"url\":\"https:\/\/itsall-ciotechnology.com\/index.php\/perche-diventare-partner\/\",\"name\":\"Perch\u00e8 diventare Partner & Exhibitor di IT'S ALL CIO & TECHNOLOGY\",\"isPartOf\":{\"@id\":\"https:\/\/itsall-ciotechnology.com\/#website\"},\"datePublished\":\"2021-01-12T11:17:10+00:00\",\"dateModified\":\"2024-02-27T16:43:32+00:00\",\"description\":\"Partner: Genera Nuovi Contatti, Costruisci Nuove Partneship, Rafforza Brand Identity, Promuovi Soluzioni, Dimostra Leadership, Risparmia Tempo e Denaro\",\"breadcrumb\":{\"@id\":\"https:\/\/itsall-ciotechnology.com\/index.php\/perche-diventare-partner\/#breadcrumb\"},\"inLanguage\":\"it-IT\",\"potentialAction\":[{\"@type\":\"ReadAction\",\"target\":[\"https:\/\/itsall-ciotechnology.com\/index.php\/perche-diventare-partner\/\"]}]},{\"@type\":\"BreadcrumbList\",\"@id\":\"https:\/\/itsall-ciotechnology.com\/index.php\/perche-diventare-partner\/#breadcrumb\",\"itemListElement\":[{\"@type\":\"ListItem\",\"position\":1,\"name\":\"Home\",\"item\":\"https:\/\/itsall-ciotechnology.com\/\"},{\"@type\":\"ListItem\",\"position\":2,\"name\":\"Perch\u00e8 diventare Partner 2022\"}]},{\"@type\":\"WebSite\",\"@id\":\"https:\/\/itsall-ciotechnology.com\/#website\",\"url\":\"https:\/\/itsall-ciotechnology.com\/\",\"name\":\"It&#039;s all CIO &amp; Technology\",\"description\":\"I BIG dell IT a confronto\",\"potentialAction\":[{\"@type\":\"SearchAction\",\"target\":{\"@type\":\"EntryPoint\",\"urlTemplate\":\"https:\/\/itsall-ciotechnology.com\/?s={search_term_string}\"},\"query-input\":{\"@type\":\"PropertyValueSpecification\",\"valueRequired\":true,\"valueName\":\"search_term_string\"}}],\"inLanguage\":\"it-IT\"}]}<\/script>\n<!-- \/ Yoast SEO plugin. -->","yoast_head_json":{"title":"Perch\u00e8 diventare Partner & Exhibitor di IT'S ALL CIO & TECHNOLOGY","description":"Partner: Genera Nuovi Contatti, Costruisci Nuove Partneship, Rafforza Brand Identity, Promuovi Soluzioni, Dimostra Leadership, Risparmia Tempo e Denaro","robots":{"index":"index","follow":"follow","max-snippet":"max-snippet:-1","max-image-preview":"max-image-preview:large","max-video-preview":"max-video-preview:-1"},"canonical":"https:\/\/itsall-ciotechnology.com\/index.php\/perche-diventare-partner\/","og_locale":"it_IT","og_type":"article","og_title":"Perch\u00e8 diventare Partner & Exhibitor di IT'S ALL CIO & TECHNOLOGY","og_description":"Partner: Genera Nuovi Contatti, Costruisci Nuove Partneship, Rafforza Brand Identity, Promuovi Soluzioni, Dimostra Leadership, Risparmia Tempo e Denaro","og_url":"https:\/\/itsall-ciotechnology.com\/index.php\/perche-diventare-partner\/","og_site_name":"It&#039;s all CIO &amp; Technology","article_modified_time":"2024-02-27T16:43:32+00:00","twitter_card":"summary_large_image","twitter_misc":{"Tempo di lettura stimato":"3 minuti"},"schema":{"@context":"https:\/\/schema.org","@graph":[{"@type":"WebPage","@id":"https:\/\/itsall-ciotechnology.com\/index.php\/perche-diventare-partner\/","url":"https:\/\/itsall-ciotechnology.com\/index.php\/perche-diventare-partner\/","name":"Perch\u00e8 diventare Partner & Exhibitor di IT'S ALL CIO & TECHNOLOGY","isPartOf":{"@id":"https:\/\/itsall-ciotechnology.com\/#website"},"datePublished":"2021-01-12T11:17:10+00:00","dateModified":"2024-02-27T16:43:32+00:00","description":"Partner: Genera Nuovi Contatti, Costruisci Nuove Partneship, Rafforza Brand Identity, Promuovi Soluzioni, Dimostra Leadership, Risparmia Tempo e Denaro","breadcrumb":{"@id":"https:\/\/itsall-ciotechnology.com\/index.php\/perche-diventare-partner\/#breadcrumb"},"inLanguage":"it-IT","potentialAction":[{"@type":"ReadAction","target":["https:\/\/itsall-ciotechnology.com\/index.php\/perche-diventare-partner\/"]}]},{"@type":"BreadcrumbList","@id":"https:\/\/itsall-ciotechnology.com\/index.php\/perche-diventare-partner\/#breadcrumb","itemListElement":[{"@type":"ListItem","position":1,"name":"Home","item":"https:\/\/itsall-ciotechnology.com\/"},{"@type":"ListItem","position":2,"name":"Perch\u00e8 diventare Partner 2022"}]},{"@type":"WebSite","@id":"https:\/\/itsall-ciotechnology.com\/#website","url":"https:\/\/itsall-ciotechnology.com\/","name":"It&#039;s all CIO &amp; Technology","description":"I BIG dell IT a confronto","potentialAction":[{"@type":"SearchAction","target":{"@type":"EntryPoint","urlTemplate":"https:\/\/itsall-ciotechnology.com\/?s={search_term_string}"},"query-input":{"@type":"PropertyValueSpecification","valueRequired":true,"valueName":"search_term_string"}}],"inLanguage":"it-IT"}]}},"_links":{"self":[{"href":"https:\/\/itsall-ciotechnology.com\/index.php\/wp-json\/wp\/v2\/pages\/4113","targetHints":{"allow":["GET"]}}],"collection":[{"href":"https:\/\/itsall-ciotechnology.com\/index.php\/wp-json\/wp\/v2\/pages"}],"about":[{"href":"https:\/\/itsall-ciotechnology.com\/index.php\/wp-json\/wp\/v2\/types\/page"}],"author":[{"embeddable":true,"href":"https:\/\/itsall-ciotechnology.com\/index.php\/wp-json\/wp\/v2\/users\/2"}],"replies":[{"embeddable":true,"href":"https:\/\/itsall-ciotechnology.com\/index.php\/wp-json\/wp\/v2\/comments?post=4113"}],"version-history":[{"count":35,"href":"https:\/\/itsall-ciotechnology.com\/index.php\/wp-json\/wp\/v2\/pages\/4113\/revisions"}],"predecessor-version":[{"id":5644,"href":"https:\/\/itsall-ciotechnology.com\/index.php\/wp-json\/wp\/v2\/pages\/4113\/revisions\/5644"}],"wp:attachment":[{"href":"https:\/\/itsall-ciotechnology.com\/index.php\/wp-json\/wp\/v2\/media?parent=4113"}],"curies":[{"name":"wp","href":"https:\/\/api.w.org\/{rel}","templated":true}]}}