{"id":4459,"date":"2021-08-02T14:39:40","date_gmt":"2021-08-02T12:39:40","guid":{"rendered":"http:\/\/itsall-ciotechnology.com\/?page_id=4459"},"modified":"2022-02-24T17:49:56","modified_gmt":"2022-02-24T16:49:56","slug":"intervista-obino-denodo","status":"publish","type":"page","link":"https:\/\/itsall-ciotechnology.com\/index.php\/intervista-obino-denodo\/","title":{"rendered":"zintervista obino denodo"},"content":{"rendered":"<p><strong><img loading=\"lazy\" decoding=\"async\" class=\"size-full wp-image-4460 alignleft\" src=\"http:\/\/itsall-ciotechnology.com\/wp-content\/uploads\/2021\/08\/OBINO.jpg\" alt=\"\" width=\"200\" height=\"200\" srcset=\"https:\/\/itsall-ciotechnology.com\/wp-content\/uploads\/2021\/08\/OBINO.jpg 200w, https:\/\/itsall-ciotechnology.com\/wp-content\/uploads\/2021\/08\/OBINO-150x150.jpg 150w\" sizes=\"auto, (max-width: 200px) 100vw, 200px\" \/><\/strong><\/p>\n<p>&nbsp;<\/p>\n<h1><span style=\"color: #ff0000;\">Intervista<\/span><\/h1>\n<p><strong>Gabriele Obino <\/strong>Vice President Southern Europe &amp; Middle East<strong>\u00a0DENODO<\/strong><\/p>\n<p>&nbsp;<\/p>\n<p>&nbsp;<\/p>\n<p>&nbsp;<\/p>\n<h2><span style=\"color: #ff0000;\"><strong>I CIO chiedono affidabilit\u00e0 e apertura al multicloud, ma anche maggiore capacit\u00e0 di memorizzazione, scalabilit\u00e0 e flessibilit\u00e0 di accesso ai dati. Quale dovrebbe essere il percorso da seguire all\u2019interno dell\u2019azienda?<\/strong><\/span><\/h2>\n<p>La regola aurea dovrebbe essere che la facilit\u00e0 e l\u2019agilit\u00e0 nell\u2019accesso e nel consumo dei dati non devono dipendere dalla loro quantit\u00e0, eterogeneit\u00e0 e distribuzione nella rete. Disponibilit\u00e0, consapevolezza e controllo saranno sempre pi\u00f9 le tre condizioni necessarie per qualsiasi Data Strategy che persegua una reale e non teorica democrazia dei dati.<\/p>\n<p>Vediamo come le aziende creino un volume sempre maggiore di dati all\u2019interno del proprio patrimonio informativo aziendale con il fine di generare servizi potenzialmente di maggior valore. Bisogna per\u00f2 guardarsi dall\u2019 effetto cantina\u201d, dove la quantit\u00e0 crescente dei dati, nel volume, nel formato e nella velocit\u00e0 con i quali si rendono disponibili, si traduce in un aumento dell\u2019entropia, rendendo difficile trovare e utilizzare i dati per fornire tali servizi. Avere pi\u00f9 dati significa avere pi\u00f9 carburante per l\u2019innovazione, a patto che tale carburante sia stoccato in sicurezza e che sia facile rifornirsene.<\/p>\n<p><strong>\u00a0<\/strong><\/p>\n<h2><span style=\"color: #ff0000;\"><strong>Quindi se \u201ci dati sono ovunque\u201d, allora che cosa fa la differenza?<\/strong><\/span><\/h2>\n<p>La consapevolezza della loro esistenza, del loro significato, la loro effettiva raggiungibilit\u00e0. Dobbiamo comprendere, semmai ce ne fosse bisogno, che la mera esistenza di un dato non \u00e8, ahim\u00e8, condizione sufficiente affinch\u00e9 questo sia noto e usabile, n\u00e9 possiamo dare per scontato che ne sia chiaro il significato, per cui \u00e8 fondamentale avere un unico punto di accesso, facile da consultare, dove non solo si possa sapere ci\u00f2 che i dati rappresentano, ma ne sia possibile la loro \u201ccombinazione\u201d, in modo che ciascun Data Consumer possa assemblare i dati disponibili per costruire ci\u00f2 di cui ha bisogno, perch\u00e9 il valore non \u00e8 una propriet\u00e0 strutturale dei dati, ma dipende da come questi sono usati e l\u2019uso \u00e8 sempre \u201cqui e adesso\u201d.<\/p>\n","protected":false},"excerpt":{"rendered":"<p>&nbsp; Intervista Gabriele Obino Vice President Southern Europe &amp; Middle East\u00a0DENODO &nbsp; &nbsp; &nbsp; I CIO chiedono affidabilit\u00e0 e apertura al multicloud, ma anche maggiore capacit\u00e0 di memorizzazione, scalabilit\u00e0 e flessibilit\u00e0 di accesso ai dati. Quale dovrebbe essere il percorso da seguire all\u2019interno dell\u2019azienda? La regola aurea dovrebbe essere che la facilit\u00e0 e l\u2019agilit\u00e0 nell\u2019accesso [&hellip;]<\/p>\n","protected":false},"author":2,"featured_media":0,"parent":0,"menu_order":0,"comment_status":"closed","ping_status":"closed","template":"","meta":{"footnotes":""},"class_list":["post-4459","page","type-page","status-publish","hentry"],"yoast_head":"<!-- This site is optimized with the Yoast SEO plugin v24.8.1 - https:\/\/yoast.com\/wordpress\/plugins\/seo\/ -->\n<title>zintervista obino denodo - It&#039;s all CIO &amp; Technology<\/title>\n<meta name=\"robots\" content=\"index, follow, max-snippet:-1, max-image-preview:large, max-video-preview:-1\" \/>\n<link rel=\"canonical\" href=\"https:\/\/itsall-ciotechnology.com\/index.php\/intervista-obino-denodo\/\" \/>\n<meta property=\"og:locale\" content=\"it_IT\" \/>\n<meta property=\"og:type\" content=\"article\" \/>\n<meta property=\"og:title\" content=\"zintervista obino denodo - It&#039;s all CIO &amp; Technology\" \/>\n<meta property=\"og:description\" content=\"&nbsp; Intervista Gabriele Obino Vice President Southern Europe &amp; Middle East\u00a0DENODO &nbsp; &nbsp; &nbsp; I CIO chiedono affidabilit\u00e0 e apertura al multicloud, ma anche maggiore capacit\u00e0 di memorizzazione, scalabilit\u00e0 e flessibilit\u00e0 di accesso ai dati. Quale dovrebbe essere il percorso da seguire all\u2019interno dell\u2019azienda? La regola aurea dovrebbe essere che la facilit\u00e0 e l\u2019agilit\u00e0 nell\u2019accesso [&hellip;]\" \/>\n<meta property=\"og:url\" content=\"https:\/\/itsall-ciotechnology.com\/index.php\/intervista-obino-denodo\/\" \/>\n<meta property=\"og:site_name\" content=\"It&#039;s all CIO &amp; Technology\" \/>\n<meta property=\"article:modified_time\" content=\"2022-02-24T16:49:56+00:00\" \/>\n<meta property=\"og:image\" content=\"https:\/\/itsall-ciotechnology.com\/wp-content\/uploads\/2021\/08\/OBINO.jpg\" \/>\n\t<meta property=\"og:image:width\" content=\"200\" \/>\n\t<meta property=\"og:image:height\" content=\"200\" \/>\n\t<meta property=\"og:image:type\" content=\"image\/jpeg\" \/>\n<meta name=\"twitter:card\" content=\"summary_large_image\" \/>\n<meta name=\"twitter:label1\" content=\"Tempo di lettura stimato\" \/>\n\t<meta name=\"twitter:data1\" content=\"2 minuti\" \/>\n<script type=\"application\/ld+json\" class=\"yoast-schema-graph\">{\"@context\":\"https:\/\/schema.org\",\"@graph\":[{\"@type\":\"WebPage\",\"@id\":\"https:\/\/itsall-ciotechnology.com\/index.php\/intervista-obino-denodo\/\",\"url\":\"https:\/\/itsall-ciotechnology.com\/index.php\/intervista-obino-denodo\/\",\"name\":\"zintervista obino denodo - It&#039;s all CIO &amp; Technology\",\"isPartOf\":{\"@id\":\"https:\/\/itsall-ciotechnology.com\/#website\"},\"primaryImageOfPage\":{\"@id\":\"https:\/\/itsall-ciotechnology.com\/index.php\/intervista-obino-denodo\/#primaryimage\"},\"image\":{\"@id\":\"https:\/\/itsall-ciotechnology.com\/index.php\/intervista-obino-denodo\/#primaryimage\"},\"thumbnailUrl\":\"http:\/\/itsall-ciotechnology.com\/wp-content\/uploads\/2021\/08\/OBINO.jpg\",\"datePublished\":\"2021-08-02T12:39:40+00:00\",\"dateModified\":\"2022-02-24T16:49:56+00:00\",\"breadcrumb\":{\"@id\":\"https:\/\/itsall-ciotechnology.com\/index.php\/intervista-obino-denodo\/#breadcrumb\"},\"inLanguage\":\"it-IT\",\"potentialAction\":[{\"@type\":\"ReadAction\",\"target\":[\"https:\/\/itsall-ciotechnology.com\/index.php\/intervista-obino-denodo\/\"]}]},{\"@type\":\"ImageObject\",\"inLanguage\":\"it-IT\",\"@id\":\"https:\/\/itsall-ciotechnology.com\/index.php\/intervista-obino-denodo\/#primaryimage\",\"url\":\"http:\/\/itsall-ciotechnology.com\/wp-content\/uploads\/2021\/08\/OBINO.jpg\",\"contentUrl\":\"http:\/\/itsall-ciotechnology.com\/wp-content\/uploads\/2021\/08\/OBINO.jpg\"},{\"@type\":\"BreadcrumbList\",\"@id\":\"https:\/\/itsall-ciotechnology.com\/index.php\/intervista-obino-denodo\/#breadcrumb\",\"itemListElement\":[{\"@type\":\"ListItem\",\"position\":1,\"name\":\"Home\",\"item\":\"https:\/\/itsall-ciotechnology.com\/\"},{\"@type\":\"ListItem\",\"position\":2,\"name\":\"zintervista obino denodo\"}]},{\"@type\":\"WebSite\",\"@id\":\"https:\/\/itsall-ciotechnology.com\/#website\",\"url\":\"https:\/\/itsall-ciotechnology.com\/\",\"name\":\"It&#039;s all CIO &amp; Technology\",\"description\":\"I BIG dell IT a confronto\",\"potentialAction\":[{\"@type\":\"SearchAction\",\"target\":{\"@type\":\"EntryPoint\",\"urlTemplate\":\"https:\/\/itsall-ciotechnology.com\/?s={search_term_string}\"},\"query-input\":{\"@type\":\"PropertyValueSpecification\",\"valueRequired\":true,\"valueName\":\"search_term_string\"}}],\"inLanguage\":\"it-IT\"}]}<\/script>\n<!-- \/ Yoast SEO plugin. -->","yoast_head_json":{"title":"zintervista obino denodo - It&#039;s all CIO &amp; Technology","robots":{"index":"index","follow":"follow","max-snippet":"max-snippet:-1","max-image-preview":"max-image-preview:large","max-video-preview":"max-video-preview:-1"},"canonical":"https:\/\/itsall-ciotechnology.com\/index.php\/intervista-obino-denodo\/","og_locale":"it_IT","og_type":"article","og_title":"zintervista obino denodo - It&#039;s all CIO &amp; Technology","og_description":"&nbsp; Intervista Gabriele Obino Vice President Southern Europe &amp; Middle East\u00a0DENODO &nbsp; &nbsp; &nbsp; I CIO chiedono affidabilit\u00e0 e apertura al multicloud, ma anche maggiore capacit\u00e0 di memorizzazione, scalabilit\u00e0 e flessibilit\u00e0 di accesso ai dati. Quale dovrebbe essere il percorso da seguire all\u2019interno dell\u2019azienda? La regola aurea dovrebbe essere che la facilit\u00e0 e l\u2019agilit\u00e0 nell\u2019accesso [&hellip;]","og_url":"https:\/\/itsall-ciotechnology.com\/index.php\/intervista-obino-denodo\/","og_site_name":"It&#039;s all CIO &amp; Technology","article_modified_time":"2022-02-24T16:49:56+00:00","og_image":[{"width":200,"height":200,"url":"https:\/\/itsall-ciotechnology.com\/wp-content\/uploads\/2021\/08\/OBINO.jpg","type":"image\/jpeg"}],"twitter_card":"summary_large_image","twitter_misc":{"Tempo di lettura stimato":"2 minuti"},"schema":{"@context":"https:\/\/schema.org","@graph":[{"@type":"WebPage","@id":"https:\/\/itsall-ciotechnology.com\/index.php\/intervista-obino-denodo\/","url":"https:\/\/itsall-ciotechnology.com\/index.php\/intervista-obino-denodo\/","name":"zintervista obino denodo - It&#039;s all CIO &amp; Technology","isPartOf":{"@id":"https:\/\/itsall-ciotechnology.com\/#website"},"primaryImageOfPage":{"@id":"https:\/\/itsall-ciotechnology.com\/index.php\/intervista-obino-denodo\/#primaryimage"},"image":{"@id":"https:\/\/itsall-ciotechnology.com\/index.php\/intervista-obino-denodo\/#primaryimage"},"thumbnailUrl":"http:\/\/itsall-ciotechnology.com\/wp-content\/uploads\/2021\/08\/OBINO.jpg","datePublished":"2021-08-02T12:39:40+00:00","dateModified":"2022-02-24T16:49:56+00:00","breadcrumb":{"@id":"https:\/\/itsall-ciotechnology.com\/index.php\/intervista-obino-denodo\/#breadcrumb"},"inLanguage":"it-IT","potentialAction":[{"@type":"ReadAction","target":["https:\/\/itsall-ciotechnology.com\/index.php\/intervista-obino-denodo\/"]}]},{"@type":"ImageObject","inLanguage":"it-IT","@id":"https:\/\/itsall-ciotechnology.com\/index.php\/intervista-obino-denodo\/#primaryimage","url":"http:\/\/itsall-ciotechnology.com\/wp-content\/uploads\/2021\/08\/OBINO.jpg","contentUrl":"http:\/\/itsall-ciotechnology.com\/wp-content\/uploads\/2021\/08\/OBINO.jpg"},{"@type":"BreadcrumbList","@id":"https:\/\/itsall-ciotechnology.com\/index.php\/intervista-obino-denodo\/#breadcrumb","itemListElement":[{"@type":"ListItem","position":1,"name":"Home","item":"https:\/\/itsall-ciotechnology.com\/"},{"@type":"ListItem","position":2,"name":"zintervista obino denodo"}]},{"@type":"WebSite","@id":"https:\/\/itsall-ciotechnology.com\/#website","url":"https:\/\/itsall-ciotechnology.com\/","name":"It&#039;s all CIO &amp; Technology","description":"I BIG dell IT a confronto","potentialAction":[{"@type":"SearchAction","target":{"@type":"EntryPoint","urlTemplate":"https:\/\/itsall-ciotechnology.com\/?s={search_term_string}"},"query-input":{"@type":"PropertyValueSpecification","valueRequired":true,"valueName":"search_term_string"}}],"inLanguage":"it-IT"}]}},"_links":{"self":[{"href":"https:\/\/itsall-ciotechnology.com\/index.php\/wp-json\/wp\/v2\/pages\/4459","targetHints":{"allow":["GET"]}}],"collection":[{"href":"https:\/\/itsall-ciotechnology.com\/index.php\/wp-json\/wp\/v2\/pages"}],"about":[{"href":"https:\/\/itsall-ciotechnology.com\/index.php\/wp-json\/wp\/v2\/types\/page"}],"author":[{"embeddable":true,"href":"https:\/\/itsall-ciotechnology.com\/index.php\/wp-json\/wp\/v2\/users\/2"}],"replies":[{"embeddable":true,"href":"https:\/\/itsall-ciotechnology.com\/index.php\/wp-json\/wp\/v2\/comments?post=4459"}],"version-history":[{"count":3,"href":"https:\/\/itsall-ciotechnology.com\/index.php\/wp-json\/wp\/v2\/pages\/4459\/revisions"}],"predecessor-version":[{"id":4594,"href":"https:\/\/itsall-ciotechnology.com\/index.php\/wp-json\/wp\/v2\/pages\/4459\/revisions\/4594"}],"wp:attachment":[{"href":"https:\/\/itsall-ciotechnology.com\/index.php\/wp-json\/wp\/v2\/media?parent=4459"}],"curies":[{"name":"wp","href":"https:\/\/api.w.org\/{rel}","templated":true}]}}