{"id":5377,"date":"2023-08-18T16:01:16","date_gmt":"2023-08-18T14:01:16","guid":{"rendered":"https:\/\/itsall-ciotechnology.com\/?page_id=5377"},"modified":"2023-08-18T16:07:23","modified_gmt":"2023-08-18T14:07:23","slug":"intervista-michelangelo-uberti-dynatrace","status":"publish","type":"page","link":"https:\/\/itsall-ciotechnology.com\/index.php\/intervista-michelangelo-uberti-dynatrace\/","title":{"rendered":"Intervista"},"content":{"rendered":"<p>[vc_row css=&#8221;.vc_custom_1692367563880{padding-top: 20px !important;}&#8221;][vc_column width=&#8221;5\/6&#8243;][vc_single_image image=&#8221;4935&#8243; img_size=&#8221;full&#8221; style=&#8221;vc_box_border_circle_2&#8243;][vc_column_text]<strong>Michelangelo Uberti\u00a0<\/strong>Marketing Manager Italy\u00a0<strong>DYNATRACE<\/strong>[\/vc_column_text][\/vc_column][vc_column width=&#8221;1\/6&#8243;][vc_single_image image=&#8221;5379&#8243;][\/vc_column][\/vc_row][vc_row][vc_column][vc_column_text]<\/p>\n<h2><span style=\"color: #333333;\"><strong>Il cloud e le tecnologie cloud-native sono una realt\u00e0 per 9 organizzazioni su 10. Ci\u00f2 ha contribuito ad accelerare l\u2019innovazione ma, secondo recenti indagini, ha anche innalzato il livello di complessit\u00e0. Quali sono le nuove sfide per i CxO e in che modo Dynatrace li sta aiutando a superarle?<\/strong><\/span><\/h2>\n<p><strong>Le sfide comuni si concentrano sulla governance delle infrastrutture e sulla mole di lavoro a carico degli specialisti<\/strong>. Nonostante molte aziende usino fino a 10 diversi strumenti di monitoraggio, hanno visibilit\u00e0 del solo 9% dello stack tecnologico. Inoltre, i team IT sono ormai travolti dalla complessit\u00e0 e dedicano circa il 40% del loro tempo a far funzionare le cose. Tali difficolt\u00e0 diventano evidenti al presentarsi di un imprevisto: uno degli effetti collaterali ricorrenti riguarda l\u2019attivazione delle war room. Sarebbe un errore pensare che si tratti di problemi interni all\u2019azienda: non dobbiamo sottovalutare la crescente interdipendenza tra IT e mondo reale.<\/p>\n<p>Un esempio di tale interdipendenza \u00e8 rappresentato da <strong>Aeroporti di Roma<\/strong>, che usa <a href=\"https:\/\/www.dynatrace.com\/platform\/\">Dynatrace<\/a> per garantire l\u2019efficienza delle applicazioni critiche che sottendono all\u2019operativit\u00e0 dello scalo di Fiumicino: dal check-in alla gestione delle piazzole di sosta degli aerei, passando per i controlli di sicurezza. Grazie alle risposte precise sulla causa esatta che ha generato un\u2019anomalia e alla creazione automatica dei ticket, ADR ha ridotto del 70% il tempo impiegato per gestire i problemi IT. La maggioranza degli incidenti viene risolta prima che sia percepita dagli operatori sul campo. L\u2019esecuzione di una strategia basata sul miglioramento continuo ha permesso loro di assicurare la puntualit\u00e0 del 99% dei voli giornalieri e ottenere il premio come miglior aeroporto in Europa per il sesto anno consecutivo.<\/p>\n<p><strong>La complessit\u00e0 \u00e8 un problema che colpisce anche i team di sicurezza<\/strong>, bersagliati da allarmi che per tre quarti sono falsi positivi e che impediscono loro di concentrarsi sulle minacce reali. In media, gli specialisti della sicurezza dedicano il 28% del tempo ad attivit\u00e0 che potrebbero essere automatizzate. Il 79% dei CISO ritiene che una gestione continua e automatica delle vulnerabilit\u00e0 in produzione sia la chiave per colmare il vuoto lasciato dalle soluzioni di sicurezza in uso. Le nuove minacce applicative e l\u2019incapacit\u00e0 di mantenere il ritmo dei rilasci spingono l\u201980% dei CISO a orientarsi verso un approccio alla sicurezza che coinvolga direttamente anche i team di sviluppo.<\/p>\n<p>Automazione e applicazione di logiche shift-left sono alcuni degli elementi che contraddistinguono il caso di <strong>Soldo<\/strong>, una fintech europea che ha abbattuto drasticamente l\u2019impegno richiesto per la gestione delle vulnerabilit\u00e0 applicative. A poche ore dalla pubblicazione della vulnerabilit\u00e0 Log4Shell, il team di Soldo aveva gi\u00e0 una chiara visione della propria esposizione e delle componenti impattate. Ci\u00f2 ha consentito loro di pianificare rapidamente le azioni di remediation volte a mitigare il rischio e ad applicare tutte le contromisure del caso. Integrare il modulo di <a href=\"https:\/\/www.dynatrace.com\/platform\/application-security\/\">Application Security<\/a> nei loro processi interni li ha inoltre aiutati a completare l\u2019adozione della metodologia DevSecOps.<\/p>\n<p>Questi due casi evidenziano i benefici dell\u2019utilizzo coordinato di osservabilit\u00e0 e automazione guidate dall\u2019intelligenza artificiale.<\/p>\n<p><strong>\u00a0<\/strong><\/p>\n<h2><span style=\"color: #333333;\"><strong>Anche grazie alla diffusione di soluzioni come ChatGPT, l\u2019intelligenza artificiale \u00e8 diventato un argomento all\u2019attenzione anche dei non addetti ai lavori. Com\u2019\u00e8 utilizzata all\u2019interno della piattaforma Dynatrace e quali sono i benefici per i vostri clienti?<\/strong><\/span><\/h2>\n<p>La nostra piattaforma si poggia su <a href=\"https:\/\/www.dynatrace.com\/platform\/artificial-intelligence\/\">Davis AI<\/a>, il motore di intelligenza artificiale che, unitamente ad altre tecnologie core come OneAgent, Smartscape e Grail, distingue Dynatrace dalle altre soluzioni sul mercato. Davis analizza automaticamente e in tempo reale la topologia dell\u2019intero ambiente ibrido o multicloud, osserva i comportamenti, identifica eventuali anomalie e degradazioni che hanno un impatto sul business, le prioritizza e le segnala tempestivamente ai team incaricati.<\/p>\n<p>A differenza dei tradizionali modelli di machine learning che richiedono un addestramento preventivo e non sono scalabili, Davis non utilizza dati storici per l&#8217;apprendimento del comportamento e non fa ipotesi statistiche. I vantaggi per i clienti sono molteplici:<\/p>\n<ul>\n<li>sopprime il \u201crumore di fondo\u201d generato dalle raffiche di allarmi che finiscono per essere ignorati. Gli addetti ricevono esclusivamente le notifiche meritevoli di attenzione;<\/li>\n<li>ogni notifica contiene le informazioni precise sul tipo di problema, sulla causa che l\u2019ha generato, sulle componenti coinvolte e sull\u2019impatto sul business. Ci\u00f2 evita la classica ricerca dell\u2019ago nel pagliaio e velocizza le attivit\u00e0 di risoluzione;<\/li>\n<li>conoscendo le cause esatte, \u00e8 possibile scatenare dei workflow mirati alla correzione automatica delle anomalie. Ci\u00f2 contribuisce a ridurre sensibilmente il lavoro manuale che affligge gli addetti IT e a innalzare la disponibilit\u00e0 e l\u2019efficienza dei servizi erogati.<\/li>\n<\/ul>\n<p>\u00c8 bene precisare che Davis copre sia l\u2019infrastruttura che le applicazioni e analizza i dati che spaziano dalle prestazioni alla sicurezza, passando per il comportamento degli utenti.<\/p>\n<p>Essendo una componente fondante della piattaforma, \u00e8 oggi utilizzato dagli oltre 3.600 clienti Dynatrace in tutto il mondo. Anche in Italia i casi di successo non mancano: <strong>Aeroporti di Roma<\/strong>, infatti, non \u00e8 l\u2019unica realt\u00e0 che ha ridotto il tempo medio di risoluzione dei problemi. <strong>ConTe.it<\/strong>, il marchio italiano del gruppo assicurativo Admiral, ha dichiarato una riduzione pari all\u201980%. Grazie alla condivisione della piattaforma Dynatrace tra Service Control Room e i team Dev e ITOps, <strong>INAIL<\/strong> riesce a risolvere le anomalie entro un\u2019ora dalla loro identificazione.<\/p>\n<p>Sia <strong>ConTe.it<\/strong> che <strong>Alpitour<\/strong> ci hanno raccontato che le war room con i fornitori di servizi in outsourcing sono solo un ricordo lontano, perch\u00e9 ora dispongono di risposte precise sulle cause di eventuali problemi prima che queste impattino sugli utenti finali.<\/p>\n<p>Davis per\u00f2 \u00e8 molto di pi\u00f9: <strong>oltre alle sue capacit\u00e0 causali e predittive, a breve includer\u00e0 anche la componente generativa<\/strong>, rendendola ci\u00f2 che definiamo una \u201c<strong>IA ipermodale<\/strong>\u201d. <strong>Davis CoPilot<\/strong>, la nuova funzionalit\u00e0 che sar\u00e0 rilasciata nel corso dell\u2019anno, aiuter\u00e0 gli utenti a esplorare i dati ed eseguire task complessi utilizzando linguaggio naturale. Inoltre, permetter\u00e0 di creare con semplicit\u00e0 workflow di automazione e dashboard personalizzate, e fornir\u00e0 raccomandazioni per la risoluzione dei problemi ancora pi\u00f9 facili da comprendere.[\/vc_column_text][\/vc_column][\/vc_row]<\/p>\n","protected":false},"excerpt":{"rendered":"<p>[vc_row css=&#8221;.vc_custom_1692367563880{padding-top: 20px !important;}&#8221;][vc_column width=&#8221;5\/6&#8243;][vc_single_image image=&#8221;4935&#8243; img_size=&#8221;full&#8221; style=&#8221;vc_box_border_circle_2&#8243;][vc_column_text]Michelangelo Uberti\u00a0Marketing Manager Italy\u00a0DYNATRACE[\/vc_column_text][\/vc_column][vc_column width=&#8221;1\/6&#8243;][vc_single_image image=&#8221;5379&#8243;][\/vc_column][\/vc_row][vc_row][vc_column][vc_column_text] Il cloud e le tecnologie cloud-native sono una realt\u00e0 per 9 organizzazioni su 10. Ci\u00f2 ha contribuito ad accelerare l\u2019innovazione ma, secondo recenti indagini, ha anche innalzato il livello di complessit\u00e0. Quali sono le nuove sfide per i CxO e in che [&hellip;]<\/p>\n","protected":false},"author":2,"featured_media":0,"parent":0,"menu_order":0,"comment_status":"closed","ping_status":"closed","template":"","meta":{"footnotes":""},"class_list":["post-5377","page","type-page","status-publish","hentry"],"yoast_head":"<!-- This site is optimized with the Yoast SEO plugin v24.8.1 - https:\/\/yoast.com\/wordpress\/plugins\/seo\/ -->\n<title>Intervista - It&#039;s all CIO &amp; Technology<\/title>\n<meta name=\"robots\" content=\"index, follow, max-snippet:-1, max-image-preview:large, max-video-preview:-1\" \/>\n<link rel=\"canonical\" href=\"https:\/\/itsall-ciotechnology.com\/index.php\/intervista-michelangelo-uberti-dynatrace\/\" \/>\n<meta property=\"og:locale\" content=\"it_IT\" \/>\n<meta property=\"og:type\" content=\"article\" \/>\n<meta property=\"og:title\" content=\"Intervista - It&#039;s all CIO &amp; Technology\" \/>\n<meta property=\"og:description\" content=\"[vc_row css=&#8221;.vc_custom_1692367563880{padding-top: 20px !important;}&#8221;][vc_column width=&#8221;5\/6&#8243;][vc_single_image image=&#8221;4935&#8243; img_size=&#8221;full&#8221; style=&#8221;vc_box_border_circle_2&#8243;][vc_column_text]Michelangelo Uberti\u00a0Marketing Manager Italy\u00a0DYNATRACE[\/vc_column_text][\/vc_column][vc_column width=&#8221;1\/6&#8243;][vc_single_image image=&#8221;5379&#8243;][\/vc_column][\/vc_row][vc_row][vc_column][vc_column_text] Il cloud e le tecnologie cloud-native sono una realt\u00e0 per 9 organizzazioni su 10. Ci\u00f2 ha contribuito ad accelerare l\u2019innovazione ma, secondo recenti indagini, ha anche innalzato il livello di complessit\u00e0. Quali sono le nuove sfide per i CxO e in che [&hellip;]\" \/>\n<meta property=\"og:url\" content=\"https:\/\/itsall-ciotechnology.com\/index.php\/intervista-michelangelo-uberti-dynatrace\/\" \/>\n<meta property=\"og:site_name\" content=\"It&#039;s all CIO &amp; Technology\" \/>\n<meta property=\"article:modified_time\" content=\"2023-08-18T14:07:23+00:00\" \/>\n<meta name=\"twitter:card\" content=\"summary_large_image\" \/>\n<meta name=\"twitter:label1\" content=\"Tempo di lettura stimato\" \/>\n\t<meta name=\"twitter:data1\" content=\"5 minuti\" \/>\n<script type=\"application\/ld+json\" class=\"yoast-schema-graph\">{\"@context\":\"https:\/\/schema.org\",\"@graph\":[{\"@type\":\"WebPage\",\"@id\":\"https:\/\/itsall-ciotechnology.com\/index.php\/intervista-michelangelo-uberti-dynatrace\/\",\"url\":\"https:\/\/itsall-ciotechnology.com\/index.php\/intervista-michelangelo-uberti-dynatrace\/\",\"name\":\"Intervista - It&#039;s all CIO &amp; Technology\",\"isPartOf\":{\"@id\":\"https:\/\/itsall-ciotechnology.com\/#website\"},\"datePublished\":\"2023-08-18T14:01:16+00:00\",\"dateModified\":\"2023-08-18T14:07:23+00:00\",\"breadcrumb\":{\"@id\":\"https:\/\/itsall-ciotechnology.com\/index.php\/intervista-michelangelo-uberti-dynatrace\/#breadcrumb\"},\"inLanguage\":\"it-IT\",\"potentialAction\":[{\"@type\":\"ReadAction\",\"target\":[\"https:\/\/itsall-ciotechnology.com\/index.php\/intervista-michelangelo-uberti-dynatrace\/\"]}]},{\"@type\":\"BreadcrumbList\",\"@id\":\"https:\/\/itsall-ciotechnology.com\/index.php\/intervista-michelangelo-uberti-dynatrace\/#breadcrumb\",\"itemListElement\":[{\"@type\":\"ListItem\",\"position\":1,\"name\":\"Home\",\"item\":\"https:\/\/itsall-ciotechnology.com\/\"},{\"@type\":\"ListItem\",\"position\":2,\"name\":\"Intervista\"}]},{\"@type\":\"WebSite\",\"@id\":\"https:\/\/itsall-ciotechnology.com\/#website\",\"url\":\"https:\/\/itsall-ciotechnology.com\/\",\"name\":\"It&#039;s all CIO &amp; Technology\",\"description\":\"I BIG dell IT a confronto\",\"potentialAction\":[{\"@type\":\"SearchAction\",\"target\":{\"@type\":\"EntryPoint\",\"urlTemplate\":\"https:\/\/itsall-ciotechnology.com\/?s={search_term_string}\"},\"query-input\":{\"@type\":\"PropertyValueSpecification\",\"valueRequired\":true,\"valueName\":\"search_term_string\"}}],\"inLanguage\":\"it-IT\"}]}<\/script>\n<!-- \/ Yoast SEO plugin. -->","yoast_head_json":{"title":"Intervista - It&#039;s all CIO &amp; Technology","robots":{"index":"index","follow":"follow","max-snippet":"max-snippet:-1","max-image-preview":"max-image-preview:large","max-video-preview":"max-video-preview:-1"},"canonical":"https:\/\/itsall-ciotechnology.com\/index.php\/intervista-michelangelo-uberti-dynatrace\/","og_locale":"it_IT","og_type":"article","og_title":"Intervista - It&#039;s all CIO &amp; Technology","og_description":"[vc_row css=&#8221;.vc_custom_1692367563880{padding-top: 20px !important;}&#8221;][vc_column width=&#8221;5\/6&#8243;][vc_single_image image=&#8221;4935&#8243; img_size=&#8221;full&#8221; style=&#8221;vc_box_border_circle_2&#8243;][vc_column_text]Michelangelo Uberti\u00a0Marketing Manager Italy\u00a0DYNATRACE[\/vc_column_text][\/vc_column][vc_column width=&#8221;1\/6&#8243;][vc_single_image image=&#8221;5379&#8243;][\/vc_column][\/vc_row][vc_row][vc_column][vc_column_text] Il cloud e le tecnologie cloud-native sono una realt\u00e0 per 9 organizzazioni su 10. Ci\u00f2 ha contribuito ad accelerare l\u2019innovazione ma, secondo recenti indagini, ha anche innalzato il livello di complessit\u00e0. Quali sono le nuove sfide per i CxO e in che [&hellip;]","og_url":"https:\/\/itsall-ciotechnology.com\/index.php\/intervista-michelangelo-uberti-dynatrace\/","og_site_name":"It&#039;s all CIO &amp; Technology","article_modified_time":"2023-08-18T14:07:23+00:00","twitter_card":"summary_large_image","twitter_misc":{"Tempo di lettura stimato":"5 minuti"},"schema":{"@context":"https:\/\/schema.org","@graph":[{"@type":"WebPage","@id":"https:\/\/itsall-ciotechnology.com\/index.php\/intervista-michelangelo-uberti-dynatrace\/","url":"https:\/\/itsall-ciotechnology.com\/index.php\/intervista-michelangelo-uberti-dynatrace\/","name":"Intervista - It&#039;s all CIO &amp; Technology","isPartOf":{"@id":"https:\/\/itsall-ciotechnology.com\/#website"},"datePublished":"2023-08-18T14:01:16+00:00","dateModified":"2023-08-18T14:07:23+00:00","breadcrumb":{"@id":"https:\/\/itsall-ciotechnology.com\/index.php\/intervista-michelangelo-uberti-dynatrace\/#breadcrumb"},"inLanguage":"it-IT","potentialAction":[{"@type":"ReadAction","target":["https:\/\/itsall-ciotechnology.com\/index.php\/intervista-michelangelo-uberti-dynatrace\/"]}]},{"@type":"BreadcrumbList","@id":"https:\/\/itsall-ciotechnology.com\/index.php\/intervista-michelangelo-uberti-dynatrace\/#breadcrumb","itemListElement":[{"@type":"ListItem","position":1,"name":"Home","item":"https:\/\/itsall-ciotechnology.com\/"},{"@type":"ListItem","position":2,"name":"Intervista"}]},{"@type":"WebSite","@id":"https:\/\/itsall-ciotechnology.com\/#website","url":"https:\/\/itsall-ciotechnology.com\/","name":"It&#039;s all CIO &amp; Technology","description":"I BIG dell IT a confronto","potentialAction":[{"@type":"SearchAction","target":{"@type":"EntryPoint","urlTemplate":"https:\/\/itsall-ciotechnology.com\/?s={search_term_string}"},"query-input":{"@type":"PropertyValueSpecification","valueRequired":true,"valueName":"search_term_string"}}],"inLanguage":"it-IT"}]}},"_links":{"self":[{"href":"https:\/\/itsall-ciotechnology.com\/index.php\/wp-json\/wp\/v2\/pages\/5377","targetHints":{"allow":["GET"]}}],"collection":[{"href":"https:\/\/itsall-ciotechnology.com\/index.php\/wp-json\/wp\/v2\/pages"}],"about":[{"href":"https:\/\/itsall-ciotechnology.com\/index.php\/wp-json\/wp\/v2\/types\/page"}],"author":[{"embeddable":true,"href":"https:\/\/itsall-ciotechnology.com\/index.php\/wp-json\/wp\/v2\/users\/2"}],"replies":[{"embeddable":true,"href":"https:\/\/itsall-ciotechnology.com\/index.php\/wp-json\/wp\/v2\/comments?post=5377"}],"version-history":[{"count":5,"href":"https:\/\/itsall-ciotechnology.com\/index.php\/wp-json\/wp\/v2\/pages\/5377\/revisions"}],"predecessor-version":[{"id":5385,"href":"https:\/\/itsall-ciotechnology.com\/index.php\/wp-json\/wp\/v2\/pages\/5377\/revisions\/5385"}],"wp:attachment":[{"href":"https:\/\/itsall-ciotechnology.com\/index.php\/wp-json\/wp\/v2\/media?parent=5377"}],"curies":[{"name":"wp","href":"https:\/\/api.w.org\/{rel}","templated":true}]}}