{"id":5446,"date":"2023-09-13T19:13:26","date_gmt":"2023-09-13T17:13:26","guid":{"rendered":"https:\/\/itsall-ciotechnology.com\/?page_id=5446"},"modified":"2023-09-13T19:24:54","modified_gmt":"2023-09-13T17:24:54","slug":"intervista-ninjaone","status":"publish","type":"page","link":"https:\/\/itsall-ciotechnology.com\/index.php\/intervista-ninjaone\/","title":{"rendered":"Intervista"},"content":{"rendered":"<p>[vc_row css=&#8221;.vc_custom_1692367563880{padding-top: 20px !important;}&#8221;][vc_column width=&#8221;5\/6&#8243;][vc_single_image image=&#8221;5447&#8243; img_size=&#8221;full&#8221; style=&#8221;vc_box_border_circle_2&#8243;][vc_column_text]<strong>David Protzmann<\/strong> Sr. Director of Marketing, EMEA <strong>NINJAONE<\/strong>[\/vc_column_text][\/vc_column][vc_column width=&#8221;1\/6&#8243;][vc_single_image image=&#8221;5379&#8243;][\/vc_column][\/vc_row][vc_row][vc_column][vc_column_text]<\/p>\n<h2><span style=\"color: #333333;\"><strong>Quali sono i principali obiettivi che NinjaOne ha raggiunto nel campo della gestione IT e del supporto tecnico, e come tali risultati contribuiscono a migliorare l&#8217;efficienza dei professionisti IT e la soddisfazione degli utenti?<\/strong><\/span><\/h2>\n<p>NinjaOne \u00e8 una soluzione leader nella gestione unificata IT che semplifica il modo in cui lavorano gli MSP e i reparti IT. Con NinjaOne, gli MSP e i reparti IT possono automatizzare, gestire e risolvere tutti i loro compiti di gestione IT in una piattaforma moderna e intuitiva, migliorando l&#8217;efficienza dei tecnici e la soddisfazione degli utenti.<\/p>\n<p>La missione dell&#8217;azienda \u00e8 quella di semplificare la gestione IT e rendere i team IT pi\u00f9 efficienti e gli utenti pi\u00f9 produttivi. Oltre 12.000 MSP e professionisti IT in tutto il mondo utilizzano la piattaforma NinjaOne per automatizzare, gestire e risolvere i compiti IT al fine di migliorare l&#8217;efficienza IT e aumentare la soddisfazione dei dipendenti.<\/p>\n<p>Ci\u00f2 che differenzia NinjaOne \u00e8 il suo approccio di supporto trasformativo, che si distingue nettamente da una semplice transazione commerciale. Mettere in pratica questa convinzione ha comportato che i nostri partner ci abbiano valutato al primo posto per il supporto attraverso meccanismi di valutazione molteplici, anno dopo anno. Tutti i partner Ninja ricevono onboarding, supporto e formazione gratuiti e illimitati.<\/p>\n<p>Quest&#8217;anno, NinjaOne ha ottenuto il primo posto per il Monitoraggio e la Gestione Remota (RMM) per il 17\u00b0 trimestre consecutivo. Questo risultato dimostra l&#8217;eccellenza costante della nostra piattaforma nel permettere agli MSP e ai team IT di monitorare e gestire qualsiasi tipo di dispositivo su larga scala.<\/p>\n<p><strong>\u00a0<\/strong><\/p>\n<h2><span style=\"color: #333333;\"><strong>Quando ha iniziato il percorso di NinjaOne e come si \u00e8 evoluto nel corso degli anni per supportare gli MSP?<\/strong><\/span><\/h2>\n<p>Inizialmente, NinjaOne si concentrava sulla fornitura di funzionalit\u00e0 fondamentali di monitoraggio e gestione remota per aiutare gli MSP a ottimizzare le proprie attivit\u00e0 e fornire servizi IT coerenti. Man mano che le esigenze degli MSP si evolvevano, NinjaOne ha adattato la sua piattaforma per offrire una suite completa di strumenti oltre al RMM. Questi strumenti includevano monitoraggio, gestione delle patch, distribuzione di software, backup, ticketing e funzionalit\u00e0 di automazione, consentendo agli MSP di offrire livelli pi\u00f9 elevati di efficienza e qualit\u00e0 del servizio ai propri clienti.<\/p>\n<p>Nel corso degli anni, NinjaOne ha costantemente cercato di rimanere al passo con le tendenze tecnologiche. Ha integrato funzionalit\u00e0 all&#8217;avanguardia come la gestione proattiva e l&#8217;automazione IT, che consentono agli MSP di prevedere potenziali problemi e affrontarli prima che abbiano un impatto sui sistemi dei clienti, in modo da poter abbandonare il modello &#8220;ripara e rompi&#8221;.<\/p>\n<p>Inoltre, NinjaOne \u00e8 stato proattivo nell&#8217;adattarsi allo spostamento verso la sicurezza informatica. Riconoscendo l&#8217;importanza crescente della cybersecurity, NinjaOne ha potenziato le sue offerte, fornendo agli MSP una profonda visibilit\u00e0, un semplificato sistema di patching, un potenziamento degli endpoint e backup affidabili.<\/p>\n<p>[\/vc_column_text][\/vc_column][\/vc_row]<\/p>\n","protected":false},"excerpt":{"rendered":"<p>[vc_row css=&#8221;.vc_custom_1692367563880{padding-top: 20px !important;}&#8221;][vc_column width=&#8221;5\/6&#8243;][vc_single_image image=&#8221;5447&#8243; img_size=&#8221;full&#8221; style=&#8221;vc_box_border_circle_2&#8243;][vc_column_text]David Protzmann Sr. Director of Marketing, EMEA NINJAONE[\/vc_column_text][\/vc_column][vc_column width=&#8221;1\/6&#8243;][vc_single_image image=&#8221;5379&#8243;][\/vc_column][\/vc_row][vc_row][vc_column][vc_column_text] Quali sono i principali obiettivi che NinjaOne ha raggiunto nel campo della gestione IT e del supporto tecnico, e come tali risultati contribuiscono a migliorare l&#8217;efficienza dei professionisti IT e la soddisfazione degli utenti? NinjaOne \u00e8 una soluzione [&hellip;]<\/p>\n","protected":false},"author":2,"featured_media":0,"parent":0,"menu_order":0,"comment_status":"closed","ping_status":"closed","template":"","meta":{"footnotes":""},"class_list":["post-5446","page","type-page","status-publish","hentry"],"yoast_head":"<!-- This site is optimized with the Yoast SEO plugin v24.8.1 - https:\/\/yoast.com\/wordpress\/plugins\/seo\/ -->\n<title>Intervista - It&#039;s all CIO &amp; Technology<\/title>\n<meta name=\"robots\" content=\"index, follow, max-snippet:-1, max-image-preview:large, max-video-preview:-1\" \/>\n<link rel=\"canonical\" href=\"https:\/\/itsall-ciotechnology.com\/index.php\/intervista-ninjaone\/\" \/>\n<meta property=\"og:locale\" content=\"it_IT\" \/>\n<meta property=\"og:type\" content=\"article\" \/>\n<meta property=\"og:title\" content=\"Intervista - It&#039;s all CIO &amp; Technology\" \/>\n<meta property=\"og:description\" content=\"[vc_row css=&#8221;.vc_custom_1692367563880{padding-top: 20px !important;}&#8221;][vc_column width=&#8221;5\/6&#8243;][vc_single_image image=&#8221;5447&#8243; img_size=&#8221;full&#8221; style=&#8221;vc_box_border_circle_2&#8243;][vc_column_text]David Protzmann Sr. Director of Marketing, EMEA NINJAONE[\/vc_column_text][\/vc_column][vc_column width=&#8221;1\/6&#8243;][vc_single_image image=&#8221;5379&#8243;][\/vc_column][\/vc_row][vc_row][vc_column][vc_column_text] Quali sono i principali obiettivi che NinjaOne ha raggiunto nel campo della gestione IT e del supporto tecnico, e come tali risultati contribuiscono a migliorare l&#8217;efficienza dei professionisti IT e la soddisfazione degli utenti? NinjaOne \u00e8 una soluzione [&hellip;]\" \/>\n<meta property=\"og:url\" content=\"https:\/\/itsall-ciotechnology.com\/index.php\/intervista-ninjaone\/\" \/>\n<meta property=\"og:site_name\" content=\"It&#039;s all CIO &amp; Technology\" \/>\n<meta property=\"article:modified_time\" content=\"2023-09-13T17:24:54+00:00\" \/>\n<meta name=\"twitter:card\" content=\"summary_large_image\" \/>\n<meta name=\"twitter:label1\" content=\"Tempo di lettura stimato\" \/>\n\t<meta name=\"twitter:data1\" content=\"3 minuti\" \/>\n<script type=\"application\/ld+json\" class=\"yoast-schema-graph\">{\"@context\":\"https:\/\/schema.org\",\"@graph\":[{\"@type\":\"WebPage\",\"@id\":\"https:\/\/itsall-ciotechnology.com\/index.php\/intervista-ninjaone\/\",\"url\":\"https:\/\/itsall-ciotechnology.com\/index.php\/intervista-ninjaone\/\",\"name\":\"Intervista - It&#039;s all CIO &amp; Technology\",\"isPartOf\":{\"@id\":\"https:\/\/itsall-ciotechnology.com\/#website\"},\"datePublished\":\"2023-09-13T17:13:26+00:00\",\"dateModified\":\"2023-09-13T17:24:54+00:00\",\"breadcrumb\":{\"@id\":\"https:\/\/itsall-ciotechnology.com\/index.php\/intervista-ninjaone\/#breadcrumb\"},\"inLanguage\":\"it-IT\",\"potentialAction\":[{\"@type\":\"ReadAction\",\"target\":[\"https:\/\/itsall-ciotechnology.com\/index.php\/intervista-ninjaone\/\"]}]},{\"@type\":\"BreadcrumbList\",\"@id\":\"https:\/\/itsall-ciotechnology.com\/index.php\/intervista-ninjaone\/#breadcrumb\",\"itemListElement\":[{\"@type\":\"ListItem\",\"position\":1,\"name\":\"Home\",\"item\":\"https:\/\/itsall-ciotechnology.com\/\"},{\"@type\":\"ListItem\",\"position\":2,\"name\":\"Intervista\"}]},{\"@type\":\"WebSite\",\"@id\":\"https:\/\/itsall-ciotechnology.com\/#website\",\"url\":\"https:\/\/itsall-ciotechnology.com\/\",\"name\":\"It&#039;s all CIO &amp; Technology\",\"description\":\"I BIG dell IT a confronto\",\"potentialAction\":[{\"@type\":\"SearchAction\",\"target\":{\"@type\":\"EntryPoint\",\"urlTemplate\":\"https:\/\/itsall-ciotechnology.com\/?s={search_term_string}\"},\"query-input\":{\"@type\":\"PropertyValueSpecification\",\"valueRequired\":true,\"valueName\":\"search_term_string\"}}],\"inLanguage\":\"it-IT\"}]}<\/script>\n<!-- \/ Yoast SEO plugin. -->","yoast_head_json":{"title":"Intervista - It&#039;s all CIO &amp; Technology","robots":{"index":"index","follow":"follow","max-snippet":"max-snippet:-1","max-image-preview":"max-image-preview:large","max-video-preview":"max-video-preview:-1"},"canonical":"https:\/\/itsall-ciotechnology.com\/index.php\/intervista-ninjaone\/","og_locale":"it_IT","og_type":"article","og_title":"Intervista - It&#039;s all CIO &amp; Technology","og_description":"[vc_row css=&#8221;.vc_custom_1692367563880{padding-top: 20px !important;}&#8221;][vc_column width=&#8221;5\/6&#8243;][vc_single_image image=&#8221;5447&#8243; img_size=&#8221;full&#8221; style=&#8221;vc_box_border_circle_2&#8243;][vc_column_text]David Protzmann Sr. Director of Marketing, EMEA NINJAONE[\/vc_column_text][\/vc_column][vc_column width=&#8221;1\/6&#8243;][vc_single_image image=&#8221;5379&#8243;][\/vc_column][\/vc_row][vc_row][vc_column][vc_column_text] Quali sono i principali obiettivi che NinjaOne ha raggiunto nel campo della gestione IT e del supporto tecnico, e come tali risultati contribuiscono a migliorare l&#8217;efficienza dei professionisti IT e la soddisfazione degli utenti? NinjaOne \u00e8 una soluzione [&hellip;]","og_url":"https:\/\/itsall-ciotechnology.com\/index.php\/intervista-ninjaone\/","og_site_name":"It&#039;s all CIO &amp; Technology","article_modified_time":"2023-09-13T17:24:54+00:00","twitter_card":"summary_large_image","twitter_misc":{"Tempo di lettura stimato":"3 minuti"},"schema":{"@context":"https:\/\/schema.org","@graph":[{"@type":"WebPage","@id":"https:\/\/itsall-ciotechnology.com\/index.php\/intervista-ninjaone\/","url":"https:\/\/itsall-ciotechnology.com\/index.php\/intervista-ninjaone\/","name":"Intervista - It&#039;s all CIO &amp; Technology","isPartOf":{"@id":"https:\/\/itsall-ciotechnology.com\/#website"},"datePublished":"2023-09-13T17:13:26+00:00","dateModified":"2023-09-13T17:24:54+00:00","breadcrumb":{"@id":"https:\/\/itsall-ciotechnology.com\/index.php\/intervista-ninjaone\/#breadcrumb"},"inLanguage":"it-IT","potentialAction":[{"@type":"ReadAction","target":["https:\/\/itsall-ciotechnology.com\/index.php\/intervista-ninjaone\/"]}]},{"@type":"BreadcrumbList","@id":"https:\/\/itsall-ciotechnology.com\/index.php\/intervista-ninjaone\/#breadcrumb","itemListElement":[{"@type":"ListItem","position":1,"name":"Home","item":"https:\/\/itsall-ciotechnology.com\/"},{"@type":"ListItem","position":2,"name":"Intervista"}]},{"@type":"WebSite","@id":"https:\/\/itsall-ciotechnology.com\/#website","url":"https:\/\/itsall-ciotechnology.com\/","name":"It&#039;s all CIO &amp; Technology","description":"I BIG dell IT a confronto","potentialAction":[{"@type":"SearchAction","target":{"@type":"EntryPoint","urlTemplate":"https:\/\/itsall-ciotechnology.com\/?s={search_term_string}"},"query-input":{"@type":"PropertyValueSpecification","valueRequired":true,"valueName":"search_term_string"}}],"inLanguage":"it-IT"}]}},"_links":{"self":[{"href":"https:\/\/itsall-ciotechnology.com\/index.php\/wp-json\/wp\/v2\/pages\/5446","targetHints":{"allow":["GET"]}}],"collection":[{"href":"https:\/\/itsall-ciotechnology.com\/index.php\/wp-json\/wp\/v2\/pages"}],"about":[{"href":"https:\/\/itsall-ciotechnology.com\/index.php\/wp-json\/wp\/v2\/types\/page"}],"author":[{"embeddable":true,"href":"https:\/\/itsall-ciotechnology.com\/index.php\/wp-json\/wp\/v2\/users\/2"}],"replies":[{"embeddable":true,"href":"https:\/\/itsall-ciotechnology.com\/index.php\/wp-json\/wp\/v2\/comments?post=5446"}],"version-history":[{"count":3,"href":"https:\/\/itsall-ciotechnology.com\/index.php\/wp-json\/wp\/v2\/pages\/5446\/revisions"}],"predecessor-version":[{"id":5449,"href":"https:\/\/itsall-ciotechnology.com\/index.php\/wp-json\/wp\/v2\/pages\/5446\/revisions\/5449"}],"wp:attachment":[{"href":"https:\/\/itsall-ciotechnology.com\/index.php\/wp-json\/wp\/v2\/media?parent=5446"}],"curies":[{"name":"wp","href":"https:\/\/api.w.org\/{rel}","templated":true}]}}