{"id":5495,"date":"2023-09-27T14:22:07","date_gmt":"2023-09-27T12:22:07","guid":{"rendered":"https:\/\/itsall-ciotechnology.com\/?page_id=5495"},"modified":"2023-09-28T15:18:42","modified_gmt":"2023-09-28T13:18:42","slug":"intervista-marazzi-stim","status":"publish","type":"page","link":"https:\/\/itsall-ciotechnology.com\/index.php\/intervista-marazzi-stim\/","title":{"rendered":"Intervista"},"content":{"rendered":"<p>[vc_row css=&#8221;.vc_custom_1692367563880{padding-top: 20px !important;}&#8221;][vc_column width=&#8221;5\/6&#8243;][vc_single_image image=&#8221;5496&#8243; img_size=&#8221;full&#8221; style=&#8221;vc_box_border_circle_2&#8243;][vc_column_text]<strong>Stefano Marazzi<\/strong> CEO <strong>STIM TECH GROUP<\/strong>[\/vc_column_text][\/vc_column][vc_column width=&#8221;1\/6&#8243;][vc_single_image image=&#8221;5379&#8243;][\/vc_column][\/vc_row][vc_row][vc_column][vc_column_text]<\/p>\n<h2><span style=\"color: #333333;\"><strong>Chi \u00e8 STIM Tech Group e quale il suo valore aggiunto?<\/strong><\/span><\/h2>\n<p>STIM Tech Group &#8211; con Ayno, MCA, e YOODA, \u00e8 un System Integrator specializzato in Integrazione di Sistemi ICT, IT Managed Services, Cyber Security e soluzioni basate sull\u2019ambiente Microsoft Teams, Digital Workplace, Unified Communication e Soluzioni Audio e Video e Controllo.<\/p>\n<p>Grazie a team di figure professionali competenti ed esperti in tecnologie ICT, affianca aziende e realt\u00e0 del Settore Privato e Pubblico ed operatori di telecomunicazioni in importanti progetti di trasformazione digitale.<\/p>\n<p>Nata nel lontano 1988 a Milano nel corso degli anni si \u00e8 evoluta traguardando un solido gruppo; ad oggi ne sono parte la capogruppo STIM Tech Group, MCA, AYNO e YOODA. Un\u2019esperienza imprenditoriale che ha portato alla costituzione di un Gruppo con competenze tecniche elevate ed un fatturato aggregato di circa 50 milioni di euro.<\/p>\n<p>La forza di STIM Tech Group \u00e8 proprio nella trasversalit\u00e0 delle competenze del gruppo:<\/p>\n<p>STIM Tech Group (www.stimtlc.it), con sede a Milano e Roma, \u00e8 il centro del nostro ecosistema, con l\u2019esperienza e la flessibilit\u00e0 nell\u2019ambito delle soluzioni di Unified Communication e Collaboration, Integrazione Audio \/ Video e Controllo, Networking, Infrastructure, Data Center, Managed Services &amp; Cyber Security.<\/p>\n<p>AYNO (www.ayno.it), con sede a Roma e Milano, \u00e8 una societ\u00e0 specializzata nella progettazione e realizzazione di sistemi evoluti di videoconferenza e soluzioni audiovisive integrate per sale meeting, auditorium e sale universitarie, uffici e spazi eventi, co-working e smart-working.<\/p>\n<p>YOODA (www.yooda.tech), con sede a Roma e Milano, \u00e8 la societ\u00e0 rivolta alle soluzioni pi\u00f9 innovative con competenze, attitudini e DNA specifico per lo sviluppo di soluzioni di Digital e Smart Workplace basate sulla piattaforma Microsoft Teams. Yooda \u00e8 Gold Partner Microsoft, con particolare riferimento alle soluzioni Voce e Cloud.<\/p>\n<p>MCA (www.mcamedia.com), con sede a Bresso (MI), si occupa di progettazione, realizzazione e noleggio di soluzioni per sistemi audiovisivi multimediali ed eventi, integrando sistemi UCC con le principali tecnologie Audio Video, Web e Streaming, per aziende private e pubbliche, distribuzione organizzata e studi di architettura e progettazione.<\/p>\n<p>La capacit\u00e0 di esprimere valore in maniera sinergica tra le societ\u00e0 del gruppo, unitamente ad un portafoglio di offerta di qualit\u00e0 intrinseca e correlato alle necessit\u00e0 delle aziende, \u00e8 il punto distintivo del nostro Gruppo.<\/p>\n<p>Ricerchiamo continuamente la qualit\u00e0 delle soluzioni offerte, con programmi di ricerca e sviluppo orientati alla definizione di nuove soluzioni da proporre ai Clienti ed alla integrazione di sistemi e servizi per il rilascio di un\u2019offerta al passo coi tempi e duratura. Un&#8217;attenzione particolare \u00e8 orientata all\u2019intero ecosistema Microsoft O365 Teams ed alle nuove tecnologie e soluzioni emergenti in ambito Cyber Security. In aggiunta a queste soluzioni mettiamo a disposizione dei clienti capacit\u00e0 progettuale e implementativa correlate alle aspettative di qualit\u00e0 e puntualit\u00e0. Un portafoglio ampio di servizi personalizzati di integrazione, progettazione, gestione delle infrastrutture ICT servizi di Collaboration.<\/p>\n<p>&nbsp;<\/p>\n<h2><span style=\"color: #333333;\"><strong>In che modo ritiene che le nuove tecnologie possono aiutare le Aziende in questo momento?<\/strong><\/span><\/h2>\n<p>Le organizzazioni di tutto il mondo hanno affrontato negli ultimi anni un\u2019accelerazione digitale vertiginosa.<\/p>\n<p>Questa crescita \u00e8 stata talvolta anche caotica e confusa e ha in molti casi portato ad un inadeguato livello di pianificazione e gestione delle nuove modalit\u00e0 di collaborazione.<\/p>\n<p>Per le aziende le priorit\u00e0 in ambito ICT attuali sono chiare: <strong>Digital Transformation e Sicurezza Informatica<\/strong>.<\/p>\n<p>\u00c8 da ormai molto tempo che si parla di Digital Transformation, termine entrato ormai sul podio delle priorit\u00e0 delle organizzazioni di tutto il mondo ma in molte realt\u00e0 non \u00e8 ancora veramente chiaro che cosa significhi concretamente questo percorso di modernizzazione dell\u2019ICT e come si possa applicare al proprio modello di business.<\/p>\n<p>La trasformazione digitale non implica solo un aggiornamento degli strumenti digitali aziendali ma deve essere supportata e accompagnata da un cambio culturale che trova spesso resistenze dovute alle abitudini comportamentali e alla normale reticenza dell\u2019uomo ai cambiamenti.<\/p>\n<p>Per questo \u00e8 importante che la Digital Transformation sia pianificata e guidata da un progetto di change management attraverso il quale sviluppare nuovi modi di lavorare, con nuovi processi per ingaggiare le persone massimizzando l\u2019utilizzo della tecnologia per creare una cultura digitale condivisa.<\/p>\n<p>Lo Smart Working \u00e8 un esempio chiaro di Digital Transformation, in cui la tecnologia aiuta le aziende a innovare e aumentare la propria competitivit\u00e0.<\/p>\n<p>Digital Transformation significa dunque non solo introdurre nuovi processi ICT ma anche accompagnare questa transizione con un importante cambiamento culturale; sviluppare nuovi prodotti e servizi abilitati dalla digitalizzazione, con un trend crescente verso la XaaS &#8211; ovvero everything-as-a-service.<\/p>\n<p>Va da s\u00e9 che in un modo sempre pi\u00f9 digitalizzato e connesso, l\u2019importanza della Cyber Security cresca di pari passo.<\/p>\n<p><strong>Non c\u2019\u00e8 transizione digitale senza sicurezza.<\/strong><\/p>\n<p>Gli attacchi informatici pi\u00f9 diffusi consistono in fishing, programmi malware, attacchi man in the middle, SQL injection, Denial-of-Service, attacchi zero-day, botnet\u2026<\/p>\n<p>Per evitare che attacchi di questo tipo accadano il primo passo che ogni azienda deve fare \u00e8 una valutazione tecnica che consenta di stabilire lo stato di fatto di esposizione ai rischi informatici.<\/p>\n<p>Grazie ad un\u2019approfondita attivit\u00e0 di \u201cVulnerability Assessment\u201d \u00e8 possibile individuare il livello di sicurezza dell\u2019infrastruttura IT e l\u2019esposizione delle proprie componenti verso possibili attacchi informatici, esterni o interni, volti ad eludere i controlli di sicurezza in essere al fine di ottenere l\u2019accesso, non autorizzato, agli asset e alle informazioni aziendali.<\/p>\n<p>Oltre a questo \u00e8 fondamentale che i dipendenti prendano coscienza del loro ruolo, attraverso comportamenti pi\u00f9 o meno virtuosi, sulla sicurezza informatica aziendale.<\/p>\n<p>Pertanto, l\u2019attivit\u00e0 di formazione \u00e8 una priorit\u00e0 non solo perch\u00e9 la normativa lo richiede, ma soprattutto perch\u00e9 aumenta il livello di consapevolezza degli utenti.<\/p>\n<p>Naturalmente, oltre a modificare i comportamenti umani che mettono a rischio la sicurezza aziendale, l\u2019organizzazione deve affidarsi ad un partner in grado di mettere in campo tutte le azioni necessarie alla protezione dei sistemi informativi.<br \/>\nInvestimenti mirati sono stati effettuati dal nostro Gruppo lungo questa direzione, la formazione continua dei nostri collaboratori e sistemisti che erogano servizi di Cyber Security e la realizzazione di un <strong>SOC &#8211; Security Operation Center<\/strong>\u00a0sono segni tangibili della volont\u00e0 di erogare servizi sempre pi\u00f9 commisurati alle esigenze dei nostri Clienti.[\/vc_column_text][\/vc_column][\/vc_row]<\/p>\n","protected":false},"excerpt":{"rendered":"<p>[vc_row css=&#8221;.vc_custom_1692367563880{padding-top: 20px !important;}&#8221;][vc_column width=&#8221;5\/6&#8243;][vc_single_image image=&#8221;5496&#8243; img_size=&#8221;full&#8221; style=&#8221;vc_box_border_circle_2&#8243;][vc_column_text]Stefano Marazzi CEO STIM TECH GROUP[\/vc_column_text][\/vc_column][vc_column width=&#8221;1\/6&#8243;][vc_single_image image=&#8221;5379&#8243;][\/vc_column][\/vc_row][vc_row][vc_column][vc_column_text] Chi \u00e8 STIM Tech Group e quale il suo valore aggiunto? STIM Tech Group &#8211; con Ayno, MCA, e YOODA, \u00e8 un System Integrator specializzato in Integrazione di Sistemi ICT, IT Managed Services, Cyber Security e soluzioni basate sull\u2019ambiente Microsoft [&hellip;]<\/p>\n","protected":false},"author":2,"featured_media":0,"parent":0,"menu_order":0,"comment_status":"closed","ping_status":"closed","template":"","meta":{"footnotes":""},"class_list":["post-5495","page","type-page","status-publish","hentry"],"yoast_head":"<!-- This site is optimized with the Yoast SEO plugin v24.8.1 - https:\/\/yoast.com\/wordpress\/plugins\/seo\/ -->\n<title>Intervista - It&#039;s all CIO &amp; Technology<\/title>\n<meta name=\"robots\" content=\"index, follow, max-snippet:-1, max-image-preview:large, max-video-preview:-1\" \/>\n<link rel=\"canonical\" href=\"https:\/\/itsall-ciotechnology.com\/index.php\/intervista-marazzi-stim\/\" \/>\n<meta property=\"og:locale\" content=\"it_IT\" \/>\n<meta property=\"og:type\" content=\"article\" \/>\n<meta property=\"og:title\" content=\"Intervista - It&#039;s all CIO &amp; Technology\" \/>\n<meta property=\"og:description\" content=\"[vc_row css=&#8221;.vc_custom_1692367563880{padding-top: 20px !important;}&#8221;][vc_column width=&#8221;5\/6&#8243;][vc_single_image image=&#8221;5496&#8243; img_size=&#8221;full&#8221; style=&#8221;vc_box_border_circle_2&#8243;][vc_column_text]Stefano Marazzi CEO STIM TECH GROUP[\/vc_column_text][\/vc_column][vc_column width=&#8221;1\/6&#8243;][vc_single_image image=&#8221;5379&#8243;][\/vc_column][\/vc_row][vc_row][vc_column][vc_column_text] Chi \u00e8 STIM Tech Group e quale il suo valore aggiunto? STIM Tech Group &#8211; con Ayno, MCA, e YOODA, \u00e8 un System Integrator specializzato in Integrazione di Sistemi ICT, IT Managed Services, Cyber Security e soluzioni basate sull\u2019ambiente Microsoft [&hellip;]\" \/>\n<meta property=\"og:url\" content=\"https:\/\/itsall-ciotechnology.com\/index.php\/intervista-marazzi-stim\/\" \/>\n<meta property=\"og:site_name\" content=\"It&#039;s all CIO &amp; Technology\" \/>\n<meta property=\"article:modified_time\" content=\"2023-09-28T13:18:42+00:00\" \/>\n<meta name=\"twitter:card\" content=\"summary_large_image\" \/>\n<meta name=\"twitter:label1\" content=\"Tempo di lettura stimato\" \/>\n\t<meta name=\"twitter:data1\" content=\"5 minuti\" \/>\n<script type=\"application\/ld+json\" class=\"yoast-schema-graph\">{\"@context\":\"https:\/\/schema.org\",\"@graph\":[{\"@type\":\"WebPage\",\"@id\":\"https:\/\/itsall-ciotechnology.com\/index.php\/intervista-marazzi-stim\/\",\"url\":\"https:\/\/itsall-ciotechnology.com\/index.php\/intervista-marazzi-stim\/\",\"name\":\"Intervista - It&#039;s all CIO &amp; Technology\",\"isPartOf\":{\"@id\":\"https:\/\/itsall-ciotechnology.com\/#website\"},\"datePublished\":\"2023-09-27T12:22:07+00:00\",\"dateModified\":\"2023-09-28T13:18:42+00:00\",\"breadcrumb\":{\"@id\":\"https:\/\/itsall-ciotechnology.com\/index.php\/intervista-marazzi-stim\/#breadcrumb\"},\"inLanguage\":\"it-IT\",\"potentialAction\":[{\"@type\":\"ReadAction\",\"target\":[\"https:\/\/itsall-ciotechnology.com\/index.php\/intervista-marazzi-stim\/\"]}]},{\"@type\":\"BreadcrumbList\",\"@id\":\"https:\/\/itsall-ciotechnology.com\/index.php\/intervista-marazzi-stim\/#breadcrumb\",\"itemListElement\":[{\"@type\":\"ListItem\",\"position\":1,\"name\":\"Home\",\"item\":\"https:\/\/itsall-ciotechnology.com\/\"},{\"@type\":\"ListItem\",\"position\":2,\"name\":\"Intervista\"}]},{\"@type\":\"WebSite\",\"@id\":\"https:\/\/itsall-ciotechnology.com\/#website\",\"url\":\"https:\/\/itsall-ciotechnology.com\/\",\"name\":\"It&#039;s all CIO &amp; Technology\",\"description\":\"I BIG dell IT a confronto\",\"potentialAction\":[{\"@type\":\"SearchAction\",\"target\":{\"@type\":\"EntryPoint\",\"urlTemplate\":\"https:\/\/itsall-ciotechnology.com\/?s={search_term_string}\"},\"query-input\":{\"@type\":\"PropertyValueSpecification\",\"valueRequired\":true,\"valueName\":\"search_term_string\"}}],\"inLanguage\":\"it-IT\"}]}<\/script>\n<!-- \/ Yoast SEO plugin. -->","yoast_head_json":{"title":"Intervista - It&#039;s all CIO &amp; Technology","robots":{"index":"index","follow":"follow","max-snippet":"max-snippet:-1","max-image-preview":"max-image-preview:large","max-video-preview":"max-video-preview:-1"},"canonical":"https:\/\/itsall-ciotechnology.com\/index.php\/intervista-marazzi-stim\/","og_locale":"it_IT","og_type":"article","og_title":"Intervista - It&#039;s all CIO &amp; Technology","og_description":"[vc_row css=&#8221;.vc_custom_1692367563880{padding-top: 20px !important;}&#8221;][vc_column width=&#8221;5\/6&#8243;][vc_single_image image=&#8221;5496&#8243; img_size=&#8221;full&#8221; style=&#8221;vc_box_border_circle_2&#8243;][vc_column_text]Stefano Marazzi CEO STIM TECH GROUP[\/vc_column_text][\/vc_column][vc_column width=&#8221;1\/6&#8243;][vc_single_image image=&#8221;5379&#8243;][\/vc_column][\/vc_row][vc_row][vc_column][vc_column_text] Chi \u00e8 STIM Tech Group e quale il suo valore aggiunto? STIM Tech Group &#8211; con Ayno, MCA, e YOODA, \u00e8 un System Integrator specializzato in Integrazione di Sistemi ICT, IT Managed Services, Cyber Security e soluzioni basate sull\u2019ambiente Microsoft [&hellip;]","og_url":"https:\/\/itsall-ciotechnology.com\/index.php\/intervista-marazzi-stim\/","og_site_name":"It&#039;s all CIO &amp; Technology","article_modified_time":"2023-09-28T13:18:42+00:00","twitter_card":"summary_large_image","twitter_misc":{"Tempo di lettura stimato":"5 minuti"},"schema":{"@context":"https:\/\/schema.org","@graph":[{"@type":"WebPage","@id":"https:\/\/itsall-ciotechnology.com\/index.php\/intervista-marazzi-stim\/","url":"https:\/\/itsall-ciotechnology.com\/index.php\/intervista-marazzi-stim\/","name":"Intervista - It&#039;s all CIO &amp; Technology","isPartOf":{"@id":"https:\/\/itsall-ciotechnology.com\/#website"},"datePublished":"2023-09-27T12:22:07+00:00","dateModified":"2023-09-28T13:18:42+00:00","breadcrumb":{"@id":"https:\/\/itsall-ciotechnology.com\/index.php\/intervista-marazzi-stim\/#breadcrumb"},"inLanguage":"it-IT","potentialAction":[{"@type":"ReadAction","target":["https:\/\/itsall-ciotechnology.com\/index.php\/intervista-marazzi-stim\/"]}]},{"@type":"BreadcrumbList","@id":"https:\/\/itsall-ciotechnology.com\/index.php\/intervista-marazzi-stim\/#breadcrumb","itemListElement":[{"@type":"ListItem","position":1,"name":"Home","item":"https:\/\/itsall-ciotechnology.com\/"},{"@type":"ListItem","position":2,"name":"Intervista"}]},{"@type":"WebSite","@id":"https:\/\/itsall-ciotechnology.com\/#website","url":"https:\/\/itsall-ciotechnology.com\/","name":"It&#039;s all CIO &amp; Technology","description":"I BIG dell IT a confronto","potentialAction":[{"@type":"SearchAction","target":{"@type":"EntryPoint","urlTemplate":"https:\/\/itsall-ciotechnology.com\/?s={search_term_string}"},"query-input":{"@type":"PropertyValueSpecification","valueRequired":true,"valueName":"search_term_string"}}],"inLanguage":"it-IT"}]}},"_links":{"self":[{"href":"https:\/\/itsall-ciotechnology.com\/index.php\/wp-json\/wp\/v2\/pages\/5495","targetHints":{"allow":["GET"]}}],"collection":[{"href":"https:\/\/itsall-ciotechnology.com\/index.php\/wp-json\/wp\/v2\/pages"}],"about":[{"href":"https:\/\/itsall-ciotechnology.com\/index.php\/wp-json\/wp\/v2\/types\/page"}],"author":[{"embeddable":true,"href":"https:\/\/itsall-ciotechnology.com\/index.php\/wp-json\/wp\/v2\/users\/2"}],"replies":[{"embeddable":true,"href":"https:\/\/itsall-ciotechnology.com\/index.php\/wp-json\/wp\/v2\/comments?post=5495"}],"version-history":[{"count":2,"href":"https:\/\/itsall-ciotechnology.com\/index.php\/wp-json\/wp\/v2\/pages\/5495\/revisions"}],"predecessor-version":[{"id":5507,"href":"https:\/\/itsall-ciotechnology.com\/index.php\/wp-json\/wp\/v2\/pages\/5495\/revisions\/5507"}],"wp:attachment":[{"href":"https:\/\/itsall-ciotechnology.com\/index.php\/wp-json\/wp\/v2\/media?parent=5495"}],"curies":[{"name":"wp","href":"https:\/\/api.w.org\/{rel}","templated":true}]}}