{"id":5549,"date":"2023-10-05T18:41:38","date_gmt":"2023-10-05T16:41:38","guid":{"rendered":"https:\/\/itsall-ciotechnology.com\/?page_id=5549"},"modified":"2023-10-05T18:45:06","modified_gmt":"2023-10-05T16:45:06","slug":"intervista-alemanno-mediatica","status":"publish","type":"page","link":"https:\/\/itsall-ciotechnology.com\/index.php\/intervista-alemanno-mediatica\/","title":{"rendered":"Intervista"},"content":{"rendered":"<p>[vc_row css=&#8221;.vc_custom_1692367563880{padding-top: 20px !important;}&#8221;][vc_column width=&#8221;5\/6&#8243;][vc_single_image image=&#8221;5552&#8243; img_size=&#8221;full&#8221; style=&#8221;vc_box_border_circle_2&#8243;][vc_column_text]<strong>Mario Alemanno <\/strong>Sales Director<strong> MEDIATICA<\/strong>[\/vc_column_text][\/vc_column][vc_column width=&#8221;1\/6&#8243;][vc_single_image image=&#8221;5379&#8243;][\/vc_column][\/vc_row][vc_row][vc_column][vc_column_text]<\/p>\n<h2><span style=\"color: #333333;\">Perch\u00e9 sentiamo parlare sempre pi\u00f9 di Cyber Resilience?<\/span><\/h2>\n<p>In un mondo guidato dalla tecnologia e dallo scambio di informazioni, per le organizzazioni \u00e8 diventato cruciale sviluppare una strategia che consenta di resistere e ripristinare rapidamente le attivit\u00e0 in caso di interruzione dei servizi dovuta ad attacchi informatici.<br \/>\nLa Cyber Resilience, definita dal NIST (National Institute of Standards and Technology) come \u201cla capacit\u00e0 di anticipare, resistere, recuperare e adattarsi a condizioni avverse, stress, attacchi o compromissioni di sistemi che utilizzano o sono abilitati da risorse informatiche\u201d misura quindi la capacit\u00e0 delle organizzazioni di mitigare i danni complessivi di un evento informatico avverso e di recuperare la propria operativit\u00e0. Se la Cyber Security rappresenta la capacit\u00e0 di una azienda di prevenire e difendersi attivamente da minacce informatiche, la Cyber Resilience descrive la capacit\u00e0 di una azienda di accettare la possibilit\u00e0 di una vulnerabilit\u00e0 del sistema informativo e, quando una minaccia \u00e8 riuscita ad eludere i controlli di sicurezza, di proteggere l\u2019organizzazione, evitando, oltre a gravi interruzioni dei servizi, anche la potenziale perdita dei dati e i danni alla reputazione.<br \/>\nIl conseguimento della resilienza informatica di una organizzazione \u00e8 un processo implementativo, che non prevede punti di arrivo ma uno sforzo costante per migliorare il sistema informativo e che richiede un approccio olistico alla sicurezza, dall\u2019infrastruttura agli utenti.<br \/>\nLa centralit\u00e0 della Cyber Resilience \u00e8 testimoniata da recenti interventi normativi di carattere europeo, generali o di settore, quali il CRA (Cyber Resilience Act, settembre 2022), la Direttiva NIS2 (Network and Information System Security, novembre 2022) e il DORA (Digital Operational Resilience Act, dicembre 2022) per il settore finanziario, che hanno l\u2019obiettivo di accrescere la resilienza dei sistemi informativi delle organizzazioni, coinvolgendo anche i fornitori di servizi IT critici, e che permeeranno il nostro prossimo futuro.<\/p>\n<p>&nbsp;<\/p>\n<h2><span style=\"color: #333333;\">Gli attacchi ransomware sono una minaccia grave e in continua evoluzione per tutte le organizzazioni, quale soluzione pu\u00f2 essere adottata?<\/span><\/h2>\n<p>\u00c8 convinzione diffusa che i prodotti antivirus e anti-malware consentano di poter scoprire e bloccare tutti i malware noti e sconosciuti. Contrariamente, i test dimostrano che questi prodotti hanno un successo medio del 99,5% (ADR &#8211; Average Detection Rate)<br \/>\n\u00c8 quindi evidente che tali sistemi non sono integralmente protetti. Programmi come Ransomware si sono dimostrati altamente adattabili e di successo, anche di fronte a NGAV distribuito e ad organizzazioni con alti livelli di sicurezza ed attente a questo tipo di attacchi.<\/p>\n<p>AV-TEST registra una media giornaliera di 450.000 nuove varianti di malware e di applicazioni potenzialmente indesiderate. Ci\u00f2 significa che sono 2.250 (450k * 0,5%) i malware potenzialmente non intercettati su base giornaliera.<\/p>\n<p>Le sfide quotidiane per ogni azienda riguardano la crescente necessit\u00e0 di sicurezza, l\u2019accesso a soluzioni innovative \u2018leggere\u2019 e la massima protezione del proprio patrimonio di informazioni. Sulla base di questi principi e con l\u2019evidenza dei dati Mediatica ha sviluppato RansomWall (Cyber Resilience Framework) una suite di servizi sulla sicurezza informatica, unica sul mercato. RansomWall \u00e8 una soluzione integrata di facile gestione e manutenzione, che fornisce una risposta olistica ai tentativi di infezione da ransomware che possono colpire l&#8217;intera rete aziendale.<\/p>\n<p>I fattori che differenziano questo framework rispetto agli altri \u00e8 aver utilizzato un approccio diverso nella difesa verso i ransomware, la nostra soluzione risulta efficace anche in presenza di endpoint compromessi dal malware, protegge tutti i file condivisi dalle azioni del malware. In maniera semplicistica possiamo dire che costruisce una barriera intorno al filesharing cosicch\u00e9 qualsiasi tentativo di cifratura viene inibito dalla barriera stessa.<br \/>\nRansomWall \u00e8 indipendente rispetto ai sistemi di difesa esistenti, costituisce un ulteriore livello di sicurezza che opera a prescindere dall\u2019efficacia della difesa perimetrale o di endpoint. In tema di prestazioni, il suo impatto \u00e8 trascurabile, i tempi di lettura e scrittura restano gli stessi anche su elevati livelli di troughput.<\/p>\n<p>Abbiamo investito molte risorse nello sviluppo di questa soluzione nell\u2019ambito del Competence Center specializzato in tecniche di Advanced Hardening Analysis di Mediatica, azienda presente nel panorama IT da pi\u00f9 di venti anni e partner Gold di Microsoft. L\u2019obiettivo della nostra soluzione di Cyber Resilience \u00e8 quello di creare un ambiente digitale sicuro in cui le aziende possano operare senza timori di compromissioni dei dati. Gli attacchi ransomware rappresentano oggi una delle minacce informatiche pi\u00f9 gravi e impattanti per organizzazioni di ogni dimensione e settore, RansomWall \u00e8 la soluzione ideale per proteggere il patrimonio informativo di ogni azienda.<\/p>\n<p>[\/vc_column_text][\/vc_column][\/vc_row]<\/p>\n","protected":false},"excerpt":{"rendered":"<p>[vc_row css=&#8221;.vc_custom_1692367563880{padding-top: 20px !important;}&#8221;][vc_column width=&#8221;5\/6&#8243;][vc_single_image image=&#8221;5552&#8243; img_size=&#8221;full&#8221; style=&#8221;vc_box_border_circle_2&#8243;][vc_column_text]Mario Alemanno Sales Director MEDIATICA[\/vc_column_text][\/vc_column][vc_column width=&#8221;1\/6&#8243;][vc_single_image image=&#8221;5379&#8243;][\/vc_column][\/vc_row][vc_row][vc_column][vc_column_text] Perch\u00e9 sentiamo parlare sempre pi\u00f9 di Cyber Resilience? In un mondo guidato dalla tecnologia e dallo scambio di informazioni, per le organizzazioni \u00e8 diventato cruciale sviluppare una strategia che consenta di resistere e ripristinare rapidamente le attivit\u00e0 in caso di interruzione [&hellip;]<\/p>\n","protected":false},"author":2,"featured_media":0,"parent":0,"menu_order":0,"comment_status":"closed","ping_status":"closed","template":"","meta":{"footnotes":""},"class_list":["post-5549","page","type-page","status-publish","hentry"],"yoast_head":"<!-- This site is optimized with the Yoast SEO plugin v24.8.1 - https:\/\/yoast.com\/wordpress\/plugins\/seo\/ -->\n<title>Intervista - It&#039;s all CIO &amp; Technology<\/title>\n<meta name=\"robots\" content=\"index, follow, max-snippet:-1, max-image-preview:large, max-video-preview:-1\" \/>\n<link rel=\"canonical\" href=\"https:\/\/itsall-ciotechnology.com\/index.php\/intervista-alemanno-mediatica\/\" \/>\n<meta property=\"og:locale\" content=\"it_IT\" \/>\n<meta property=\"og:type\" content=\"article\" \/>\n<meta property=\"og:title\" content=\"Intervista - It&#039;s all CIO &amp; Technology\" \/>\n<meta property=\"og:description\" content=\"[vc_row css=&#8221;.vc_custom_1692367563880{padding-top: 20px !important;}&#8221;][vc_column width=&#8221;5\/6&#8243;][vc_single_image image=&#8221;5552&#8243; img_size=&#8221;full&#8221; style=&#8221;vc_box_border_circle_2&#8243;][vc_column_text]Mario Alemanno Sales Director MEDIATICA[\/vc_column_text][\/vc_column][vc_column width=&#8221;1\/6&#8243;][vc_single_image image=&#8221;5379&#8243;][\/vc_column][\/vc_row][vc_row][vc_column][vc_column_text] Perch\u00e9 sentiamo parlare sempre pi\u00f9 di Cyber Resilience? In un mondo guidato dalla tecnologia e dallo scambio di informazioni, per le organizzazioni \u00e8 diventato cruciale sviluppare una strategia che consenta di resistere e ripristinare rapidamente le attivit\u00e0 in caso di interruzione [&hellip;]\" \/>\n<meta property=\"og:url\" content=\"https:\/\/itsall-ciotechnology.com\/index.php\/intervista-alemanno-mediatica\/\" \/>\n<meta property=\"og:site_name\" content=\"It&#039;s all CIO &amp; Technology\" \/>\n<meta property=\"article:modified_time\" content=\"2023-10-05T16:45:06+00:00\" \/>\n<meta name=\"twitter:card\" content=\"summary_large_image\" \/>\n<meta name=\"twitter:label1\" content=\"Tempo di lettura stimato\" \/>\n\t<meta name=\"twitter:data1\" content=\"4 minuti\" \/>\n<script type=\"application\/ld+json\" class=\"yoast-schema-graph\">{\"@context\":\"https:\/\/schema.org\",\"@graph\":[{\"@type\":\"WebPage\",\"@id\":\"https:\/\/itsall-ciotechnology.com\/index.php\/intervista-alemanno-mediatica\/\",\"url\":\"https:\/\/itsall-ciotechnology.com\/index.php\/intervista-alemanno-mediatica\/\",\"name\":\"Intervista - It&#039;s all CIO &amp; Technology\",\"isPartOf\":{\"@id\":\"https:\/\/itsall-ciotechnology.com\/#website\"},\"datePublished\":\"2023-10-05T16:41:38+00:00\",\"dateModified\":\"2023-10-05T16:45:06+00:00\",\"breadcrumb\":{\"@id\":\"https:\/\/itsall-ciotechnology.com\/index.php\/intervista-alemanno-mediatica\/#breadcrumb\"},\"inLanguage\":\"it-IT\",\"potentialAction\":[{\"@type\":\"ReadAction\",\"target\":[\"https:\/\/itsall-ciotechnology.com\/index.php\/intervista-alemanno-mediatica\/\"]}]},{\"@type\":\"BreadcrumbList\",\"@id\":\"https:\/\/itsall-ciotechnology.com\/index.php\/intervista-alemanno-mediatica\/#breadcrumb\",\"itemListElement\":[{\"@type\":\"ListItem\",\"position\":1,\"name\":\"Home\",\"item\":\"https:\/\/itsall-ciotechnology.com\/\"},{\"@type\":\"ListItem\",\"position\":2,\"name\":\"Intervista\"}]},{\"@type\":\"WebSite\",\"@id\":\"https:\/\/itsall-ciotechnology.com\/#website\",\"url\":\"https:\/\/itsall-ciotechnology.com\/\",\"name\":\"It&#039;s all CIO &amp; Technology\",\"description\":\"I BIG dell IT a confronto\",\"potentialAction\":[{\"@type\":\"SearchAction\",\"target\":{\"@type\":\"EntryPoint\",\"urlTemplate\":\"https:\/\/itsall-ciotechnology.com\/?s={search_term_string}\"},\"query-input\":{\"@type\":\"PropertyValueSpecification\",\"valueRequired\":true,\"valueName\":\"search_term_string\"}}],\"inLanguage\":\"it-IT\"}]}<\/script>\n<!-- \/ Yoast SEO plugin. -->","yoast_head_json":{"title":"Intervista - It&#039;s all CIO &amp; Technology","robots":{"index":"index","follow":"follow","max-snippet":"max-snippet:-1","max-image-preview":"max-image-preview:large","max-video-preview":"max-video-preview:-1"},"canonical":"https:\/\/itsall-ciotechnology.com\/index.php\/intervista-alemanno-mediatica\/","og_locale":"it_IT","og_type":"article","og_title":"Intervista - It&#039;s all CIO &amp; Technology","og_description":"[vc_row css=&#8221;.vc_custom_1692367563880{padding-top: 20px !important;}&#8221;][vc_column width=&#8221;5\/6&#8243;][vc_single_image image=&#8221;5552&#8243; img_size=&#8221;full&#8221; style=&#8221;vc_box_border_circle_2&#8243;][vc_column_text]Mario Alemanno Sales Director MEDIATICA[\/vc_column_text][\/vc_column][vc_column width=&#8221;1\/6&#8243;][vc_single_image image=&#8221;5379&#8243;][\/vc_column][\/vc_row][vc_row][vc_column][vc_column_text] Perch\u00e9 sentiamo parlare sempre pi\u00f9 di Cyber Resilience? In un mondo guidato dalla tecnologia e dallo scambio di informazioni, per le organizzazioni \u00e8 diventato cruciale sviluppare una strategia che consenta di resistere e ripristinare rapidamente le attivit\u00e0 in caso di interruzione [&hellip;]","og_url":"https:\/\/itsall-ciotechnology.com\/index.php\/intervista-alemanno-mediatica\/","og_site_name":"It&#039;s all CIO &amp; Technology","article_modified_time":"2023-10-05T16:45:06+00:00","twitter_card":"summary_large_image","twitter_misc":{"Tempo di lettura stimato":"4 minuti"},"schema":{"@context":"https:\/\/schema.org","@graph":[{"@type":"WebPage","@id":"https:\/\/itsall-ciotechnology.com\/index.php\/intervista-alemanno-mediatica\/","url":"https:\/\/itsall-ciotechnology.com\/index.php\/intervista-alemanno-mediatica\/","name":"Intervista - It&#039;s all CIO &amp; Technology","isPartOf":{"@id":"https:\/\/itsall-ciotechnology.com\/#website"},"datePublished":"2023-10-05T16:41:38+00:00","dateModified":"2023-10-05T16:45:06+00:00","breadcrumb":{"@id":"https:\/\/itsall-ciotechnology.com\/index.php\/intervista-alemanno-mediatica\/#breadcrumb"},"inLanguage":"it-IT","potentialAction":[{"@type":"ReadAction","target":["https:\/\/itsall-ciotechnology.com\/index.php\/intervista-alemanno-mediatica\/"]}]},{"@type":"BreadcrumbList","@id":"https:\/\/itsall-ciotechnology.com\/index.php\/intervista-alemanno-mediatica\/#breadcrumb","itemListElement":[{"@type":"ListItem","position":1,"name":"Home","item":"https:\/\/itsall-ciotechnology.com\/"},{"@type":"ListItem","position":2,"name":"Intervista"}]},{"@type":"WebSite","@id":"https:\/\/itsall-ciotechnology.com\/#website","url":"https:\/\/itsall-ciotechnology.com\/","name":"It&#039;s all CIO &amp; Technology","description":"I BIG dell IT a confronto","potentialAction":[{"@type":"SearchAction","target":{"@type":"EntryPoint","urlTemplate":"https:\/\/itsall-ciotechnology.com\/?s={search_term_string}"},"query-input":{"@type":"PropertyValueSpecification","valueRequired":true,"valueName":"search_term_string"}}],"inLanguage":"it-IT"}]}},"_links":{"self":[{"href":"https:\/\/itsall-ciotechnology.com\/index.php\/wp-json\/wp\/v2\/pages\/5549","targetHints":{"allow":["GET"]}}],"collection":[{"href":"https:\/\/itsall-ciotechnology.com\/index.php\/wp-json\/wp\/v2\/pages"}],"about":[{"href":"https:\/\/itsall-ciotechnology.com\/index.php\/wp-json\/wp\/v2\/types\/page"}],"author":[{"embeddable":true,"href":"https:\/\/itsall-ciotechnology.com\/index.php\/wp-json\/wp\/v2\/users\/2"}],"replies":[{"embeddable":true,"href":"https:\/\/itsall-ciotechnology.com\/index.php\/wp-json\/wp\/v2\/comments?post=5549"}],"version-history":[{"count":4,"href":"https:\/\/itsall-ciotechnology.com\/index.php\/wp-json\/wp\/v2\/pages\/5549\/revisions"}],"predecessor-version":[{"id":5556,"href":"https:\/\/itsall-ciotechnology.com\/index.php\/wp-json\/wp\/v2\/pages\/5549\/revisions\/5556"}],"wp:attachment":[{"href":"https:\/\/itsall-ciotechnology.com\/index.php\/wp-json\/wp\/v2\/media?parent=5549"}],"curies":[{"name":"wp","href":"https:\/\/api.w.org\/{rel}","templated":true}]}}