{"id":5557,"date":"2023-10-06T18:12:53","date_gmt":"2023-10-06T16:12:53","guid":{"rendered":"https:\/\/itsall-ciotechnology.com\/?page_id=5557"},"modified":"2023-10-06T18:23:16","modified_gmt":"2023-10-06T16:23:16","slug":"intervista-merici-asus","status":"publish","type":"page","link":"https:\/\/itsall-ciotechnology.com\/index.php\/intervista-merici-asus\/","title":{"rendered":"Intervista"},"content":{"rendered":"<p>[vc_row css=&#8221;.vc_custom_1692367563880{padding-top: 20px !important;}&#8221;][vc_column width=&#8221;5\/6&#8243;][vc_single_image image=&#8221;5558&#8243; img_size=&#8221;full&#8221; style=&#8221;vc_box_border_circle_2&#8243;][vc_column_text]<strong>Massimo Merici <\/strong>SYS PC BU Director <strong>ASUS<\/strong>[\/vc_column_text][\/vc_column][vc_column width=&#8221;1\/6&#8243;][vc_single_image image=&#8221;5379&#8243;][\/vc_column][\/vc_row][vc_row][vc_column][vc_column_text]<\/p>\n<h2><span style=\"color: #333333;\"><strong>La tecnologia \u00e8 senza dubbio uno dei punti di forza di ASUS, che vanta un catalogo prodotti molto ampio. Quali sono i vostri hero product per il B2B?<\/strong><\/span><\/h2>\n<p>Protagonista indiscussa dell\u2019offerta ASUS per il mercato professionale, \u00e8 la serie Expert, che comprende un ampio portafoglio di prodotti business che offre la massima affidabilit\u00e0, flessibilit\u00e0 e sicurezza di livello enterprise. Parliamo di notebook, desktop, workstation e PC AiO configurabili, che offrono alle aziende la durata, la potenza di calcolo e l&#8217;affidabilit\u00e0 di cui hanno bisogno per l&#8217;uso giornaliero ininterrotto, la collaborazione in team e da remoto, senza dimenticare la sicurezza dei dati: Tutti i nostri prodotti ASUS Business sono certificati\u00a0secondo gli standard Military Grade e dotati del Chip TPM 2.0.<\/p>\n<p>Inoltre, impegnati a creare un futuro sostenibile, garantiamo che tutti i propri prodotti siano conformi ai requisiti ambientali in tutte le fasi del loro ciclo di vita.<\/p>\n<p>La gamma completa di laptop ASUS Business conta diversi prodotti eccellenti e innovativi, come l\u2019ExpertBook B9 OLED, il portatile business da 14 pollici pi\u00f9 leggero al mondo con schermo OLED, che contribuisce alla riduzione del 70% della luce blu dannosa, per non affaticare la vista, che utilizziamo anche noi in azienda; o l\u2019ExpertBook B7 Flip, l&#8217;ultimo portatile con cerniera rotante a 180\u00b0 e l\u2019ingresso SIM 5G, per essere sempre connessi anche in mancanza di WiFi. Prodotti diversi fra loro, volti a gestire varie modalit\u00e0 di lavoro e a soddisfare differenti tipologie di professionisti.<\/p>\n<p>Il nostro obiettivo \u00e8 quello di offrire una serie di tecnologie innovative che sostenga effettivamente le imprese nel loro lavoro quotidiano rendendole pi\u00f9 efficienti e performanti<\/p>\n<p><em>\u00a0<\/em><\/p>\n<h2><span style=\"color: #333333;\"><strong>Parlavamo prima dei servizi che differenziano la divisione commercial, cosa offrite?<\/strong><\/span><\/h2>\n<p>Siamo orgogliosi di poter offrire un supporto a 360\u00b0 ai nostri utenti business, durante tutta la customer journey:<\/p>\n<p>A partire dalla fase di prevendita, con un team di consulenti commerciali dedicati a offrire la migliore offerta basata sulle esigenze specifiche dell\u2019azienda, e poi il nostro service, il team tecnico locale supporta le aziende nella gestione dei test di prodotto, della configurazione pre-vendita, del supporto Software e HardWare, assicurando compatibilit\u00e0 tra i nostri prodotti e l\u2019ecosistema dell\u2019azienda. Offriamo inoltre la possibilit\u00e0 di personalizzare i devices, con l\u2019installazione di driver, utility e bios dedicati. Forniamo anche la configurazione, l\u2019installazione del software, la gestione dei pacchetti di accessori, l\u2019installazione e il collaudo del prodotto presso la sede del cliente.<\/p>\n<p>Sappiamo quanto sia importante garantire la continuit\u00e0 lavorativa, per tanto nel post vendita forniamo una garanzia estendibile a 5 anni, garantiamo la riparazione on site, direttamente in azienda o al domicilio dell\u2019utente, o il pick up and return, ossia il servizio di ritiro, riparazione HW presso il Service Provider autorizzato ASUS e riconsegna, infine la KASKO, il servizio di ritiro, riparazione a copertura dei danni accidentali presso il Service Provider autorizzato ASUS e riconsegna presso la sede del cliente. Abbiamo inoltre una linea di help desk dedicata e un\u2019assistenza tecnica on site fino a 8 ore al giorno \u2013 5 giorni a settimana.<\/p>\n<p>Abbiamo anche proposte interessanti per i reseller, ad esempio \u00e8 attivo un configuratore che consente ai rivenditori, sul sito dei distributori, di personalizzare e ordinare anche una singola macchina e avere tramite via area i prodotti non ancora disponibili in distribuzione sulla lineup trimestrale.<\/p>\n<p>In sintesi, ci dedichiamo instancabilmente ad essere un partner fidato e di lungo termine per chi ci sceglie.<\/p>\n<p>[\/vc_column_text][\/vc_column][\/vc_row]<\/p>\n","protected":false},"excerpt":{"rendered":"<p>[vc_row css=&#8221;.vc_custom_1692367563880{padding-top: 20px !important;}&#8221;][vc_column width=&#8221;5\/6&#8243;][vc_single_image image=&#8221;5558&#8243; img_size=&#8221;full&#8221; style=&#8221;vc_box_border_circle_2&#8243;][vc_column_text]Massimo Merici SYS PC BU Director ASUS[\/vc_column_text][\/vc_column][vc_column width=&#8221;1\/6&#8243;][vc_single_image image=&#8221;5379&#8243;][\/vc_column][\/vc_row][vc_row][vc_column][vc_column_text] La tecnologia \u00e8 senza dubbio uno dei punti di forza di ASUS, che vanta un catalogo prodotti molto ampio. Quali sono i vostri hero product per il B2B? Protagonista indiscussa dell\u2019offerta ASUS per il mercato professionale, \u00e8 la serie [&hellip;]<\/p>\n","protected":false},"author":2,"featured_media":0,"parent":0,"menu_order":0,"comment_status":"closed","ping_status":"closed","template":"","meta":{"footnotes":""},"class_list":["post-5557","page","type-page","status-publish","hentry"],"yoast_head":"<!-- This site is optimized with the Yoast SEO plugin v24.8.1 - https:\/\/yoast.com\/wordpress\/plugins\/seo\/ -->\n<title>Intervista - It&#039;s all CIO &amp; Technology<\/title>\n<meta name=\"robots\" content=\"index, follow, max-snippet:-1, max-image-preview:large, max-video-preview:-1\" \/>\n<link rel=\"canonical\" href=\"https:\/\/itsall-ciotechnology.com\/index.php\/intervista-merici-asus\/\" \/>\n<meta property=\"og:locale\" content=\"it_IT\" \/>\n<meta property=\"og:type\" content=\"article\" \/>\n<meta property=\"og:title\" content=\"Intervista - It&#039;s all CIO &amp; Technology\" \/>\n<meta property=\"og:description\" content=\"[vc_row css=&#8221;.vc_custom_1692367563880{padding-top: 20px !important;}&#8221;][vc_column width=&#8221;5\/6&#8243;][vc_single_image image=&#8221;5558&#8243; img_size=&#8221;full&#8221; style=&#8221;vc_box_border_circle_2&#8243;][vc_column_text]Massimo Merici SYS PC BU Director ASUS[\/vc_column_text][\/vc_column][vc_column width=&#8221;1\/6&#8243;][vc_single_image image=&#8221;5379&#8243;][\/vc_column][\/vc_row][vc_row][vc_column][vc_column_text] La tecnologia \u00e8 senza dubbio uno dei punti di forza di ASUS, che vanta un catalogo prodotti molto ampio. Quali sono i vostri hero product per il B2B? Protagonista indiscussa dell\u2019offerta ASUS per il mercato professionale, \u00e8 la serie [&hellip;]\" \/>\n<meta property=\"og:url\" content=\"https:\/\/itsall-ciotechnology.com\/index.php\/intervista-merici-asus\/\" \/>\n<meta property=\"og:site_name\" content=\"It&#039;s all CIO &amp; Technology\" \/>\n<meta property=\"article:modified_time\" content=\"2023-10-06T16:23:16+00:00\" \/>\n<meta name=\"twitter:card\" content=\"summary_large_image\" \/>\n<meta name=\"twitter:label1\" content=\"Tempo di lettura stimato\" \/>\n\t<meta name=\"twitter:data1\" content=\"3 minuti\" \/>\n<script type=\"application\/ld+json\" class=\"yoast-schema-graph\">{\"@context\":\"https:\/\/schema.org\",\"@graph\":[{\"@type\":\"WebPage\",\"@id\":\"https:\/\/itsall-ciotechnology.com\/index.php\/intervista-merici-asus\/\",\"url\":\"https:\/\/itsall-ciotechnology.com\/index.php\/intervista-merici-asus\/\",\"name\":\"Intervista - It&#039;s all CIO &amp; Technology\",\"isPartOf\":{\"@id\":\"https:\/\/itsall-ciotechnology.com\/#website\"},\"datePublished\":\"2023-10-06T16:12:53+00:00\",\"dateModified\":\"2023-10-06T16:23:16+00:00\",\"breadcrumb\":{\"@id\":\"https:\/\/itsall-ciotechnology.com\/index.php\/intervista-merici-asus\/#breadcrumb\"},\"inLanguage\":\"it-IT\",\"potentialAction\":[{\"@type\":\"ReadAction\",\"target\":[\"https:\/\/itsall-ciotechnology.com\/index.php\/intervista-merici-asus\/\"]}]},{\"@type\":\"BreadcrumbList\",\"@id\":\"https:\/\/itsall-ciotechnology.com\/index.php\/intervista-merici-asus\/#breadcrumb\",\"itemListElement\":[{\"@type\":\"ListItem\",\"position\":1,\"name\":\"Home\",\"item\":\"https:\/\/itsall-ciotechnology.com\/\"},{\"@type\":\"ListItem\",\"position\":2,\"name\":\"Intervista\"}]},{\"@type\":\"WebSite\",\"@id\":\"https:\/\/itsall-ciotechnology.com\/#website\",\"url\":\"https:\/\/itsall-ciotechnology.com\/\",\"name\":\"It&#039;s all CIO &amp; Technology\",\"description\":\"I BIG dell IT a confronto\",\"potentialAction\":[{\"@type\":\"SearchAction\",\"target\":{\"@type\":\"EntryPoint\",\"urlTemplate\":\"https:\/\/itsall-ciotechnology.com\/?s={search_term_string}\"},\"query-input\":{\"@type\":\"PropertyValueSpecification\",\"valueRequired\":true,\"valueName\":\"search_term_string\"}}],\"inLanguage\":\"it-IT\"}]}<\/script>\n<!-- \/ Yoast SEO plugin. -->","yoast_head_json":{"title":"Intervista - It&#039;s all CIO &amp; Technology","robots":{"index":"index","follow":"follow","max-snippet":"max-snippet:-1","max-image-preview":"max-image-preview:large","max-video-preview":"max-video-preview:-1"},"canonical":"https:\/\/itsall-ciotechnology.com\/index.php\/intervista-merici-asus\/","og_locale":"it_IT","og_type":"article","og_title":"Intervista - It&#039;s all CIO &amp; Technology","og_description":"[vc_row css=&#8221;.vc_custom_1692367563880{padding-top: 20px !important;}&#8221;][vc_column width=&#8221;5\/6&#8243;][vc_single_image image=&#8221;5558&#8243; img_size=&#8221;full&#8221; style=&#8221;vc_box_border_circle_2&#8243;][vc_column_text]Massimo Merici SYS PC BU Director ASUS[\/vc_column_text][\/vc_column][vc_column width=&#8221;1\/6&#8243;][vc_single_image image=&#8221;5379&#8243;][\/vc_column][\/vc_row][vc_row][vc_column][vc_column_text] La tecnologia \u00e8 senza dubbio uno dei punti di forza di ASUS, che vanta un catalogo prodotti molto ampio. Quali sono i vostri hero product per il B2B? Protagonista indiscussa dell\u2019offerta ASUS per il mercato professionale, \u00e8 la serie [&hellip;]","og_url":"https:\/\/itsall-ciotechnology.com\/index.php\/intervista-merici-asus\/","og_site_name":"It&#039;s all CIO &amp; Technology","article_modified_time":"2023-10-06T16:23:16+00:00","twitter_card":"summary_large_image","twitter_misc":{"Tempo di lettura stimato":"3 minuti"},"schema":{"@context":"https:\/\/schema.org","@graph":[{"@type":"WebPage","@id":"https:\/\/itsall-ciotechnology.com\/index.php\/intervista-merici-asus\/","url":"https:\/\/itsall-ciotechnology.com\/index.php\/intervista-merici-asus\/","name":"Intervista - It&#039;s all CIO &amp; Technology","isPartOf":{"@id":"https:\/\/itsall-ciotechnology.com\/#website"},"datePublished":"2023-10-06T16:12:53+00:00","dateModified":"2023-10-06T16:23:16+00:00","breadcrumb":{"@id":"https:\/\/itsall-ciotechnology.com\/index.php\/intervista-merici-asus\/#breadcrumb"},"inLanguage":"it-IT","potentialAction":[{"@type":"ReadAction","target":["https:\/\/itsall-ciotechnology.com\/index.php\/intervista-merici-asus\/"]}]},{"@type":"BreadcrumbList","@id":"https:\/\/itsall-ciotechnology.com\/index.php\/intervista-merici-asus\/#breadcrumb","itemListElement":[{"@type":"ListItem","position":1,"name":"Home","item":"https:\/\/itsall-ciotechnology.com\/"},{"@type":"ListItem","position":2,"name":"Intervista"}]},{"@type":"WebSite","@id":"https:\/\/itsall-ciotechnology.com\/#website","url":"https:\/\/itsall-ciotechnology.com\/","name":"It&#039;s all CIO &amp; Technology","description":"I BIG dell IT a confronto","potentialAction":[{"@type":"SearchAction","target":{"@type":"EntryPoint","urlTemplate":"https:\/\/itsall-ciotechnology.com\/?s={search_term_string}"},"query-input":{"@type":"PropertyValueSpecification","valueRequired":true,"valueName":"search_term_string"}}],"inLanguage":"it-IT"}]}},"_links":{"self":[{"href":"https:\/\/itsall-ciotechnology.com\/index.php\/wp-json\/wp\/v2\/pages\/5557","targetHints":{"allow":["GET"]}}],"collection":[{"href":"https:\/\/itsall-ciotechnology.com\/index.php\/wp-json\/wp\/v2\/pages"}],"about":[{"href":"https:\/\/itsall-ciotechnology.com\/index.php\/wp-json\/wp\/v2\/types\/page"}],"author":[{"embeddable":true,"href":"https:\/\/itsall-ciotechnology.com\/index.php\/wp-json\/wp\/v2\/users\/2"}],"replies":[{"embeddable":true,"href":"https:\/\/itsall-ciotechnology.com\/index.php\/wp-json\/wp\/v2\/comments?post=5557"}],"version-history":[{"count":4,"href":"https:\/\/itsall-ciotechnology.com\/index.php\/wp-json\/wp\/v2\/pages\/5557\/revisions"}],"predecessor-version":[{"id":5560,"href":"https:\/\/itsall-ciotechnology.com\/index.php\/wp-json\/wp\/v2\/pages\/5557\/revisions\/5560"}],"wp:attachment":[{"href":"https:\/\/itsall-ciotechnology.com\/index.php\/wp-json\/wp\/v2\/media?parent=5557"}],"curies":[{"name":"wp","href":"https:\/\/api.w.org\/{rel}","templated":true}]}}