{"id":5955,"date":"2024-09-24T11:40:56","date_gmt":"2024-09-24T09:40:56","guid":{"rendered":"https:\/\/itsall-ciotechnology.com\/?page_id=5955"},"modified":"2024-09-27T10:39:07","modified_gmt":"2024-09-27T08:39:07","slug":"intervista-alessandro-giancane-vesenda","status":"publish","type":"page","link":"https:\/\/itsall-ciotechnology.com\/index.php\/intervista-alessandro-giancane-vesenda\/","title":{"rendered":"Intervista"},"content":{"rendered":"<p>[vc_row css=&#8221;.vc_custom_1692367563880{padding-top: 20px !important;}&#8221;][vc_column width=&#8221;5\/6&#8243;][vc_single_image image=&#8221;5962&#8243; img_size=&#8221;full&#8221; style=&#8221;vc_box_border_circle_2&#8243;][vc_column_text]<strong>Alessandro Giancane<\/strong> Founder &amp; CEO <strong>VESENDA<\/strong>[\/vc_column_text][\/vc_column][vc_column width=&#8221;1\/6&#8243;][vc_single_image image=&#8221;5379&#8243;][\/vc_column][\/vc_row][vc_row][vc_column][vc_column_text]<\/p>\n<h2><span style=\"color: #333333;\"><strong>Le tecnologie Low-Code e No-Code hanno raggiunto un alto livello di maturit\u00e0 e il loro ambito di utilizzo \u00e8 destinato a diventare sempre pi\u00f9 capillare. Tuttavia, il panorama delle LCNC \u00e8 molto variegato, con soluzioni che presentano caratteristiche differenti. Qual \u00e8 la peculiarit\u00e0 della piattaforma eLegere di Vesenda?<\/strong><\/span><\/h2>\n<p>Il panorama delle piattaforme di creazione di applicativi a bassa o nulla scrittura di codice \u00e8 variegato, spaziando da quelle pi\u00f9 orientate all\u2019automatismo industriale, alla robotic automation, a quelle orientate alla gestione di processi transazionali mirati a soddisfare processi puntuali verso singoli utenti oppure orientati a supportare la cooperazione di pi\u00f9 utenti all\u2019interno di transazioni pi\u00f9 ampie come quelle finanziarie, di pianificazione acquisti, budget, ordine, e cos\u00ec via. Esistono poi tecnologie che si rivolgono alla trasformazione dei processi non strutturati, spesso gestiti extra sistema, che si manifestano tipicamente all\u2019interno di organizzazioni attraverso fogli di calcolo, applicativi custom o costosi SaaS tool. Questi processi \u201cnon governati\u201d rappresentano per le organizzazioni un grosso gap in termini di crescita e miglioramento in quanto operano in ambiti nascosti (\u201c<em>shadow<\/em>\u201d), non integrati con i restanti asset digitali dell\u2019azienda, con seguenti rischi legati a qualit\u00e0, sicurezza e valorizzazione delle informazioni.<\/p>\n<p>La piattaforma\u00a0<a href=\"http:\/\/www.elegere.com\"><strong>eLegere<\/strong><\/a> di\u00a0<a href=\"http:\/\/www.vesenda.com\"><strong>Vesenda<\/strong><\/a> colma questo gap, trasformando i processi \u201c<em>shadow<\/em>\u201d in applicativi web\/mobile flessibili e personalizzabili. Si distingue sul mercato grazie al suo innovativo paradigma che pone al centro gli utenti, i ruoli, le attivit\u00e0 svolte, i sistemi coinvolti e le informazioni gestite per modellare e digitalizzare il processo in una modalit\u00e0 bottom-up. In un ambiente visivo unificato e intuitivo,\u00a0<strong>eLegere<\/strong>\u00a0consente anche a utenti non esperti di sviluppo di disegnare, configurare e distribuire applicativi collaborativi in pochi e semplici passi.<\/p>\n<p>Con un\u2019unica tecnologia, aziende e istituzioni possono cos\u00ec modellare un layer applicativo agile intorno ai propri sistemi informativi core quali l\u2019ERP o il CRM, estendendone le funzionalit\u00e0, al fine di centralizzare e governare dati e processi operativi con alti livelli di interoperabilit\u00e0 e integrazione.\u00a0<strong>eLegere<\/strong>\u00a0rappresenta un passo avanti nel\u00a0<em>citizen development<\/em>, favorendo collaborazione, reskilling e upskilling. Democratizza l\u2019accesso alle tecnologie, portando Business e IT a parlare finalmente la \u201cstessa lingua\u201d.<\/p>\n<p>La trasformazione dei processi shadow in processi governati ha come ulteriore effetto il consolidamento di preziosi asset informativi, inizialmente nascosti, che diventano disponibili nei processi decisionali e pronti per una eventuale integrazione di modelli basati su algoritmi di Intelligenza Artificiale (AI data ready).<\/p>\n<p><strong>eLegere<\/strong>\u00a0ha dimostrato la sua efficacia in numerosi casi d\u2019uso. Pi\u00f9 di 50 organizzazioni che operano in 15 differenti settori hanno scelto\u00a0<strong>eLegere<\/strong>\u00a0per costruire il proprio percorso di trasformazione digitale.<\/p>\n<p>&nbsp;<\/p>\n<h2><span style=\"color: #333333;\"><strong>Oramai ci si trova sempre pi\u00f9 spesso a parlare di Intelligenza Artificiale. Quali sono i punti di contatto tra l\u2019IA e le tecnologie Low-Code e No-Code, e nello specifico con la vostra piattaforma eLegere?<\/strong><\/span><\/h2>\n<p>Il termine \u2018Intelligenza Artificiale\u2019 sottende un ampio panorama di modelli e algoritmi.<\/p>\n<p>Quando oggi si parla di IA, spesso ci si riferisce implicitamente alla sola AI generativa basata su modelli di Large Language Model (LLM). Oltre a questa tipologia, vi sono numerosi altri modelli di automazione, ottimizzazione e simulazione oramai consolidati e pronti per essere integrati nei processi operativi aziendali. Pertanto, \u00e8 importante innanzitutto lavorare per trasformare i processi nascosti in processi strutturati in modo da poterli poi estendere tramite modelli e algoritmi di AI.<\/p>\n<p>Le tecnologie Low-Code e No-Code come\u00a0<a href=\"http:\/\/www.elegere.com\"><strong>eLegere<\/strong><\/a> non solo permettono di trasformare digitalmente<strong>\u00a0<\/strong>processi nascosti, ma consentono di integrare algoritmi di AI in modo altrettanto semplice, aumentando in modo esponenziale il valore del risultato finale. Una sorta di plug&amp;play di AI all\u2019interno dei processi e applicazioni.<\/p>\n<p>Il circolo virtuoso di poter ingegnerizzare, governare e ottimizzare processi nascosti diventa ancora pi\u00f9 fattibile e realistico utilizzando tecnologie che sono adibite e farlo. Tecnologie come\u00a0<strong>eLegere<\/strong>\u00a0sono pi\u00f9 snelle, flessibili e sostenibili in termini di tempi e costi, poich\u00e9 non si costruisce un applicativo scrivendo codice ma componendone e configurandone le sue parti.<\/p>\n<p>&nbsp;<\/p>\n<p>&nbsp;<\/p>\n<p>[\/vc_column_text][\/vc_column][\/vc_row]<\/p>\n","protected":false},"excerpt":{"rendered":"<p>[vc_row css=&#8221;.vc_custom_1692367563880{padding-top: 20px !important;}&#8221;][vc_column width=&#8221;5\/6&#8243;][vc_single_image image=&#8221;5962&#8243; img_size=&#8221;full&#8221; style=&#8221;vc_box_border_circle_2&#8243;][vc_column_text]Alessandro Giancane Founder &amp; CEO VESENDA[\/vc_column_text][\/vc_column][vc_column width=&#8221;1\/6&#8243;][vc_single_image image=&#8221;5379&#8243;][\/vc_column][\/vc_row][vc_row][vc_column][vc_column_text] Le tecnologie Low-Code e No-Code hanno raggiunto un alto livello di maturit\u00e0 e il loro ambito di utilizzo \u00e8 destinato a diventare sempre pi\u00f9 capillare. Tuttavia, il panorama delle LCNC \u00e8 molto variegato, con soluzioni che presentano caratteristiche differenti. Qual [&hellip;]<\/p>\n","protected":false},"author":2,"featured_media":0,"parent":0,"menu_order":0,"comment_status":"closed","ping_status":"closed","template":"","meta":{"footnotes":""},"class_list":["post-5955","page","type-page","status-publish","hentry"],"yoast_head":"<!-- This site is optimized with the Yoast SEO plugin v24.8.1 - https:\/\/yoast.com\/wordpress\/plugins\/seo\/ -->\n<title>Intervista - It&#039;s all CIO &amp; Technology<\/title>\n<meta name=\"robots\" content=\"index, follow, max-snippet:-1, max-image-preview:large, max-video-preview:-1\" \/>\n<link rel=\"canonical\" href=\"https:\/\/itsall-ciotechnology.com\/index.php\/intervista-alessandro-giancane-vesenda\/\" \/>\n<meta property=\"og:locale\" content=\"it_IT\" \/>\n<meta property=\"og:type\" content=\"article\" \/>\n<meta property=\"og:title\" content=\"Intervista - It&#039;s all CIO &amp; Technology\" \/>\n<meta property=\"og:description\" content=\"[vc_row css=&#8221;.vc_custom_1692367563880{padding-top: 20px !important;}&#8221;][vc_column width=&#8221;5\/6&#8243;][vc_single_image image=&#8221;5962&#8243; img_size=&#8221;full&#8221; style=&#8221;vc_box_border_circle_2&#8243;][vc_column_text]Alessandro Giancane Founder &amp; CEO VESENDA[\/vc_column_text][\/vc_column][vc_column width=&#8221;1\/6&#8243;][vc_single_image image=&#8221;5379&#8243;][\/vc_column][\/vc_row][vc_row][vc_column][vc_column_text] Le tecnologie Low-Code e No-Code hanno raggiunto un alto livello di maturit\u00e0 e il loro ambito di utilizzo \u00e8 destinato a diventare sempre pi\u00f9 capillare. Tuttavia, il panorama delle LCNC \u00e8 molto variegato, con soluzioni che presentano caratteristiche differenti. Qual [&hellip;]\" \/>\n<meta property=\"og:url\" content=\"https:\/\/itsall-ciotechnology.com\/index.php\/intervista-alessandro-giancane-vesenda\/\" \/>\n<meta property=\"og:site_name\" content=\"It&#039;s all CIO &amp; Technology\" \/>\n<meta property=\"article:modified_time\" content=\"2024-09-27T08:39:07+00:00\" \/>\n<meta name=\"twitter:card\" content=\"summary_large_image\" \/>\n<meta name=\"twitter:label1\" content=\"Tempo di lettura stimato\" \/>\n\t<meta name=\"twitter:data1\" content=\"4 minuti\" \/>\n<script type=\"application\/ld+json\" class=\"yoast-schema-graph\">{\"@context\":\"https:\/\/schema.org\",\"@graph\":[{\"@type\":\"WebPage\",\"@id\":\"https:\/\/itsall-ciotechnology.com\/index.php\/intervista-alessandro-giancane-vesenda\/\",\"url\":\"https:\/\/itsall-ciotechnology.com\/index.php\/intervista-alessandro-giancane-vesenda\/\",\"name\":\"Intervista - It&#039;s all CIO &amp; Technology\",\"isPartOf\":{\"@id\":\"https:\/\/itsall-ciotechnology.com\/#website\"},\"datePublished\":\"2024-09-24T09:40:56+00:00\",\"dateModified\":\"2024-09-27T08:39:07+00:00\",\"breadcrumb\":{\"@id\":\"https:\/\/itsall-ciotechnology.com\/index.php\/intervista-alessandro-giancane-vesenda\/#breadcrumb\"},\"inLanguage\":\"it-IT\",\"potentialAction\":[{\"@type\":\"ReadAction\",\"target\":[\"https:\/\/itsall-ciotechnology.com\/index.php\/intervista-alessandro-giancane-vesenda\/\"]}]},{\"@type\":\"BreadcrumbList\",\"@id\":\"https:\/\/itsall-ciotechnology.com\/index.php\/intervista-alessandro-giancane-vesenda\/#breadcrumb\",\"itemListElement\":[{\"@type\":\"ListItem\",\"position\":1,\"name\":\"Home\",\"item\":\"https:\/\/itsall-ciotechnology.com\/\"},{\"@type\":\"ListItem\",\"position\":2,\"name\":\"Intervista\"}]},{\"@type\":\"WebSite\",\"@id\":\"https:\/\/itsall-ciotechnology.com\/#website\",\"url\":\"https:\/\/itsall-ciotechnology.com\/\",\"name\":\"It&#039;s all CIO &amp; Technology\",\"description\":\"I BIG dell IT a confronto\",\"potentialAction\":[{\"@type\":\"SearchAction\",\"target\":{\"@type\":\"EntryPoint\",\"urlTemplate\":\"https:\/\/itsall-ciotechnology.com\/?s={search_term_string}\"},\"query-input\":{\"@type\":\"PropertyValueSpecification\",\"valueRequired\":true,\"valueName\":\"search_term_string\"}}],\"inLanguage\":\"it-IT\"}]}<\/script>\n<!-- \/ Yoast SEO plugin. -->","yoast_head_json":{"title":"Intervista - It&#039;s all CIO &amp; Technology","robots":{"index":"index","follow":"follow","max-snippet":"max-snippet:-1","max-image-preview":"max-image-preview:large","max-video-preview":"max-video-preview:-1"},"canonical":"https:\/\/itsall-ciotechnology.com\/index.php\/intervista-alessandro-giancane-vesenda\/","og_locale":"it_IT","og_type":"article","og_title":"Intervista - It&#039;s all CIO &amp; Technology","og_description":"[vc_row css=&#8221;.vc_custom_1692367563880{padding-top: 20px !important;}&#8221;][vc_column width=&#8221;5\/6&#8243;][vc_single_image image=&#8221;5962&#8243; img_size=&#8221;full&#8221; style=&#8221;vc_box_border_circle_2&#8243;][vc_column_text]Alessandro Giancane Founder &amp; CEO VESENDA[\/vc_column_text][\/vc_column][vc_column width=&#8221;1\/6&#8243;][vc_single_image image=&#8221;5379&#8243;][\/vc_column][\/vc_row][vc_row][vc_column][vc_column_text] Le tecnologie Low-Code e No-Code hanno raggiunto un alto livello di maturit\u00e0 e il loro ambito di utilizzo \u00e8 destinato a diventare sempre pi\u00f9 capillare. Tuttavia, il panorama delle LCNC \u00e8 molto variegato, con soluzioni che presentano caratteristiche differenti. Qual [&hellip;]","og_url":"https:\/\/itsall-ciotechnology.com\/index.php\/intervista-alessandro-giancane-vesenda\/","og_site_name":"It&#039;s all CIO &amp; Technology","article_modified_time":"2024-09-27T08:39:07+00:00","twitter_card":"summary_large_image","twitter_misc":{"Tempo di lettura stimato":"4 minuti"},"schema":{"@context":"https:\/\/schema.org","@graph":[{"@type":"WebPage","@id":"https:\/\/itsall-ciotechnology.com\/index.php\/intervista-alessandro-giancane-vesenda\/","url":"https:\/\/itsall-ciotechnology.com\/index.php\/intervista-alessandro-giancane-vesenda\/","name":"Intervista - It&#039;s all CIO &amp; Technology","isPartOf":{"@id":"https:\/\/itsall-ciotechnology.com\/#website"},"datePublished":"2024-09-24T09:40:56+00:00","dateModified":"2024-09-27T08:39:07+00:00","breadcrumb":{"@id":"https:\/\/itsall-ciotechnology.com\/index.php\/intervista-alessandro-giancane-vesenda\/#breadcrumb"},"inLanguage":"it-IT","potentialAction":[{"@type":"ReadAction","target":["https:\/\/itsall-ciotechnology.com\/index.php\/intervista-alessandro-giancane-vesenda\/"]}]},{"@type":"BreadcrumbList","@id":"https:\/\/itsall-ciotechnology.com\/index.php\/intervista-alessandro-giancane-vesenda\/#breadcrumb","itemListElement":[{"@type":"ListItem","position":1,"name":"Home","item":"https:\/\/itsall-ciotechnology.com\/"},{"@type":"ListItem","position":2,"name":"Intervista"}]},{"@type":"WebSite","@id":"https:\/\/itsall-ciotechnology.com\/#website","url":"https:\/\/itsall-ciotechnology.com\/","name":"It&#039;s all CIO &amp; Technology","description":"I BIG dell IT a confronto","potentialAction":[{"@type":"SearchAction","target":{"@type":"EntryPoint","urlTemplate":"https:\/\/itsall-ciotechnology.com\/?s={search_term_string}"},"query-input":{"@type":"PropertyValueSpecification","valueRequired":true,"valueName":"search_term_string"}}],"inLanguage":"it-IT"}]}},"_links":{"self":[{"href":"https:\/\/itsall-ciotechnology.com\/index.php\/wp-json\/wp\/v2\/pages\/5955","targetHints":{"allow":["GET"]}}],"collection":[{"href":"https:\/\/itsall-ciotechnology.com\/index.php\/wp-json\/wp\/v2\/pages"}],"about":[{"href":"https:\/\/itsall-ciotechnology.com\/index.php\/wp-json\/wp\/v2\/types\/page"}],"author":[{"embeddable":true,"href":"https:\/\/itsall-ciotechnology.com\/index.php\/wp-json\/wp\/v2\/users\/2"}],"replies":[{"embeddable":true,"href":"https:\/\/itsall-ciotechnology.com\/index.php\/wp-json\/wp\/v2\/comments?post=5955"}],"version-history":[{"count":6,"href":"https:\/\/itsall-ciotechnology.com\/index.php\/wp-json\/wp\/v2\/pages\/5955\/revisions"}],"predecessor-version":[{"id":5985,"href":"https:\/\/itsall-ciotechnology.com\/index.php\/wp-json\/wp\/v2\/pages\/5955\/revisions\/5985"}],"wp:attachment":[{"href":"https:\/\/itsall-ciotechnology.com\/index.php\/wp-json\/wp\/v2\/media?parent=5955"}],"curies":[{"name":"wp","href":"https:\/\/api.w.org\/{rel}","templated":true}]}}