{"id":5968,"date":"2024-09-25T14:14:55","date_gmt":"2024-09-25T12:14:55","guid":{"rendered":"https:\/\/itsall-ciotechnology.com\/?page_id=5968"},"modified":"2024-09-25T14:16:49","modified_gmt":"2024-09-25T12:16:49","slug":"intervista-marco-delogu-motorola-solutions","status":"publish","type":"page","link":"https:\/\/itsall-ciotechnology.com\/index.php\/intervista-marco-delogu-motorola-solutions\/","title":{"rendered":"Intervista"},"content":{"rendered":"<p>[vc_row css=&#8221;.vc_custom_1692367563880{padding-top: 20px !important;}&#8221;][vc_column width=&#8221;5\/6&#8243;][vc_single_image image=&#8221;5964&#8243; img_size=&#8221;full&#8221; style=&#8221;vc_box_border_circle_2&#8243;][vc_column_text]<strong>Marco Delogu\u00a0<\/strong>IT Channel Account Manager Italy\u00a0<strong>MOTOROLA SOLUTIONS<\/strong>[\/vc_column_text][\/vc_column][vc_column width=&#8221;1\/6&#8243;][vc_single_image image=&#8221;5379&#8243;][\/vc_column][\/vc_row][vc_row][vc_column][vc_column_text]<\/p>\n<h2><span style=\"color: #333333;\"><strong>Quali sono i principali benefici del passaggio alla sicurezza su cloud per il controllo accessi e la videosorveglianza?<\/strong><\/span><\/h2>\n<p>In un mondo sempre pi\u00f9 interconnesso, il passaggio alla sicurezza su cloud offre vantaggi significativi, specialmente per la videosorveglianza e il controllo accessi.<br \/>\nSoluzioni come Avigilon Alta permettono una gestione centralizzata e flessibile, accessibile da qualsiasi dispositivo connesso a internet, semplificando l\u2019amministrazione di pi\u00f9 siti e riducendo i costi legati all\u2019infrastruttura fisica.<br \/>\nUn altro vantaggio chiave \u00e8 l\u2019aggiornamento continuo del software, che garantisce sempre le funzionalit\u00e0 pi\u00f9 avanzate e la protezione da minacce emergenti, senza la necessit\u00e0 di interventi manuali.<\/p>\n<p>Inoltre, grazie all\u2019integrazione con i metadati intelligenti, le aziende possono migliorare la reattivit\u00e0 e l\u2019efficienza operativa. I metadati consentono di analizzare in tempo reale grandi volumi di video, filtrando rapidamente le informazioni rilevanti e automatizzando funzioni come il riconoscimento facciale o l\u2019individuazione di attivit\u00e0 sospette. Questo si traduce in una sicurezza pi\u00f9 proattiva e dinamica, senza compromettere la semplicit\u00e0 d&#8217;uso.<\/p>\n<p><strong>\u00a0<\/strong><\/p>\n<h2><span style=\"color: #333333;\"><strong>In che modo le aziende possono sfruttare i dati generati dalla piattaforma Avigilon Alta Video per migliorare la sicurezza e ottimizzare le operazioni aziendali?<\/strong><\/span><\/h2>\n<p>Le aziende possono sfruttare i dati generati dalla nostra piattaforma Avigilon Alta Video, oltre alla sicurezza, i dati video possono essere utilizzati anche per ottimizzare le operazioni aziendali. Ad esempio, analizzando il flusso di persone all&#8217;interno di un&#8217;azienda, si possono prendere decisioni pi\u00f9 informate sull&#8217;allocazione delle risorse, la gestione degli spazi e la sicurezza del personale, o ancora nel mondo retail, i dati video possono essere utilizzati per creare mappe di calore su planimetrie che analizzano il flusso dei clienti all&#8217;interno del punto vendita. Questo consente di identificare le aree pi\u00f9 visitate, ottimizzare la disposizione dei prodotti e migliorare l\u2019esperienza d\u2019acquisto.<\/p>\n<p>Inoltre, l&#8217;integrazione con il cloud di Avigilon Alta su sistemi di Business Intelligence permette di avere accesso continuo ai dati, rendendo la gestione pi\u00f9 flessibile e scalabile.<\/p>\n<p>&nbsp;<\/p>\n<p>[\/vc_column_text][\/vc_column][\/vc_row]<\/p>\n","protected":false},"excerpt":{"rendered":"<p>[vc_row css=&#8221;.vc_custom_1692367563880{padding-top: 20px !important;}&#8221;][vc_column width=&#8221;5\/6&#8243;][vc_single_image image=&#8221;5964&#8243; img_size=&#8221;full&#8221; style=&#8221;vc_box_border_circle_2&#8243;][vc_column_text]Marco Delogu\u00a0IT Channel Account Manager Italy\u00a0MOTOROLA SOLUTIONS[\/vc_column_text][\/vc_column][vc_column width=&#8221;1\/6&#8243;][vc_single_image image=&#8221;5379&#8243;][\/vc_column][\/vc_row][vc_row][vc_column][vc_column_text] Quali sono i principali benefici del passaggio alla sicurezza su cloud per il controllo accessi e la videosorveglianza? In un mondo sempre pi\u00f9 interconnesso, il passaggio alla sicurezza su cloud offre vantaggi significativi, specialmente per la videosorveglianza e il [&hellip;]<\/p>\n","protected":false},"author":2,"featured_media":0,"parent":0,"menu_order":0,"comment_status":"closed","ping_status":"closed","template":"","meta":{"footnotes":""},"class_list":["post-5968","page","type-page","status-publish","hentry"],"yoast_head":"<!-- This site is optimized with the Yoast SEO plugin v24.8.1 - https:\/\/yoast.com\/wordpress\/plugins\/seo\/ -->\n<title>Intervista - It&#039;s all CIO &amp; Technology<\/title>\n<meta name=\"robots\" content=\"index, follow, max-snippet:-1, max-image-preview:large, max-video-preview:-1\" \/>\n<link rel=\"canonical\" href=\"https:\/\/itsall-ciotechnology.com\/index.php\/intervista-marco-delogu-motorola-solutions\/\" \/>\n<meta property=\"og:locale\" content=\"it_IT\" \/>\n<meta property=\"og:type\" content=\"article\" \/>\n<meta property=\"og:title\" content=\"Intervista - It&#039;s all CIO &amp; Technology\" \/>\n<meta property=\"og:description\" content=\"[vc_row css=&#8221;.vc_custom_1692367563880{padding-top: 20px !important;}&#8221;][vc_column width=&#8221;5\/6&#8243;][vc_single_image image=&#8221;5964&#8243; img_size=&#8221;full&#8221; style=&#8221;vc_box_border_circle_2&#8243;][vc_column_text]Marco Delogu\u00a0IT Channel Account Manager Italy\u00a0MOTOROLA SOLUTIONS[\/vc_column_text][\/vc_column][vc_column width=&#8221;1\/6&#8243;][vc_single_image image=&#8221;5379&#8243;][\/vc_column][\/vc_row][vc_row][vc_column][vc_column_text] Quali sono i principali benefici del passaggio alla sicurezza su cloud per il controllo accessi e la videosorveglianza? In un mondo sempre pi\u00f9 interconnesso, il passaggio alla sicurezza su cloud offre vantaggi significativi, specialmente per la videosorveglianza e il [&hellip;]\" \/>\n<meta property=\"og:url\" content=\"https:\/\/itsall-ciotechnology.com\/index.php\/intervista-marco-delogu-motorola-solutions\/\" \/>\n<meta property=\"og:site_name\" content=\"It&#039;s all CIO &amp; Technology\" \/>\n<meta property=\"article:modified_time\" content=\"2024-09-25T12:16:49+00:00\" \/>\n<meta name=\"twitter:card\" content=\"summary_large_image\" \/>\n<meta name=\"twitter:label1\" content=\"Tempo di lettura stimato\" \/>\n\t<meta name=\"twitter:data1\" content=\"2 minuti\" \/>\n<script type=\"application\/ld+json\" class=\"yoast-schema-graph\">{\"@context\":\"https:\/\/schema.org\",\"@graph\":[{\"@type\":\"WebPage\",\"@id\":\"https:\/\/itsall-ciotechnology.com\/index.php\/intervista-marco-delogu-motorola-solutions\/\",\"url\":\"https:\/\/itsall-ciotechnology.com\/index.php\/intervista-marco-delogu-motorola-solutions\/\",\"name\":\"Intervista - It&#039;s all CIO &amp; Technology\",\"isPartOf\":{\"@id\":\"https:\/\/itsall-ciotechnology.com\/#website\"},\"datePublished\":\"2024-09-25T12:14:55+00:00\",\"dateModified\":\"2024-09-25T12:16:49+00:00\",\"breadcrumb\":{\"@id\":\"https:\/\/itsall-ciotechnology.com\/index.php\/intervista-marco-delogu-motorola-solutions\/#breadcrumb\"},\"inLanguage\":\"it-IT\",\"potentialAction\":[{\"@type\":\"ReadAction\",\"target\":[\"https:\/\/itsall-ciotechnology.com\/index.php\/intervista-marco-delogu-motorola-solutions\/\"]}]},{\"@type\":\"BreadcrumbList\",\"@id\":\"https:\/\/itsall-ciotechnology.com\/index.php\/intervista-marco-delogu-motorola-solutions\/#breadcrumb\",\"itemListElement\":[{\"@type\":\"ListItem\",\"position\":1,\"name\":\"Home\",\"item\":\"https:\/\/itsall-ciotechnology.com\/\"},{\"@type\":\"ListItem\",\"position\":2,\"name\":\"Intervista\"}]},{\"@type\":\"WebSite\",\"@id\":\"https:\/\/itsall-ciotechnology.com\/#website\",\"url\":\"https:\/\/itsall-ciotechnology.com\/\",\"name\":\"It&#039;s all CIO &amp; Technology\",\"description\":\"I BIG dell IT a confronto\",\"potentialAction\":[{\"@type\":\"SearchAction\",\"target\":{\"@type\":\"EntryPoint\",\"urlTemplate\":\"https:\/\/itsall-ciotechnology.com\/?s={search_term_string}\"},\"query-input\":{\"@type\":\"PropertyValueSpecification\",\"valueRequired\":true,\"valueName\":\"search_term_string\"}}],\"inLanguage\":\"it-IT\"}]}<\/script>\n<!-- \/ Yoast SEO plugin. -->","yoast_head_json":{"title":"Intervista - It&#039;s all CIO &amp; Technology","robots":{"index":"index","follow":"follow","max-snippet":"max-snippet:-1","max-image-preview":"max-image-preview:large","max-video-preview":"max-video-preview:-1"},"canonical":"https:\/\/itsall-ciotechnology.com\/index.php\/intervista-marco-delogu-motorola-solutions\/","og_locale":"it_IT","og_type":"article","og_title":"Intervista - It&#039;s all CIO &amp; Technology","og_description":"[vc_row css=&#8221;.vc_custom_1692367563880{padding-top: 20px !important;}&#8221;][vc_column width=&#8221;5\/6&#8243;][vc_single_image image=&#8221;5964&#8243; img_size=&#8221;full&#8221; style=&#8221;vc_box_border_circle_2&#8243;][vc_column_text]Marco Delogu\u00a0IT Channel Account Manager Italy\u00a0MOTOROLA SOLUTIONS[\/vc_column_text][\/vc_column][vc_column width=&#8221;1\/6&#8243;][vc_single_image image=&#8221;5379&#8243;][\/vc_column][\/vc_row][vc_row][vc_column][vc_column_text] Quali sono i principali benefici del passaggio alla sicurezza su cloud per il controllo accessi e la videosorveglianza? In un mondo sempre pi\u00f9 interconnesso, il passaggio alla sicurezza su cloud offre vantaggi significativi, specialmente per la videosorveglianza e il [&hellip;]","og_url":"https:\/\/itsall-ciotechnology.com\/index.php\/intervista-marco-delogu-motorola-solutions\/","og_site_name":"It&#039;s all CIO &amp; Technology","article_modified_time":"2024-09-25T12:16:49+00:00","twitter_card":"summary_large_image","twitter_misc":{"Tempo di lettura stimato":"2 minuti"},"schema":{"@context":"https:\/\/schema.org","@graph":[{"@type":"WebPage","@id":"https:\/\/itsall-ciotechnology.com\/index.php\/intervista-marco-delogu-motorola-solutions\/","url":"https:\/\/itsall-ciotechnology.com\/index.php\/intervista-marco-delogu-motorola-solutions\/","name":"Intervista - It&#039;s all CIO &amp; Technology","isPartOf":{"@id":"https:\/\/itsall-ciotechnology.com\/#website"},"datePublished":"2024-09-25T12:14:55+00:00","dateModified":"2024-09-25T12:16:49+00:00","breadcrumb":{"@id":"https:\/\/itsall-ciotechnology.com\/index.php\/intervista-marco-delogu-motorola-solutions\/#breadcrumb"},"inLanguage":"it-IT","potentialAction":[{"@type":"ReadAction","target":["https:\/\/itsall-ciotechnology.com\/index.php\/intervista-marco-delogu-motorola-solutions\/"]}]},{"@type":"BreadcrumbList","@id":"https:\/\/itsall-ciotechnology.com\/index.php\/intervista-marco-delogu-motorola-solutions\/#breadcrumb","itemListElement":[{"@type":"ListItem","position":1,"name":"Home","item":"https:\/\/itsall-ciotechnology.com\/"},{"@type":"ListItem","position":2,"name":"Intervista"}]},{"@type":"WebSite","@id":"https:\/\/itsall-ciotechnology.com\/#website","url":"https:\/\/itsall-ciotechnology.com\/","name":"It&#039;s all CIO &amp; Technology","description":"I BIG dell IT a confronto","potentialAction":[{"@type":"SearchAction","target":{"@type":"EntryPoint","urlTemplate":"https:\/\/itsall-ciotechnology.com\/?s={search_term_string}"},"query-input":{"@type":"PropertyValueSpecification","valueRequired":true,"valueName":"search_term_string"}}],"inLanguage":"it-IT"}]}},"_links":{"self":[{"href":"https:\/\/itsall-ciotechnology.com\/index.php\/wp-json\/wp\/v2\/pages\/5968","targetHints":{"allow":["GET"]}}],"collection":[{"href":"https:\/\/itsall-ciotechnology.com\/index.php\/wp-json\/wp\/v2\/pages"}],"about":[{"href":"https:\/\/itsall-ciotechnology.com\/index.php\/wp-json\/wp\/v2\/types\/page"}],"author":[{"embeddable":true,"href":"https:\/\/itsall-ciotechnology.com\/index.php\/wp-json\/wp\/v2\/users\/2"}],"replies":[{"embeddable":true,"href":"https:\/\/itsall-ciotechnology.com\/index.php\/wp-json\/wp\/v2\/comments?post=5968"}],"version-history":[{"count":3,"href":"https:\/\/itsall-ciotechnology.com\/index.php\/wp-json\/wp\/v2\/pages\/5968\/revisions"}],"predecessor-version":[{"id":5971,"href":"https:\/\/itsall-ciotechnology.com\/index.php\/wp-json\/wp\/v2\/pages\/5968\/revisions\/5971"}],"wp:attachment":[{"href":"https:\/\/itsall-ciotechnology.com\/index.php\/wp-json\/wp\/v2\/media?parent=5968"}],"curies":[{"name":"wp","href":"https:\/\/api.w.org\/{rel}","templated":true}]}}