{"id":5974,"date":"2024-09-25T15:31:07","date_gmt":"2024-09-25T13:31:07","guid":{"rendered":"https:\/\/itsall-ciotechnology.com\/?page_id=5974"},"modified":"2024-09-25T15:33:49","modified_gmt":"2024-09-25T13:33:49","slug":"intervista-roberto-casetta-matrix42-italy","status":"publish","type":"page","link":"https:\/\/itsall-ciotechnology.com\/index.php\/intervista-roberto-casetta-matrix42-italy\/","title":{"rendered":"Intervista"},"content":{"rendered":"<p>[vc_row css=&#8221;.vc_custom_1692367563880{padding-top: 20px !important;}&#8221;][vc_column width=&#8221;5\/6&#8243;][vc_single_image image=&#8221;5953&#8243; img_size=&#8221;full&#8221; style=&#8221;vc_box_border_circle_2&#8243;][vc_column_text]<strong>Roberto Casetta <\/strong>CRO <strong>MATRIX42 GROUP <\/strong>e Amministratore Delegato<strong> MATRIX42 ITALY<\/strong>[\/vc_column_text][\/vc_column][vc_column width=&#8221;1\/6&#8243;][vc_single_image image=&#8221;5379&#8243;][\/vc_column][\/vc_row][vc_row][vc_column][vc_column_text]<\/p>\n<h2><span style=\"color: #333333;\"><strong>ITSM: cos&#8217;\u00e8 e perch\u00e9 \u00e8 la base per la trasformazione digitale di qualsiasi organizzazione?<\/strong><\/span><\/h2>\n<p>Come definito da Wikipedia, l\u2019IT Service Management \u00e8 una disciplina che si occupa di pianificare, progettare e gestire i sistemi di Information Technology di una organizzazione. Aggiungo che l\u2019evoluzione dei software di gestione dei servizi IT, ci permette di gestire tutti i processi di business che vanno oltre alla sola Infrastruttura Tecnologica e quindi la trasformazione digitale inizia con noi. Inizia con le nostre soluzioni che sono progettate per consentire una evoluzione in tutti i settori aziendali adattandosi alle esigenze della vostra organizzazione. Ci\u00f2 significa processi semplificati, maggiore automazione e conformit\u00e0, riduzione dei rischi sulla sicurezza, migliore controllo finanziario degli asset aziendali e utenti soddisfatti della loro interazione con gli strumenti di utilizzo quotidiano, sempre aggiornati ed efficienti. Prestiamo grande attenzione agli utenti, alla riservatezza dei loro dati e alla privacy. Dopotutto, siamo il continente che ha inventato il GDPR, che non esiste in nessun&#8217;altra parte del mondo.<\/p>\n<p>Per fare un esempio di come attivare e gestire una trasformazione digitale, la nostra soluzione \u00e8 presente sul portale Consip dove offriamo una soluzione completa, ITSM, UEM, ITAM e SAM disponibile sia \u201cOn Premise\u201d che in Cloud certificato AGID\/ACN che proponiamo attraverso i nostri partner i quali si sono aggiudicati convenzioni ed accordi quadro che permettono una facile acquisizione delle nostre soluzioni nell\u2019ambito del settore pubblico.<\/p>\n<p>Infine aggiungerei che il nostro DNA europeo ci distingue dai leader americani e asiatici. Questo \u00e8 ancora pi\u00f9 vero dopo l&#8217;incorporazione di Efecte, una societ\u00e0 con sede in Finlandia e leader di mercato nel Nord Europa.<\/p>\n<p><strong>C<\/strong><strong>ifre chiave<\/strong>:<\/p>\n<ul>\n<li>Leader del mercato europeo per le soluzioni di Enterprise Service Management<\/li>\n<li>Sede centrale a Francoforte e presenza nelle maggiori capitali europee<\/li>\n<li>100 milioni di euro di fatturato<\/li>\n<li>600 dipendenti<\/li>\n<li>Oltre 5.000 clienti in tutto il mondo<\/li>\n<\/ul>\n<p>&nbsp;<\/p>\n<h2><span style=\"color: #333333;\"><strong>Quali sono le caratteristiche e le innovazioni dell&#8217;offerta di servizi gestiti di Matrix42?<\/strong><\/span><\/h2>\n<p>M42 Service Management trasforma il Service Management in un acceleratore aziendale con soluzioni moderne, scalabili e adattabili per ogni fase del percorso. Riconoscendo che ogni organizzazione ha le proprie esigenze, il nostro portafoglio di Service Management offre soluzioni mirate per ogni fase, dal ticketing semplice e pronto all&#8217;uso all&#8217;Enterprise Service Management (ESM), fino ad una una suite di gestione IT aziendale completamente integrata.<\/p>\n<p>Puntiamo ad accelerare le prestazioni aziendali dei nostri clienti consentendo una gestione degli incidenti IT reattiva, rapida ed efficiente.<\/p>\n<p>Qualunque sia la soluzione giusta per la tua organizzazione, troverai gli stessi vantaggi di base: una piattaforma che si adatta alle tue esigenze, \u200b\u200bprocessi assistiti dall&#8217;intelligenza artificiale per incrementare la produttivit\u00e0, self-service intelligente per aiutare gli utenti finali a risolvere i problemi pi\u00f9 velocemente e facile integrazione di Service Management con soluzioni complementari come Unified Endpoint Management (UEM), IT Asset Management (ITAM), Software Asset Management (SAM) e Identity Governance and Administration (IGA).<\/p>\n<p>Inoltre, come azienda europea con data center in Europa e una forte presenza locale, offriamo la certezza di sapere che il tuo fornitore e i tuoi dati sono sempre a portata di mano sia nel nostro che nel tuo cloud (<em>Cloud Your Way<\/em>).<\/p>\n<p>I vantaggi della scelta di una soluzione M42 Service Management includono:<\/p>\n<ul>\n<li><strong>Una soluzione che soddisfa le tue esigenze<\/strong>: non costringeremo i clienti ad acquistare funzionalit\u00e0 di cui non hanno bisogno.<\/li>\n<li><strong>Una piattaforma che si adatta e semplifica i processi aziendali<\/strong>: le soluzioni M42 Service Management sono basate su una piattaforma scalabile ed estensibile che supporta la crescita aziendale e consente una facile integrazione con altri strumenti, funzioni aziendali e processi aziendali agili.<\/li>\n<li><strong>Processi assistiti dall&#8217;intelligenza artificiale per incrementare la produttivit\u00e0<\/strong>: M42 Service Management Intelligence sfrutta tecnologie di intelligenza artificiale sicure per consentire agli agenti del service desk di lavorare in modo pi\u00f9 intelligente e agli utenti finali di risolvere autonomamente i problemi rapidamente.<\/li>\n<li><strong>Flessibilit\u00e0 per crescere con le tue esigenze<\/strong>: le soluzioni M42 Service Management ti consentono di creare ulteriore valore aziendale secondo i tuoi tempi e necessit\u00e0, ad esempio estendendo la soluzione a casi d&#8217;uso di Enterprise Service Management come HR, facility management e contract management, oppure a processi di gestione IT come IT\/Software Asset Management (ITAM\/SAM), Unified Endpoint Management (UEM) e Identity Governance and Administration.<\/li>\n<li><strong>Residenza dei dati e privacy<\/strong>: la piattaforma Matrix42 \u00e8 una moderna piattaforma di gestione dei servizi basata su cloud, progettata, ospitata e supportata in Europa per soddisfare le esigenze di privacy dei dati, residenza dei dati e altre esigenze di conformit\u00e0 di organizzazioni del settore pubblico e privato di tutte le dimensioni.<\/li>\n<\/ul>\n<p>&nbsp;<\/p>\n<p>&nbsp;<\/p>\n<p>[\/vc_column_text][\/vc_column][\/vc_row]<\/p>\n","protected":false},"excerpt":{"rendered":"<p>[vc_row css=&#8221;.vc_custom_1692367563880{padding-top: 20px !important;}&#8221;][vc_column width=&#8221;5\/6&#8243;][vc_single_image image=&#8221;5953&#8243; img_size=&#8221;full&#8221; style=&#8221;vc_box_border_circle_2&#8243;][vc_column_text]Roberto Casetta CRO MATRIX42 GROUP e Amministratore Delegato MATRIX42 ITALY[\/vc_column_text][\/vc_column][vc_column width=&#8221;1\/6&#8243;][vc_single_image image=&#8221;5379&#8243;][\/vc_column][\/vc_row][vc_row][vc_column][vc_column_text] ITSM: cos&#8217;\u00e8 e perch\u00e9 \u00e8 la base per la trasformazione digitale di qualsiasi organizzazione? Come definito da Wikipedia, l\u2019IT Service Management \u00e8 una disciplina che si occupa di pianificare, progettare e gestire i sistemi di Information [&hellip;]<\/p>\n","protected":false},"author":2,"featured_media":0,"parent":0,"menu_order":0,"comment_status":"closed","ping_status":"closed","template":"","meta":{"footnotes":""},"class_list":["post-5974","page","type-page","status-publish","hentry"],"yoast_head":"<!-- This site is optimized with the Yoast SEO plugin v24.8.1 - https:\/\/yoast.com\/wordpress\/plugins\/seo\/ -->\n<title>Intervista - It&#039;s all CIO &amp; Technology<\/title>\n<meta name=\"robots\" content=\"index, follow, max-snippet:-1, max-image-preview:large, max-video-preview:-1\" \/>\n<link rel=\"canonical\" href=\"https:\/\/itsall-ciotechnology.com\/index.php\/intervista-roberto-casetta-matrix42-italy\/\" \/>\n<meta property=\"og:locale\" content=\"it_IT\" \/>\n<meta property=\"og:type\" content=\"article\" \/>\n<meta property=\"og:title\" content=\"Intervista - It&#039;s all CIO &amp; Technology\" \/>\n<meta property=\"og:description\" content=\"[vc_row css=&#8221;.vc_custom_1692367563880{padding-top: 20px !important;}&#8221;][vc_column width=&#8221;5\/6&#8243;][vc_single_image image=&#8221;5953&#8243; img_size=&#8221;full&#8221; style=&#8221;vc_box_border_circle_2&#8243;][vc_column_text]Roberto Casetta CRO MATRIX42 GROUP e Amministratore Delegato MATRIX42 ITALY[\/vc_column_text][\/vc_column][vc_column width=&#8221;1\/6&#8243;][vc_single_image image=&#8221;5379&#8243;][\/vc_column][\/vc_row][vc_row][vc_column][vc_column_text] ITSM: cos&#8217;\u00e8 e perch\u00e9 \u00e8 la base per la trasformazione digitale di qualsiasi organizzazione? Come definito da Wikipedia, l\u2019IT Service Management \u00e8 una disciplina che si occupa di pianificare, progettare e gestire i sistemi di Information [&hellip;]\" \/>\n<meta property=\"og:url\" content=\"https:\/\/itsall-ciotechnology.com\/index.php\/intervista-roberto-casetta-matrix42-italy\/\" \/>\n<meta property=\"og:site_name\" content=\"It&#039;s all CIO &amp; Technology\" \/>\n<meta property=\"article:modified_time\" content=\"2024-09-25T13:33:49+00:00\" \/>\n<meta name=\"twitter:card\" content=\"summary_large_image\" \/>\n<meta name=\"twitter:label1\" content=\"Tempo di lettura stimato\" \/>\n\t<meta name=\"twitter:data1\" content=\"4 minuti\" \/>\n<script type=\"application\/ld+json\" class=\"yoast-schema-graph\">{\"@context\":\"https:\/\/schema.org\",\"@graph\":[{\"@type\":\"WebPage\",\"@id\":\"https:\/\/itsall-ciotechnology.com\/index.php\/intervista-roberto-casetta-matrix42-italy\/\",\"url\":\"https:\/\/itsall-ciotechnology.com\/index.php\/intervista-roberto-casetta-matrix42-italy\/\",\"name\":\"Intervista - It&#039;s all CIO &amp; Technology\",\"isPartOf\":{\"@id\":\"https:\/\/itsall-ciotechnology.com\/#website\"},\"datePublished\":\"2024-09-25T13:31:07+00:00\",\"dateModified\":\"2024-09-25T13:33:49+00:00\",\"breadcrumb\":{\"@id\":\"https:\/\/itsall-ciotechnology.com\/index.php\/intervista-roberto-casetta-matrix42-italy\/#breadcrumb\"},\"inLanguage\":\"it-IT\",\"potentialAction\":[{\"@type\":\"ReadAction\",\"target\":[\"https:\/\/itsall-ciotechnology.com\/index.php\/intervista-roberto-casetta-matrix42-italy\/\"]}]},{\"@type\":\"BreadcrumbList\",\"@id\":\"https:\/\/itsall-ciotechnology.com\/index.php\/intervista-roberto-casetta-matrix42-italy\/#breadcrumb\",\"itemListElement\":[{\"@type\":\"ListItem\",\"position\":1,\"name\":\"Home\",\"item\":\"https:\/\/itsall-ciotechnology.com\/\"},{\"@type\":\"ListItem\",\"position\":2,\"name\":\"Intervista\"}]},{\"@type\":\"WebSite\",\"@id\":\"https:\/\/itsall-ciotechnology.com\/#website\",\"url\":\"https:\/\/itsall-ciotechnology.com\/\",\"name\":\"It&#039;s all CIO &amp; Technology\",\"description\":\"I BIG dell IT a confronto\",\"potentialAction\":[{\"@type\":\"SearchAction\",\"target\":{\"@type\":\"EntryPoint\",\"urlTemplate\":\"https:\/\/itsall-ciotechnology.com\/?s={search_term_string}\"},\"query-input\":{\"@type\":\"PropertyValueSpecification\",\"valueRequired\":true,\"valueName\":\"search_term_string\"}}],\"inLanguage\":\"it-IT\"}]}<\/script>\n<!-- \/ Yoast SEO plugin. -->","yoast_head_json":{"title":"Intervista - It&#039;s all CIO &amp; Technology","robots":{"index":"index","follow":"follow","max-snippet":"max-snippet:-1","max-image-preview":"max-image-preview:large","max-video-preview":"max-video-preview:-1"},"canonical":"https:\/\/itsall-ciotechnology.com\/index.php\/intervista-roberto-casetta-matrix42-italy\/","og_locale":"it_IT","og_type":"article","og_title":"Intervista - It&#039;s all CIO &amp; Technology","og_description":"[vc_row css=&#8221;.vc_custom_1692367563880{padding-top: 20px !important;}&#8221;][vc_column width=&#8221;5\/6&#8243;][vc_single_image image=&#8221;5953&#8243; img_size=&#8221;full&#8221; style=&#8221;vc_box_border_circle_2&#8243;][vc_column_text]Roberto Casetta CRO MATRIX42 GROUP e Amministratore Delegato MATRIX42 ITALY[\/vc_column_text][\/vc_column][vc_column width=&#8221;1\/6&#8243;][vc_single_image image=&#8221;5379&#8243;][\/vc_column][\/vc_row][vc_row][vc_column][vc_column_text] ITSM: cos&#8217;\u00e8 e perch\u00e9 \u00e8 la base per la trasformazione digitale di qualsiasi organizzazione? Come definito da Wikipedia, l\u2019IT Service Management \u00e8 una disciplina che si occupa di pianificare, progettare e gestire i sistemi di Information [&hellip;]","og_url":"https:\/\/itsall-ciotechnology.com\/index.php\/intervista-roberto-casetta-matrix42-italy\/","og_site_name":"It&#039;s all CIO &amp; Technology","article_modified_time":"2024-09-25T13:33:49+00:00","twitter_card":"summary_large_image","twitter_misc":{"Tempo di lettura stimato":"4 minuti"},"schema":{"@context":"https:\/\/schema.org","@graph":[{"@type":"WebPage","@id":"https:\/\/itsall-ciotechnology.com\/index.php\/intervista-roberto-casetta-matrix42-italy\/","url":"https:\/\/itsall-ciotechnology.com\/index.php\/intervista-roberto-casetta-matrix42-italy\/","name":"Intervista - It&#039;s all CIO &amp; Technology","isPartOf":{"@id":"https:\/\/itsall-ciotechnology.com\/#website"},"datePublished":"2024-09-25T13:31:07+00:00","dateModified":"2024-09-25T13:33:49+00:00","breadcrumb":{"@id":"https:\/\/itsall-ciotechnology.com\/index.php\/intervista-roberto-casetta-matrix42-italy\/#breadcrumb"},"inLanguage":"it-IT","potentialAction":[{"@type":"ReadAction","target":["https:\/\/itsall-ciotechnology.com\/index.php\/intervista-roberto-casetta-matrix42-italy\/"]}]},{"@type":"BreadcrumbList","@id":"https:\/\/itsall-ciotechnology.com\/index.php\/intervista-roberto-casetta-matrix42-italy\/#breadcrumb","itemListElement":[{"@type":"ListItem","position":1,"name":"Home","item":"https:\/\/itsall-ciotechnology.com\/"},{"@type":"ListItem","position":2,"name":"Intervista"}]},{"@type":"WebSite","@id":"https:\/\/itsall-ciotechnology.com\/#website","url":"https:\/\/itsall-ciotechnology.com\/","name":"It&#039;s all CIO &amp; Technology","description":"I BIG dell IT a confronto","potentialAction":[{"@type":"SearchAction","target":{"@type":"EntryPoint","urlTemplate":"https:\/\/itsall-ciotechnology.com\/?s={search_term_string}"},"query-input":{"@type":"PropertyValueSpecification","valueRequired":true,"valueName":"search_term_string"}}],"inLanguage":"it-IT"}]}},"_links":{"self":[{"href":"https:\/\/itsall-ciotechnology.com\/index.php\/wp-json\/wp\/v2\/pages\/5974","targetHints":{"allow":["GET"]}}],"collection":[{"href":"https:\/\/itsall-ciotechnology.com\/index.php\/wp-json\/wp\/v2\/pages"}],"about":[{"href":"https:\/\/itsall-ciotechnology.com\/index.php\/wp-json\/wp\/v2\/types\/page"}],"author":[{"embeddable":true,"href":"https:\/\/itsall-ciotechnology.com\/index.php\/wp-json\/wp\/v2\/users\/2"}],"replies":[{"embeddable":true,"href":"https:\/\/itsall-ciotechnology.com\/index.php\/wp-json\/wp\/v2\/comments?post=5974"}],"version-history":[{"count":3,"href":"https:\/\/itsall-ciotechnology.com\/index.php\/wp-json\/wp\/v2\/pages\/5974\/revisions"}],"predecessor-version":[{"id":5976,"href":"https:\/\/itsall-ciotechnology.com\/index.php\/wp-json\/wp\/v2\/pages\/5974\/revisions\/5976"}],"wp:attachment":[{"href":"https:\/\/itsall-ciotechnology.com\/index.php\/wp-json\/wp\/v2\/media?parent=5974"}],"curies":[{"name":"wp","href":"https:\/\/api.w.org\/{rel}","templated":true}]}}