{"id":6013,"date":"2024-10-07T17:24:40","date_gmt":"2024-10-07T15:24:40","guid":{"rendered":"https:\/\/itsall-ciotechnology.com\/?page_id=6013"},"modified":"2024-10-07T17:26:10","modified_gmt":"2024-10-07T15:26:10","slug":"intervista-giulia-dragone-mimecast","status":"publish","type":"page","link":"https:\/\/itsall-ciotechnology.com\/index.php\/intervista-giulia-dragone-mimecast\/","title":{"rendered":"Intervista"},"content":{"rendered":"<p>[vc_row css=&#8221;.vc_custom_1692367563880{padding-top: 20px !important;}&#8221;][vc_column width=&#8221;5\/6&#8243;][vc_single_image image=&#8221;6007&#8243; img_size=&#8221;full&#8221; style=&#8221;vc_box_border_circle_2&#8243;][vc_column_text]<strong>Giulia Dragone <\/strong>Channel Account Manager Italy and Iberia\u00a0<strong>MIMECAST<\/strong>[\/vc_column_text][\/vc_column][vc_column width=&#8221;1\/6&#8243;][vc_single_image image=&#8221;5379&#8243;][\/vc_column][\/vc_row][vc_row][vc_column][vc_column_text]<\/p>\n<h2><span style=\"color: #333333;\"><strong>Quali sono le sfide attuali nella cybersecurity?<\/strong><\/span><\/h2>\n<p>A fianco dell\u2019intelligenza artificiale, che, come sappiamo costituisce un\u2019opportunit\u00e0 quanto un rischio, il fattore umano rappresenta attualmente il rischio pi\u00f9 elevato. Durante il corso del 2024 abbiamo constatato come gli attacchi via mail si sono fatti sempre pi\u00f9 pericolosi, ed i criminali informatici sempre pi\u00f9 convincenti grazie a strumenti come l\u2019IA. Tecniche come il social engineering sfruttano il fattore umano ed emotivo delle vittime e con l\u2019utilizzo del phishing, gli stessi criminali diventano sempre pi\u00f9 precisi, effettuando accurati studi sulle vittime prima di colpirle.<\/p>\n<p>&nbsp;<\/p>\n<p>&nbsp;<\/p>\n<h2><span style=\"color: #333333;\"><strong>In che modo Mimecast pu\u00f2 aiutare a fronteggiarle diventando un partner strategico?<\/strong><\/span><\/h2>\n<p>Mimecast, gi\u00e0 leader nella protezione delle mail e degli awareness training nell\u2019ultimo anno ha continuato ad investire per espandere la propria offerta. Mimecast offre a clienti e partner l&#8217;efficienza attraverso la sicurezza informatica basata sull&#8217;intelligenza artificiale in un unico pannello di controllo, grazie alla <a href=\"https:\/\/www.mimecast.com\/resources\/press-releases\/mimecast-hrm-platform\/\">piattaforma di gestione del rischio umano (HRM, Human Risk Management),<\/a> aiutando a proteggere la collaborazione,a formare i dipendenti ed a rilevare i rischi interni. Oggi Mimecast ha deciso di investire sull\u2019Italia, investendo in nuove risorse localmente e affidandosi a Ingecom Ignition in qualit\u00e0 di Value Added Distributor.<\/p>\n<p>&nbsp;<\/p>\n<p>&nbsp;<\/p>\n<p>[\/vc_column_text][\/vc_column][\/vc_row]<\/p>\n","protected":false},"excerpt":{"rendered":"<p>[vc_row css=&#8221;.vc_custom_1692367563880{padding-top: 20px !important;}&#8221;][vc_column width=&#8221;5\/6&#8243;][vc_single_image image=&#8221;6007&#8243; img_size=&#8221;full&#8221; style=&#8221;vc_box_border_circle_2&#8243;][vc_column_text]Giulia Dragone Channel Account Manager Italy and Iberia\u00a0MIMECAST[\/vc_column_text][\/vc_column][vc_column width=&#8221;1\/6&#8243;][vc_single_image image=&#8221;5379&#8243;][\/vc_column][\/vc_row][vc_row][vc_column][vc_column_text] Quali sono le sfide attuali nella cybersecurity? A fianco dell\u2019intelligenza artificiale, che, come sappiamo costituisce un\u2019opportunit\u00e0 quanto un rischio, il fattore umano rappresenta attualmente il rischio pi\u00f9 elevato. Durante il corso del 2024 abbiamo constatato come gli attacchi [&hellip;]<\/p>\n","protected":false},"author":2,"featured_media":0,"parent":0,"menu_order":0,"comment_status":"closed","ping_status":"closed","template":"","meta":{"footnotes":""},"class_list":["post-6013","page","type-page","status-publish","hentry"],"yoast_head":"<!-- This site is optimized with the Yoast SEO plugin v24.8.1 - https:\/\/yoast.com\/wordpress\/plugins\/seo\/ -->\n<title>Intervista - It&#039;s all CIO &amp; Technology<\/title>\n<meta name=\"robots\" content=\"index, follow, max-snippet:-1, max-image-preview:large, max-video-preview:-1\" \/>\n<link rel=\"canonical\" href=\"https:\/\/itsall-ciotechnology.com\/index.php\/intervista-giulia-dragone-mimecast\/\" \/>\n<meta property=\"og:locale\" content=\"it_IT\" \/>\n<meta property=\"og:type\" content=\"article\" \/>\n<meta property=\"og:title\" content=\"Intervista - It&#039;s all CIO &amp; Technology\" \/>\n<meta property=\"og:description\" content=\"[vc_row css=&#8221;.vc_custom_1692367563880{padding-top: 20px !important;}&#8221;][vc_column width=&#8221;5\/6&#8243;][vc_single_image image=&#8221;6007&#8243; img_size=&#8221;full&#8221; style=&#8221;vc_box_border_circle_2&#8243;][vc_column_text]Giulia Dragone Channel Account Manager Italy and Iberia\u00a0MIMECAST[\/vc_column_text][\/vc_column][vc_column width=&#8221;1\/6&#8243;][vc_single_image image=&#8221;5379&#8243;][\/vc_column][\/vc_row][vc_row][vc_column][vc_column_text] Quali sono le sfide attuali nella cybersecurity? A fianco dell\u2019intelligenza artificiale, che, come sappiamo costituisce un\u2019opportunit\u00e0 quanto un rischio, il fattore umano rappresenta attualmente il rischio pi\u00f9 elevato. Durante il corso del 2024 abbiamo constatato come gli attacchi [&hellip;]\" \/>\n<meta property=\"og:url\" content=\"https:\/\/itsall-ciotechnology.com\/index.php\/intervista-giulia-dragone-mimecast\/\" \/>\n<meta property=\"og:site_name\" content=\"It&#039;s all CIO &amp; Technology\" \/>\n<meta property=\"article:modified_time\" content=\"2024-10-07T15:26:10+00:00\" \/>\n<meta name=\"twitter:card\" content=\"summary_large_image\" \/>\n<meta name=\"twitter:label1\" content=\"Tempo di lettura stimato\" \/>\n\t<meta name=\"twitter:data1\" content=\"1 minuto\" \/>\n<script type=\"application\/ld+json\" class=\"yoast-schema-graph\">{\"@context\":\"https:\/\/schema.org\",\"@graph\":[{\"@type\":\"WebPage\",\"@id\":\"https:\/\/itsall-ciotechnology.com\/index.php\/intervista-giulia-dragone-mimecast\/\",\"url\":\"https:\/\/itsall-ciotechnology.com\/index.php\/intervista-giulia-dragone-mimecast\/\",\"name\":\"Intervista - It&#039;s all CIO &amp; Technology\",\"isPartOf\":{\"@id\":\"https:\/\/itsall-ciotechnology.com\/#website\"},\"datePublished\":\"2024-10-07T15:24:40+00:00\",\"dateModified\":\"2024-10-07T15:26:10+00:00\",\"breadcrumb\":{\"@id\":\"https:\/\/itsall-ciotechnology.com\/index.php\/intervista-giulia-dragone-mimecast\/#breadcrumb\"},\"inLanguage\":\"it-IT\",\"potentialAction\":[{\"@type\":\"ReadAction\",\"target\":[\"https:\/\/itsall-ciotechnology.com\/index.php\/intervista-giulia-dragone-mimecast\/\"]}]},{\"@type\":\"BreadcrumbList\",\"@id\":\"https:\/\/itsall-ciotechnology.com\/index.php\/intervista-giulia-dragone-mimecast\/#breadcrumb\",\"itemListElement\":[{\"@type\":\"ListItem\",\"position\":1,\"name\":\"Home\",\"item\":\"https:\/\/itsall-ciotechnology.com\/\"},{\"@type\":\"ListItem\",\"position\":2,\"name\":\"Intervista\"}]},{\"@type\":\"WebSite\",\"@id\":\"https:\/\/itsall-ciotechnology.com\/#website\",\"url\":\"https:\/\/itsall-ciotechnology.com\/\",\"name\":\"It&#039;s all CIO &amp; Technology\",\"description\":\"I BIG dell IT a confronto\",\"potentialAction\":[{\"@type\":\"SearchAction\",\"target\":{\"@type\":\"EntryPoint\",\"urlTemplate\":\"https:\/\/itsall-ciotechnology.com\/?s={search_term_string}\"},\"query-input\":{\"@type\":\"PropertyValueSpecification\",\"valueRequired\":true,\"valueName\":\"search_term_string\"}}],\"inLanguage\":\"it-IT\"}]}<\/script>\n<!-- \/ Yoast SEO plugin. -->","yoast_head_json":{"title":"Intervista - It&#039;s all CIO &amp; Technology","robots":{"index":"index","follow":"follow","max-snippet":"max-snippet:-1","max-image-preview":"max-image-preview:large","max-video-preview":"max-video-preview:-1"},"canonical":"https:\/\/itsall-ciotechnology.com\/index.php\/intervista-giulia-dragone-mimecast\/","og_locale":"it_IT","og_type":"article","og_title":"Intervista - It&#039;s all CIO &amp; Technology","og_description":"[vc_row css=&#8221;.vc_custom_1692367563880{padding-top: 20px !important;}&#8221;][vc_column width=&#8221;5\/6&#8243;][vc_single_image image=&#8221;6007&#8243; img_size=&#8221;full&#8221; style=&#8221;vc_box_border_circle_2&#8243;][vc_column_text]Giulia Dragone Channel Account Manager Italy and Iberia\u00a0MIMECAST[\/vc_column_text][\/vc_column][vc_column width=&#8221;1\/6&#8243;][vc_single_image image=&#8221;5379&#8243;][\/vc_column][\/vc_row][vc_row][vc_column][vc_column_text] Quali sono le sfide attuali nella cybersecurity? A fianco dell\u2019intelligenza artificiale, che, come sappiamo costituisce un\u2019opportunit\u00e0 quanto un rischio, il fattore umano rappresenta attualmente il rischio pi\u00f9 elevato. Durante il corso del 2024 abbiamo constatato come gli attacchi [&hellip;]","og_url":"https:\/\/itsall-ciotechnology.com\/index.php\/intervista-giulia-dragone-mimecast\/","og_site_name":"It&#039;s all CIO &amp; Technology","article_modified_time":"2024-10-07T15:26:10+00:00","twitter_card":"summary_large_image","twitter_misc":{"Tempo di lettura stimato":"1 minuto"},"schema":{"@context":"https:\/\/schema.org","@graph":[{"@type":"WebPage","@id":"https:\/\/itsall-ciotechnology.com\/index.php\/intervista-giulia-dragone-mimecast\/","url":"https:\/\/itsall-ciotechnology.com\/index.php\/intervista-giulia-dragone-mimecast\/","name":"Intervista - It&#039;s all CIO &amp; Technology","isPartOf":{"@id":"https:\/\/itsall-ciotechnology.com\/#website"},"datePublished":"2024-10-07T15:24:40+00:00","dateModified":"2024-10-07T15:26:10+00:00","breadcrumb":{"@id":"https:\/\/itsall-ciotechnology.com\/index.php\/intervista-giulia-dragone-mimecast\/#breadcrumb"},"inLanguage":"it-IT","potentialAction":[{"@type":"ReadAction","target":["https:\/\/itsall-ciotechnology.com\/index.php\/intervista-giulia-dragone-mimecast\/"]}]},{"@type":"BreadcrumbList","@id":"https:\/\/itsall-ciotechnology.com\/index.php\/intervista-giulia-dragone-mimecast\/#breadcrumb","itemListElement":[{"@type":"ListItem","position":1,"name":"Home","item":"https:\/\/itsall-ciotechnology.com\/"},{"@type":"ListItem","position":2,"name":"Intervista"}]},{"@type":"WebSite","@id":"https:\/\/itsall-ciotechnology.com\/#website","url":"https:\/\/itsall-ciotechnology.com\/","name":"It&#039;s all CIO &amp; Technology","description":"I BIG dell IT a confronto","potentialAction":[{"@type":"SearchAction","target":{"@type":"EntryPoint","urlTemplate":"https:\/\/itsall-ciotechnology.com\/?s={search_term_string}"},"query-input":{"@type":"PropertyValueSpecification","valueRequired":true,"valueName":"search_term_string"}}],"inLanguage":"it-IT"}]}},"_links":{"self":[{"href":"https:\/\/itsall-ciotechnology.com\/index.php\/wp-json\/wp\/v2\/pages\/6013","targetHints":{"allow":["GET"]}}],"collection":[{"href":"https:\/\/itsall-ciotechnology.com\/index.php\/wp-json\/wp\/v2\/pages"}],"about":[{"href":"https:\/\/itsall-ciotechnology.com\/index.php\/wp-json\/wp\/v2\/types\/page"}],"author":[{"embeddable":true,"href":"https:\/\/itsall-ciotechnology.com\/index.php\/wp-json\/wp\/v2\/users\/2"}],"replies":[{"embeddable":true,"href":"https:\/\/itsall-ciotechnology.com\/index.php\/wp-json\/wp\/v2\/comments?post=6013"}],"version-history":[{"count":3,"href":"https:\/\/itsall-ciotechnology.com\/index.php\/wp-json\/wp\/v2\/pages\/6013\/revisions"}],"predecessor-version":[{"id":6016,"href":"https:\/\/itsall-ciotechnology.com\/index.php\/wp-json\/wp\/v2\/pages\/6013\/revisions\/6016"}],"wp:attachment":[{"href":"https:\/\/itsall-ciotechnology.com\/index.php\/wp-json\/wp\/v2\/media?parent=6013"}],"curies":[{"name":"wp","href":"https:\/\/api.w.org\/{rel}","templated":true}]}}