{"id":6519,"date":"2025-10-06T10:42:39","date_gmt":"2025-10-06T08:42:39","guid":{"rendered":"https:\/\/itsall-ciotechnology.com\/?page_id=6519"},"modified":"2025-10-06T10:44:42","modified_gmt":"2025-10-06T08:44:42","slug":"intervista-federico-carra-senior-director-sales-sm-enterprise-yubiq","status":"publish","type":"page","link":"https:\/\/itsall-ciotechnology.com\/index.php\/intervista-federico-carra-senior-director-sales-sm-enterprise-yubiq\/","title":{"rendered":"Intervista"},"content":{"rendered":"<p>[vc_row css=&#8221;.vc_custom_1692367563880{padding-top: 20px !important;}&#8221;][vc_column width=&#8221;5\/6&#8243;][vc_single_image image=&#8221;6432&#8243; img_size=&#8221;full&#8221; style=&#8221;vc_box_border_circle_2&#8243;][vc_column_text]<strong>Federico Carr\u00e0<\/strong> Senior Director Sales S&amp;M Enterprise <strong>YUBIQ<\/strong>[\/vc_column_text][\/vc_column][vc_column width=&#8221;1\/6&#8243;][vc_single_image image=&#8221;5379&#8243;][\/vc_column][\/vc_row][vc_row][vc_column][vc_column_text]<\/p>\n<h2><span style=\"color: #333333;\">Il concetto di \u201cubiquit\u00e0 digitale\u201d \u00e8 centrale nell&#8217;approccio di YUBIQ. Ma cosa significa davvero e cosa non lo rende solo un messaggio marketing?<\/span><\/h2>\n<p>Ubiquit\u00e0 digitale, per YUBIQ, non \u00e8 solo un posizionamento strategico: \u00e8 un principio architetturale. Non si tratta semplicemente di rendere l\u2019informazione disponibile, ma di costruire processi che sappiano <strong>contestualizzare<\/strong> ci\u00f2 che accade, <strong>adattarsi<\/strong> alle condizioni operative e <strong>tracciare<\/strong> ogni decisione in modo trasparente.<br \/>\nLa vera innovazione sta nel superare la logica reattiva: i processi non aspettano di essere guidati, ma si evolvono in base alle azioni degli stakeholder, alle informazioni che raccolgono e ad agent AI che li supportano nell\u2019analisi e nella scelta. Questo significa che ogni processo pu\u00f2 diventare un ambiente intelligente, capace di proporre percorsi, evidenziare criticit\u00e0 e suggerire soluzioni.<\/p>\n<p>In un contesto dove la compliance, la sostenibilit\u00e0 e la resilienza sono requisiti fondamentali, l\u2019ubiquit\u00e0 digitale diventa un abilitatore strategico. Non \u00e8 solo una questione di efficienza, ma di <strong>governance attiva<\/strong>: sapere non solo cosa \u00e8 successo, ma perch\u00e9, come e con quali alternative.<\/p>\n<p>YUBIQ \u00e8 una <strong>suite di soluzioni<\/strong>, ma come azienda non ci limitiamo a fornire tecnologia. Portiamo sul mercato un <strong>metodo<\/strong> e una <strong>competenza<\/strong> che aiutano le organizzazioni a ripensare i propri processi in chiave evolutiva.<\/p>\n<p>La nostra proposta non \u00e8 solo implementativa: \u00e8 accompagnamento. Supportiamo i clienti nel costruire percorsi di trasformazione digitale che siano sostenibili, tracciabili e capaci di adattarsi nel tempo.<\/p>\n<p>\u00c8 questo che rende il concetto di ubiquit\u00e0 digitale qualcosa di pi\u00f9 di un messaggio marketing: \u00e8 una visione operativa, supportata da strumenti e competenze, che si traduce in valore concreto.<\/p>\n<p>&nbsp;<\/p>\n<h2><span style=\"color: #333333;\">Ci pu\u00f2 quindi raccontare come questo approccio si possa poi tramutare, tramite esempi concreti, in un valore reale per i vostri clienti?<\/span><\/h2>\n<p>L\u2019approccio YUBIQ alla ubiquit\u00e0 digitale \u00e8 proprio pensato per tradursi in <strong>soluzioni operative che generano valore reale nei processi aziendali.<\/strong><\/p>\n<p>Un esempio emblematico \u00e8 la <strong>gestione del ciclo di vita dei contratti<\/strong>. In molte organizzazioni, questo processo \u00e8 ancora frammentato: la redazione, l\u2019approvazione, la firma, la pubblicazione e il rinnovo avvengono su strumenti diversi, con scarsa visibilit\u00e0 e controllo. Il risultato \u00e8 spesso una gestione reattiva, poco scalabile e vulnerabile a rischi operativi e normativi.<\/p>\n<p>YUBIQ affronta questo scenario con una piattaforma che <strong>integra tutte le fasi<\/strong> del processo: dalla composizione collaborativa del documento, all\u2019approvazione interna, fino alla firma digitale, coinvolgendo attivamente anche le <strong>controparti<\/strong> esterne nella verifica, validazione e sottoscrizione. Ogni passaggio \u00e8 tracciato, verificabile e parte di un flusso coerente che garantisce <strong>trasparenza<\/strong> e <strong>controllo<\/strong><\/p>\n<p>Ma il vero salto qualitativo arriva con l\u2019integrazione dell\u2019intelligenza artificiale. Nel contract management, l\u2019AI non si limita a semplificare: abilita una <strong>gestione dinamica del documento contrattuale<\/strong>, supportando la selezione e il controllo delle clausole pi\u00f9 rilevanti in base al contesto.<\/p>\n<p>Gli agenti AI analizzano i contenuti, confrontano versioni, validano le informazioni e generano abstract sintetici per facilitare la comprensione. A questo si aggiunge un <strong>approccio conversazionale<\/strong> alla valutazione del contratto, che consente agli utenti di interagire con il documento in modo naturale, ponendo domande e ricevendo risposte contestuali.<br \/>\nIl contratto, in questo scenario, non \u00e8 pi\u00f9 un documento statico da gestire, ma un <strong>elemento dinamico del processo<\/strong>: analizzato, validato, interrogabile e monitorato in tempo reale.<\/p>\n<p>Il risultato \u00e8 un sistema che semplifica, ma soprattutto aumenta la trasparenza, la tracciabilit\u00e0 e la <strong>fiducia tra le parti<\/strong>. \u00c8 un esempio concreto di come l\u2019ubiquit\u00e0 digitale, supportata da tecnologia e competenze, possa trasformare un processo tradizionale in un asset strategico.<\/p>\n<p>&nbsp;<\/p>\n<p>&nbsp;<\/p>\n<p>&nbsp;<\/p>\n<p>&nbsp;[\/vc_column_text][\/vc_column][\/vc_row]<\/p>\n","protected":false},"excerpt":{"rendered":"<p>[vc_row css=&#8221;.vc_custom_1692367563880{padding-top: 20px !important;}&#8221;][vc_column width=&#8221;5\/6&#8243;][vc_single_image image=&#8221;6432&#8243; img_size=&#8221;full&#8221; style=&#8221;vc_box_border_circle_2&#8243;][vc_column_text]Federico Carr\u00e0 Senior Director Sales S&amp;M Enterprise YUBIQ[\/vc_column_text][\/vc_column][vc_column width=&#8221;1\/6&#8243;][vc_single_image image=&#8221;5379&#8243;][\/vc_column][\/vc_row][vc_row][vc_column][vc_column_text] Il concetto di \u201cubiquit\u00e0 digitale\u201d \u00e8 centrale nell&#8217;approccio di YUBIQ. Ma cosa significa davvero e cosa non lo rende solo un messaggio marketing? Ubiquit\u00e0 digitale, per YUBIQ, non \u00e8 solo un posizionamento strategico: \u00e8 un principio architetturale. Non [&hellip;]<\/p>\n","protected":false},"author":2,"featured_media":0,"parent":0,"menu_order":0,"comment_status":"closed","ping_status":"closed","template":"","meta":{"footnotes":""},"class_list":["post-6519","page","type-page","status-publish","hentry"],"yoast_head":"<!-- This site is optimized with the Yoast SEO plugin v24.8.1 - https:\/\/yoast.com\/wordpress\/plugins\/seo\/ -->\n<title>Intervista - It&#039;s all CIO &amp; Technology<\/title>\n<meta name=\"robots\" content=\"index, follow, max-snippet:-1, max-image-preview:large, max-video-preview:-1\" \/>\n<link rel=\"canonical\" href=\"https:\/\/itsall-ciotechnology.com\/index.php\/intervista-federico-carra-senior-director-sales-sm-enterprise-yubiq\/\" \/>\n<meta property=\"og:locale\" content=\"it_IT\" \/>\n<meta property=\"og:type\" content=\"article\" \/>\n<meta property=\"og:title\" content=\"Intervista - It&#039;s all CIO &amp; Technology\" \/>\n<meta property=\"og:description\" content=\"[vc_row css=&#8221;.vc_custom_1692367563880{padding-top: 20px !important;}&#8221;][vc_column width=&#8221;5\/6&#8243;][vc_single_image image=&#8221;6432&#8243; img_size=&#8221;full&#8221; style=&#8221;vc_box_border_circle_2&#8243;][vc_column_text]Federico Carr\u00e0 Senior Director Sales S&amp;M Enterprise YUBIQ[\/vc_column_text][\/vc_column][vc_column width=&#8221;1\/6&#8243;][vc_single_image image=&#8221;5379&#8243;][\/vc_column][\/vc_row][vc_row][vc_column][vc_column_text] Il concetto di \u201cubiquit\u00e0 digitale\u201d \u00e8 centrale nell&#8217;approccio di YUBIQ. Ma cosa significa davvero e cosa non lo rende solo un messaggio marketing? Ubiquit\u00e0 digitale, per YUBIQ, non \u00e8 solo un posizionamento strategico: \u00e8 un principio architetturale. Non [&hellip;]\" \/>\n<meta property=\"og:url\" content=\"https:\/\/itsall-ciotechnology.com\/index.php\/intervista-federico-carra-senior-director-sales-sm-enterprise-yubiq\/\" \/>\n<meta property=\"og:site_name\" content=\"It&#039;s all CIO &amp; Technology\" \/>\n<meta property=\"article:modified_time\" content=\"2025-10-06T08:44:42+00:00\" \/>\n<meta name=\"twitter:card\" content=\"summary_large_image\" \/>\n<meta name=\"twitter:label1\" content=\"Tempo di lettura stimato\" \/>\n\t<meta name=\"twitter:data1\" content=\"4 minuti\" \/>\n<script type=\"application\/ld+json\" class=\"yoast-schema-graph\">{\"@context\":\"https:\/\/schema.org\",\"@graph\":[{\"@type\":\"WebPage\",\"@id\":\"https:\/\/itsall-ciotechnology.com\/index.php\/intervista-federico-carra-senior-director-sales-sm-enterprise-yubiq\/\",\"url\":\"https:\/\/itsall-ciotechnology.com\/index.php\/intervista-federico-carra-senior-director-sales-sm-enterprise-yubiq\/\",\"name\":\"Intervista - It&#039;s all CIO &amp; Technology\",\"isPartOf\":{\"@id\":\"https:\/\/itsall-ciotechnology.com\/#website\"},\"datePublished\":\"2025-10-06T08:42:39+00:00\",\"dateModified\":\"2025-10-06T08:44:42+00:00\",\"breadcrumb\":{\"@id\":\"https:\/\/itsall-ciotechnology.com\/index.php\/intervista-federico-carra-senior-director-sales-sm-enterprise-yubiq\/#breadcrumb\"},\"inLanguage\":\"it-IT\",\"potentialAction\":[{\"@type\":\"ReadAction\",\"target\":[\"https:\/\/itsall-ciotechnology.com\/index.php\/intervista-federico-carra-senior-director-sales-sm-enterprise-yubiq\/\"]}]},{\"@type\":\"BreadcrumbList\",\"@id\":\"https:\/\/itsall-ciotechnology.com\/index.php\/intervista-federico-carra-senior-director-sales-sm-enterprise-yubiq\/#breadcrumb\",\"itemListElement\":[{\"@type\":\"ListItem\",\"position\":1,\"name\":\"Home\",\"item\":\"https:\/\/itsall-ciotechnology.com\/\"},{\"@type\":\"ListItem\",\"position\":2,\"name\":\"Intervista\"}]},{\"@type\":\"WebSite\",\"@id\":\"https:\/\/itsall-ciotechnology.com\/#website\",\"url\":\"https:\/\/itsall-ciotechnology.com\/\",\"name\":\"It&#039;s all CIO &amp; Technology\",\"description\":\"I BIG dell IT a confronto\",\"potentialAction\":[{\"@type\":\"SearchAction\",\"target\":{\"@type\":\"EntryPoint\",\"urlTemplate\":\"https:\/\/itsall-ciotechnology.com\/?s={search_term_string}\"},\"query-input\":{\"@type\":\"PropertyValueSpecification\",\"valueRequired\":true,\"valueName\":\"search_term_string\"}}],\"inLanguage\":\"it-IT\"}]}<\/script>\n<!-- \/ Yoast SEO plugin. -->","yoast_head_json":{"title":"Intervista - It&#039;s all CIO &amp; Technology","robots":{"index":"index","follow":"follow","max-snippet":"max-snippet:-1","max-image-preview":"max-image-preview:large","max-video-preview":"max-video-preview:-1"},"canonical":"https:\/\/itsall-ciotechnology.com\/index.php\/intervista-federico-carra-senior-director-sales-sm-enterprise-yubiq\/","og_locale":"it_IT","og_type":"article","og_title":"Intervista - It&#039;s all CIO &amp; Technology","og_description":"[vc_row css=&#8221;.vc_custom_1692367563880{padding-top: 20px !important;}&#8221;][vc_column width=&#8221;5\/6&#8243;][vc_single_image image=&#8221;6432&#8243; img_size=&#8221;full&#8221; style=&#8221;vc_box_border_circle_2&#8243;][vc_column_text]Federico Carr\u00e0 Senior Director Sales S&amp;M Enterprise YUBIQ[\/vc_column_text][\/vc_column][vc_column width=&#8221;1\/6&#8243;][vc_single_image image=&#8221;5379&#8243;][\/vc_column][\/vc_row][vc_row][vc_column][vc_column_text] Il concetto di \u201cubiquit\u00e0 digitale\u201d \u00e8 centrale nell&#8217;approccio di YUBIQ. Ma cosa significa davvero e cosa non lo rende solo un messaggio marketing? Ubiquit\u00e0 digitale, per YUBIQ, non \u00e8 solo un posizionamento strategico: \u00e8 un principio architetturale. Non [&hellip;]","og_url":"https:\/\/itsall-ciotechnology.com\/index.php\/intervista-federico-carra-senior-director-sales-sm-enterprise-yubiq\/","og_site_name":"It&#039;s all CIO &amp; Technology","article_modified_time":"2025-10-06T08:44:42+00:00","twitter_card":"summary_large_image","twitter_misc":{"Tempo di lettura stimato":"4 minuti"},"schema":{"@context":"https:\/\/schema.org","@graph":[{"@type":"WebPage","@id":"https:\/\/itsall-ciotechnology.com\/index.php\/intervista-federico-carra-senior-director-sales-sm-enterprise-yubiq\/","url":"https:\/\/itsall-ciotechnology.com\/index.php\/intervista-federico-carra-senior-director-sales-sm-enterprise-yubiq\/","name":"Intervista - It&#039;s all CIO &amp; Technology","isPartOf":{"@id":"https:\/\/itsall-ciotechnology.com\/#website"},"datePublished":"2025-10-06T08:42:39+00:00","dateModified":"2025-10-06T08:44:42+00:00","breadcrumb":{"@id":"https:\/\/itsall-ciotechnology.com\/index.php\/intervista-federico-carra-senior-director-sales-sm-enterprise-yubiq\/#breadcrumb"},"inLanguage":"it-IT","potentialAction":[{"@type":"ReadAction","target":["https:\/\/itsall-ciotechnology.com\/index.php\/intervista-federico-carra-senior-director-sales-sm-enterprise-yubiq\/"]}]},{"@type":"BreadcrumbList","@id":"https:\/\/itsall-ciotechnology.com\/index.php\/intervista-federico-carra-senior-director-sales-sm-enterprise-yubiq\/#breadcrumb","itemListElement":[{"@type":"ListItem","position":1,"name":"Home","item":"https:\/\/itsall-ciotechnology.com\/"},{"@type":"ListItem","position":2,"name":"Intervista"}]},{"@type":"WebSite","@id":"https:\/\/itsall-ciotechnology.com\/#website","url":"https:\/\/itsall-ciotechnology.com\/","name":"It&#039;s all CIO &amp; Technology","description":"I BIG dell IT a confronto","potentialAction":[{"@type":"SearchAction","target":{"@type":"EntryPoint","urlTemplate":"https:\/\/itsall-ciotechnology.com\/?s={search_term_string}"},"query-input":{"@type":"PropertyValueSpecification","valueRequired":true,"valueName":"search_term_string"}}],"inLanguage":"it-IT"}]}},"_links":{"self":[{"href":"https:\/\/itsall-ciotechnology.com\/index.php\/wp-json\/wp\/v2\/pages\/6519","targetHints":{"allow":["GET"]}}],"collection":[{"href":"https:\/\/itsall-ciotechnology.com\/index.php\/wp-json\/wp\/v2\/pages"}],"about":[{"href":"https:\/\/itsall-ciotechnology.com\/index.php\/wp-json\/wp\/v2\/types\/page"}],"author":[{"embeddable":true,"href":"https:\/\/itsall-ciotechnology.com\/index.php\/wp-json\/wp\/v2\/users\/2"}],"replies":[{"embeddable":true,"href":"https:\/\/itsall-ciotechnology.com\/index.php\/wp-json\/wp\/v2\/comments?post=6519"}],"version-history":[{"count":3,"href":"https:\/\/itsall-ciotechnology.com\/index.php\/wp-json\/wp\/v2\/pages\/6519\/revisions"}],"predecessor-version":[{"id":6522,"href":"https:\/\/itsall-ciotechnology.com\/index.php\/wp-json\/wp\/v2\/pages\/6519\/revisions\/6522"}],"wp:attachment":[{"href":"https:\/\/itsall-ciotechnology.com\/index.php\/wp-json\/wp\/v2\/media?parent=6519"}],"curies":[{"name":"wp","href":"https:\/\/api.w.org\/{rel}","templated":true}]}}